{"id":208,"date":"2024-11-25T18:27:20","date_gmt":"2024-11-25T18:27:20","guid":{"rendered":"https:\/\/vaccinationsradet.se\/vaccinakademin\/?page_id=208"},"modified":"2026-05-14T06:06:16","modified_gmt":"2026-05-14T06:06:16","slug":"utbildning","status":"publish","type":"page","link":"https:\/\/vaccinationsradet.se\/vaccinakademin\/","title":{"rendered":"Vaccinakademin"},"content":{"rendered":"\n<p class=\"has-text-color has-link-color wp-elements-8bac7822c2bef1d19bb0e834b4a76c77\" style=\"color:#2b7c08;font-size:26px\"><em>Fortbildningsprogram f\u00f6r vaccinat\u00f6rer inom infektion, <em>prim\u00e4rv\u00e5rd, f\u00f6retagsh\u00e4lsov\u00e5rd, barnmedicin <\/em>och p\u00e5 vaccinationsmottagningar<\/em><\/p>\n\n\n\n<p class=\"has-background\" style=\"background-color:#2b7d0733\">F\u00f6r att betona den fulla bredden av v\u00e5r verksamhet har\u00a0<strong>Reser\u00e5det<\/strong>\u00a0bytt namn till\u00a0<strong>Vaccinationsr\u00e5det<\/strong>, och flyttat v\u00e5r tidigare sajt till\u00a0<strong>vaccinationsradet.se<\/strong>. Du som prenumerant loggar in som vanligt med din tidigare registrerade epostadress och l\u00f6senord.<\/p>\n\n\n\n<figure class=\"wp-block-image size-full\"><img loading=\"lazy\" decoding=\"async\" width=\"1014\" height=\"546\" src=\"https:\/\/vaccinationsradet.se\/vaccinakademin\/wp-content\/uploads\/2025\/08\/oversiktskurs-banner-2.jpg\" alt=\"\" class=\"wp-image-506\" srcset=\"https:\/\/vaccinationsradet.se\/vaccinakademin\/wp-content\/uploads\/2025\/08\/oversiktskurs-banner-2.jpg 1014w, https:\/\/vaccinationsradet.se\/vaccinakademin\/wp-content\/uploads\/2025\/08\/oversiktskurs-banner-2-300x162.jpg 300w, https:\/\/vaccinationsradet.se\/vaccinakademin\/wp-content\/uploads\/2025\/08\/oversiktskurs-banner-2-768x414.jpg 768w\" sizes=\"auto, (max-width: 709px) 85vw, (max-width: 909px) 67vw, (max-width: 1362px) 62vw, 840px\" \/><\/figure>\n\n\n\n<h2 class=\"wp-block-heading has-text-color has-link-color wp-elements-6ce87e593baa17482b415ace5725f505\" style=\"color:#2b7c08\">Fortbildning i vaccinationer och resemedicin<\/h2>\n\n\n\n<p style=\"font-size:18px\"><strong>Vaccinakademin\u00ae <\/strong>\u00e4r en del av <a href=\"https:\/\/www.vaccinationsradet.se\" target=\"_blank\" rel=\"noreferrer noopener\">Vaccinationsr\u00e5det\u00ae (f.d. Reser\u00e5det)<\/a>. Vi erbjuder strukturerad fort- och vidareutbildning f\u00f6r l\u00e4kare, sjuksk\u00f6terskor och andra som arbetar professionellt med vaccinationer och resemedicin. Utbildningarna omfattar hela kunskapsomr\u00e5det \u2013 fr\u00e5n grundl\u00e4ggande vaccinologi och praktisk vaccinationsverksamhet till f\u00f6rdjupning inom infektionssjukdomar, vaccinationsstrategier och resemedicin.<\/p>\n\n\n\n<p style=\"font-size:18px\">Kurserna \u00e4r utvecklade f\u00f6r klinisk praxis och syftar till att ge vaccinat\u00f6rer en stabil teoretisk grund kombinerad med praktiskt till\u00e4mpbar kunskap i det dagliga arbetet p\u00e5 vaccinationsmottagningar och inom reser\u00e5dgivning.<\/p>\n\n\n\n<p style=\"font-size:18px\">Kurserna anv\u00e4nds av vaccinat\u00f6rer p\u00e5 vaccinationsmottagningar, apotek och inom prim\u00e4rv\u00e5rd runt om i Sverige.<\/p>\n\n\n\n<p style=\"font-size:18px\"><strong>Alla utbildningar i Vaccinakademin \u00e4r helt oberoende av l\u00e4kemedelsindustrin och inneh\u00e5ller ingen sponsring eller kommersiell p\u00e5verkan.<\/strong><\/p>\n\n\n\n<div class=\"wp-block-buttons is-content-justification-center is-layout-flex wp-container-core-buttons-is-layout-16018d1d wp-block-buttons-is-layout-flex\">\n<div class=\"wp-block-button\"><a class=\"wp-block-button__link has-background has-small-font-size has-text-align-center has-custom-font-size wp-element-button\" href=\"https:\/\/vaccinationsradet.se\/vaccinakademin\/utbildning\/reseradet-academy-e-utbildningar\/\" style=\"background-color:#2b7c08\">Se alla v\u00e5ra e-utbildningar<\/a><\/div>\n<\/div>\n\n\n\n<h2 class=\"wp-block-heading has-text-color has-link-color wp-elements-a5cd0ea4faca7ba9ed12d7832f2f5f55\" style=\"color:#2b7c08\">Utbildningsstruktur<\/h2>\n\n\n\n<p style=\"font-size:18px\">Vaccinakademins utbildningar \u00e4r organiserade som ett sammanh\u00e4ngande fortbildningsprogram inom vaccinationer och resemedicin. Programmet omfattar:<\/p>\n\n\n\n<ul class=\"wp-block-list\">\n<li style=\"font-size:18px\">Komplett program p\u00e5 tre niv\u00e5er:&nbsp;Grund (steg 1) \u2013 Forts\u00e4ttning (steg 2) \u2013 F\u00f6rdjupning (steg 3)<\/li>\n\n\n\n<li style=\"font-size:18px\">\u00c5rliga p\u00e5-plats-kurser<\/li>\n\n\n\n<li style=\"font-size:18px\">Webbaserade e-utbildningar som kan genomf\u00f6ras i egen takt<\/li>\n\n\n\n<li style=\"font-size:18px\">Fallbaserad undervisning med kliniska situationer<\/li>\n\n\n\n<li style=\"font-size:18px\">Kursintyg efter godk\u00e4nd kurs<\/li>\n<\/ul>\n\n\n\n<p style=\"font-size:18px\">Kurserna kan l\u00e4sas frist\u00e5ende men \u00e4r ocks\u00e5 utformade s\u00e5 att de tillsammans bildar en progressiv utbildningsserie.<\/p>\n\n\n\n<h2 class=\"wp-block-heading has-text-color has-link-color wp-elements-8639ec3cd0ca1004310f8da81a1e7fd9\" style=\"color:#2b7c08\"><a href=\"https:\/\/vaccinationsradet.se\/vaccinakademin\/utbildning\/oversiktskurs-i-vaccinationer-och-resemedicin\/\">Utbildning p\u00e5 plats<\/a><\/h2>\n\n\n\n<h3 class=\"wp-block-heading has-text-align-left has-text-color has-link-color wp-elements-4c9846aab15af5ea846d735b3d941992\" style=\"color:#2b7c08\">\u00d6versiktskurs i vaccinationer och resemedicin, <br>Stockholm 12-13 maj<\/h3>\n\n\n\n<div class=\"wp-block-columns is-layout-flex wp-container-core-columns-is-layout-9d6595d7 wp-block-columns-is-layout-flex\">\n<div class=\"wp-block-column is-layout-flow wp-block-column-is-layout-flow\">\n<figure class=\"wp-block-image size-large\"><img loading=\"lazy\" decoding=\"async\" width=\"1024\" height=\"975\" src=\"https:\/\/vaccinationsradet.se\/vaccinakademin\/wp-content\/uploads\/2025\/05\/image-2-1024x975.png\" alt=\"\" class=\"wp-image-405\" srcset=\"https:\/\/vaccinationsradet.se\/vaccinakademin\/wp-content\/uploads\/2025\/05\/image-2-1024x975.png 1024w, https:\/\/vaccinationsradet.se\/vaccinakademin\/wp-content\/uploads\/2025\/05\/image-2-300x286.png 300w, https:\/\/vaccinationsradet.se\/vaccinakademin\/wp-content\/uploads\/2025\/05\/image-2-768x731.png 768w, https:\/\/vaccinationsradet.se\/vaccinakademin\/wp-content\/uploads\/2025\/05\/image-2-1200x1142.png 1200w, https:\/\/vaccinationsradet.se\/vaccinakademin\/wp-content\/uploads\/2025\/05\/image-2.png 1204w\" sizes=\"auto, (max-width: 709px) 85vw, (max-width: 909px) 67vw, (max-width: 1362px) 62vw, 840px\" \/><\/figure>\n<\/div>\n\n\n\n<div class=\"wp-block-column is-layout-flow wp-block-column-is-layout-flow\">\n<p style=\"font-size:18px\">\u00c5rets f\u00f6rsta tv\u00e5dagarskurs p\u00e5 plats kommer att h\u00e5llas p\u00e5 Nalen i Stockholm 12-13 maj. Kursen ger en sammanh\u00e5llen genomg\u00e5ng av vaccinationer och resemedicin f\u00f6r l\u00e4kare och sjuksk\u00f6terskor i klinisk vaccinationsverksamhet.<\/p>\n\n\n\n<div class=\"wp-block-buttons is-content-justification-center is-layout-flex wp-container-core-buttons-is-layout-16018d1d wp-block-buttons-is-layout-flex\">\n<div class=\"wp-block-button\"><a class=\"wp-block-button__link has-background has-small-font-size has-custom-font-size wp-element-button\" href=\"https:\/\/vaccinationsradet.se\/vaccinakademin\/utbildning\/oversiktskurs-i-vaccinationer-och-resemedicin\/\" style=\"background-color:#2b7c08\">Kursinformation och anm\u00e4lan<\/a><\/div>\n<\/div>\n<\/div>\n<\/div>\n\n\n\n<h2 class=\"wp-block-heading has-text-color has-link-color wp-elements-18e8273af54072359d3cdf811d3caf98\" style=\"color:#2b7c08\"><a href=\"https:\/\/vaccinationsradet.se\/vaccinakademin\/utbildning\/reseradet-academy-e-utbildningar\/\">Fallbaserade e-utbildningar<\/a><\/h2>\n\n\n\n<p style=\"font-size:18px\"><a href=\"https:\/\/vaccinationsradet.se\/vaccinakademin\/utbildning\/reseradet-academy-e-utbildningar\/\">Vaccinakademins e-utbildningar <\/a>\u00e4r uppbyggda kring ett stort antal kliniska fall och praktiska situationer p\u00e5 en vaccinationsmottagning. Kurserna genomf\u00f6rs helt webbaserat via dator eller mobil och studeras i egen takt under kursperioden.<\/p>\n\n\n\n<p style=\"font-size:18px\">E-utbildningarna f\u00f6ljer en trestegsmodell:<\/p>\n\n\n\n<h3 class=\"wp-block-heading has-text-color has-link-color wp-elements-65f6ff0a1914a0de311a1330206da812\" style=\"color:#2b7c08\"><a href=\"https:\/\/vaccinationsradet.se\/vaccinakademin\/utbildning\/reseradet-academy-e-utbildningar\/#grund\">Steg 1 \u2013 Grund<\/a><\/h3>\n\n\n\n<p style=\"font-size:20px\"><strong>Introduktion till vaccinationer och praktisk vaccinationsverksamhet<\/strong><\/p>\n\n\n\n<p style=\"font-size:18px\">Kurser p\u00e5 denna niv\u00e5 ger en grundl\u00e4ggande kunskapsbas om vaccinationer, vaccinationsrutiner och r\u00e5dgivning i vanliga kliniska situationer.<\/p>\n\n\n\n<h3 class=\"wp-block-heading has-text-color has-link-color wp-elements-00fd6c5f2824697cdaaf6e18526413a8\" style=\"color:#2b7c08\"><a href=\"https:\/\/vaccinationsradet.se\/vaccinakademin\/utbildning\/reseradet-academy-e-utbildningar\/#fortsattning\">Steg 2 \u2013 Forts\u00e4ttning<\/a><\/h3>\n\n\n\n<p style=\"font-size:20px\"><strong>Kurser f\u00f6r sjuksk\u00f6terskor och l\u00e4kare som arbetar regelbundet med vaccinationer<\/strong><\/p>\n\n\n\n<p style=\"font-size:18px\">Utbildningarna ger den kompetens som kr\u00e4vs f\u00f6r att sj\u00e4lvst\u00e4ndigt kunna hantera de flesta fr\u00e5gest\u00e4llningar i den dagliga verksamheten p\u00e5 en vaccinationsmottagning.<\/p>\n\n\n\n<h3 class=\"wp-block-heading has-text-color has-link-color wp-elements-70d6c4913b3d10bfa6e69d0187eddddc\" style=\"color:#2b7c08\"><a href=\"https:\/\/vaccinationsradet.se\/vaccinakademin\/utbildning\/reseradet-academy-e-utbildningar\/#fordjupning\">Steg 3 \u2013 F\u00f6rdjupning<\/a><\/h3>\n\n\n\n<p class=\"has-medium-font-size\"><strong>Avancerade kurser inom vaccinologi, infektionssjukdomar och resemedicin<\/strong><\/p>\n\n\n\n<p style=\"font-size:18px\">Kurserna riktar sig till l\u00e4kare och sjuksk\u00f6terskor med sj\u00e4lvst\u00e4ndigt ansvar f\u00f6r vaccinationer och som beh\u00f6ver f\u00f6rdjupad kunskap inom specifika omr\u00e5den.<\/p>\n\n\n\n<h3 class=\"wp-block-heading has-text-color has-link-color wp-elements-32605343d89237c36e7b8eea86aac12f\" style=\"color:#2b7c08\"><a href=\"https:\/\/vaccinationsradet.se\/vaccinakademin\/utbildning\/reseradet-academy-e-utbildningar\/#diplom\">Diplomkurs<\/a><\/h3>\n\n\n\n<p style=\"font-size:18px\">Den mest omfattande enskilda kursen i Vaccinakademin. Kursen ger f\u00f6rdjupad kunskap om vaccinationer inom det svenska riskgrupps- och barnvaccinationsprogrammet som bas f\u00f6r sj\u00e4lvst\u00e4ndigt vaccinationsansvar i prim\u00e4rv\u00e5rden.<\/p>\n\n\n\n<h2 class=\"wp-block-heading has-text-color has-link-color wp-elements-54acc621cd3b0b2290ff07fcccd6d47c\" style=\"color:#2b7c08\">Kursformat<\/h2>\n\n\n\n<p style=\"font-size:18px\">Samtliga e-utbildningar \u00e4r fallbaserade och genomf\u00f6rs via en modern kursplattform d\u00e4r deltagaren kan studera i egen takt.<\/p>\n\n\n\n<p style=\"font-size:18px\">Kurserna inneh\u00e5ller faktatexter, illustrationer, kliniska fall och kunskapskontroller. Presentationer och annat f\u00f6rdjupningsmaterial kan laddas ner f\u00f6r fortsatt anv\u00e4ndning efter kursens slut.<\/p>\n\n\n\n<p style=\"font-size:18px\">Efter godk\u00e4nd kurs erh\u00e5lls ett kursintyg\/diplom fr\u00e5n&nbsp;<strong>Vaccinakademin<\/strong>.<\/p>\n\n\n\n<div class=\"wp-block-buttons is-content-justification-center is-layout-flex wp-container-core-buttons-is-layout-16018d1d wp-block-buttons-is-layout-flex\">\n<div class=\"wp-block-button\"><a class=\"wp-block-button__link has-background has-small-font-size has-text-align-center has-custom-font-size wp-element-button\" href=\"https:\/\/vaccinationsradet.se\/vaccinakademin\/utbildning\/reseradet-academy-e-utbildningar\/\" style=\"background-color:#2b7c08\">Se alla v\u00e5ra e-utbildningar<\/a><\/div>\n<\/div>\n\n\n\n<p><\/p>\n","protected":false},"excerpt":{"rendered":"<p>Fortbildningsprogram f\u00f6r vaccinat\u00f6rer inom infektion, prim\u00e4rv\u00e5rd, f\u00f6retagsh\u00e4lsov\u00e5rd, barnmedicin och p\u00e5 vaccinationsmottagningar F\u00f6r att betona den fulla bredden av v\u00e5r verksamhet har\u00a0Reser\u00e5det\u00a0bytt namn till\u00a0Vaccinationsr\u00e5det, och flyttat v\u00e5r tidigare sajt till\u00a0vaccinationsradet.se. Du som prenumerant loggar in som vanligt med din tidigare registrerade epostadress och l\u00f6senord. Fortbildning i vaccinationer och resemedicin Vaccinakademin\u00ae \u00e4r en del av Vaccinationsr\u00e5det\u00ae (f.d. &hellip; <a href=\"https:\/\/vaccinationsradet.se\/vaccinakademin\/\" class=\"more-link\">Forts\u00e4tt l\u00e4sa<span class=\"screen-reader-text\"> \u201dVaccinakademin\u201d<\/span><\/a><\/p>\n","protected":false},"author":1,"featured_media":0,"parent":0,"menu_order":0,"comment_status":"closed","ping_status":"closed","template":"","meta":{"_lmt_disableupdate":"","_lmt_disable":"","footnotes":""},"class_list":["post-208","page","type-page","status-publish","hentry"],"_links":{"self":[{"href":"https:\/\/vaccinationsradet.se\/vaccinakademin\/wp-json\/wp\/v2\/pages\/208","targetHints":{"allow":["GET"]}}],"collection":[{"href":"https:\/\/vaccinationsradet.se\/vaccinakademin\/wp-json\/wp\/v2\/pages"}],"about":[{"href":"https:\/\/vaccinationsradet.se\/vaccinakademin\/wp-json\/wp\/v2\/types\/page"}],"author":[{"embeddable":true,"href":"https:\/\/vaccinationsradet.se\/vaccinakademin\/wp-json\/wp\/v2\/users\/1"}],"replies":[{"embeddable":true,"href":"https:\/\/vaccinationsradet.se\/vaccinakademin\/wp-json\/wp\/v2\/comments?post=208"}],"version-history":[{"count":119,"href":"https:\/\/vaccinationsradet.se\/vaccinakademin\/wp-json\/wp\/v2\/pages\/208\/revisions"}],"predecessor-version":[{"id":1400,"href":"https:\/\/vaccinationsradet.se\/vaccinakademin\/wp-json\/wp\/v2\/pages\/208\/revisions\/1400"}],"wp:attachment":[{"href":"https:\/\/vaccinationsradet.se\/vaccinakademin\/wp-json\/wp\/v2\/media?parent=208"}],"curies":[{"name":"wp","href":"https:\/\/api.w.org\/{rel}","templated":true}]}}