{"id":240,"date":"2025-01-22T14:58:18","date_gmt":"2025-01-22T14:58:18","guid":{"rendered":"https:\/\/vaccinationsradet.se\/vaccinakademin\/?page_id=240"},"modified":"2026-04-21T09:49:07","modified_gmt":"2026-04-21T09:49:07","slug":"oversiktskurs-i-vaccinationer-och-resemedicin","status":"publish","type":"page","link":"https:\/\/vaccinationsradet.se\/vaccinakademin\/utbildning\/oversiktskurs-i-vaccinationer-och-resemedicin\/","title":{"rendered":"\u00d6versiktskurs i vaccinationer och resemedicin, Nalen, Stockholm 12-13 maj"},"content":{"rendered":"\n<figure class=\"wp-block-image size-full\"><img loading=\"lazy\" decoding=\"async\" width=\"1024\" height=\"538\" src=\"https:\/\/vaccinationsradet.se\/vaccinakademin\/wp-content\/uploads\/2025\/06\/CPE.jpg\" alt=\"\" class=\"wp-image-437\" srcset=\"https:\/\/vaccinationsradet.se\/vaccinakademin\/wp-content\/uploads\/2025\/06\/CPE.jpg 1024w, https:\/\/vaccinationsradet.se\/vaccinakademin\/wp-content\/uploads\/2025\/06\/CPE-300x158.jpg 300w, https:\/\/vaccinationsradet.se\/vaccinakademin\/wp-content\/uploads\/2025\/06\/CPE-768x404.jpg 768w\" sizes=\"auto, (max-width: 709px) 85vw, (max-width: 909px) 67vw, (max-width: 1362px) 62vw, 840px\" \/><\/figure>\n\n\n\n<h2 class=\"wp-block-heading has-text-color has-link-color wp-elements-34fba5511e463410e081d5ef9fc3804e\" style=\"color:#2b7c08\">Kursen i korthet<\/h2>\n\n\n\n<p style=\"font-size:18px\">V\u00e5rens tv\u00e5dagars \u00f6versiktskurs ger en sammanh\u00e5llen genomg\u00e5ng av vaccinationer och resemedicin f\u00f6r kliniskt verksamma vaccinat\u00f6rer. Kursen omfattar hela kunskapsomr\u00e5det \u2013 fr\u00e5n vaccinologi och praktisk vaccinationsverksamhet till resevacciner, riskbed\u00f6mning och aktuella infektionsrisker globalt.<\/p>\n\n\n\n<p style=\"font-size:18px\">Kursen riktar sig till l\u00e4kare och sjuksk\u00f6terskor som arbetar med vaccinationsr\u00e5dgivning, resemedicin eller vaccinationsmottagning och passar b\u00e5de erfarna vaccinat\u00f6rer som vill uppdatera sina kunskaper och relativt nya inom omr\u00e5det. En viktig del av kursen \u00e4r falldiskussioner och utbyte av erfarenheter i sm\u00e5grupper.<\/p>\n\n\n\n<p style=\"font-size:18px\">Kursen bygger p\u00e5 v\u00e5ra tidigare uppskattade utbildningar i Stockholm och G\u00f6teborg och har uppdaterats utifr\u00e5n deltagarnas erfarenheter och kursv\u00e4rderingar. <\/p>\n\n\n\n<p style=\"font-size:18px\"><strong>Datum:<\/strong>&nbsp;12 maj 9:00 \u201313 maj 16:30<br><strong>Plats:<\/strong>&nbsp;<a href=\"https:\/\/nalen.com\/sv\/moten-fest\" target=\"_blank\" rel=\"noreferrer noopener\">Nalen<\/a>, Regeringsgatan 74, Stockholm<\/p>\n\n\n\n<p><a href=\"https:\/\/vaccinationsradet.se\/vaccinakademin\/utbildning\/deltagarsida-kurs-maj-12-13-maj-2026\/\">L\u00f6senordsskyddad kurssida<\/a> f\u00f6r kursdeltagarna<\/p>\n\n\n\n<h2 class=\"wp-block-heading has-text-color has-link-color wp-elements-1249b807a722bb984d788c549206b250\" style=\"color:#2b7c08\">Kursinneh\u00e5ll<\/h2>\n\n\n\n<p style=\"font-size:18px\">Kursen behandlar centrala omr\u00e5den inom vaccinationer och resemedicin, bland annat:<\/p>\n\n\n\n<ul class=\"wp-block-list\">\n<li style=\"font-size:18px\">vaccinologi och immunologiska principer<\/li>\n\n\n\n<li style=\"font-size:18px\">praktisk vaccinationsverksamhet<\/li>\n\n\n\n<li style=\"font-size:18px\">inhemska vaccinationer f\u00f6r barn och vuxna<\/li>\n\n\n\n<li style=\"font-size:18px\">resevacciner<\/li>\n\n\n\n<li style=\"font-size:18px\">riskbed\u00f6mning inf\u00f6r resa<\/li>\n\n\n\n<li style=\"font-size:18px\">malaria och andra vektorburna infektioner<\/li>\n\n\n\n<li style=\"font-size:18px\">myggskydd och andra preventiva \u00e5tg\u00e4rder<\/li>\n\n\n\n<li style=\"font-size:18px\">sjukdomar och vaccinationsr\u00e5d per v\u00e4rldsdel<\/li>\n\n\n\n<li style=\"font-size:18px\">typresen\u00e4rer och individanpassad r\u00e5dgivning<\/li>\n<\/ul>\n\n\n\n<p style=\"font-size:18px\">Exakt schema och detaljerat program meddelas i god tid f\u00f6re kursstart.<\/p>\n\n\n\n<h2 class=\"wp-block-heading has-text-color has-link-color wp-elements-6dce481aff90e7732054ff5f147ffd86\" style=\"color:#2b7c08\"><strong>M\u00e5lgrupp<\/strong><\/h2>\n\n\n\n<p style=\"font-size:18px\">Kursen \u00e4r fr\u00e4mst avsedd f\u00f6r sjuksk\u00f6terskor och l\u00e4kare med aktiv vaccinationsverksamhet, men \u00e4r \u00e4ven \u00f6ppen f\u00f6r andra med intresse f\u00f6r vaccinationer och resemedicin.<\/p>\n\n\n\n<p style=\"font-size:18px\">Den passar b\u00e5de f\u00f6r nya vaccinat\u00f6rer och f\u00f6r mer erfarna som vill uppdatera sina kunskaper om aktuella vaccinationsfr\u00e5gor och den globala epidemiologiska situationen.<\/p>\n\n\n\n<h2 class=\"wp-block-heading has-text-color has-link-color wp-elements-ba59c33c7d809120ae8ca5d76ccaefee\" style=\"color:#2b7c08\"><strong>Utbildningsformat<\/strong><\/h2>\n\n\n\n<p style=\"font-size:18px\">Interaktiva f\u00f6rel\u00e4sningar med tid f\u00f6r fr\u00e5gor, gruppdiskussioner och delande av erfarenheter.<\/p>\n\n\n\n<h2 class=\"wp-block-heading has-text-color has-link-color wp-elements-8a1938e4f11ab796bf6b0e388cfa92c2\" style=\"color:#2b7c08\"><strong>Kursledning<\/strong><\/h2>\n\n\n\n<p style=\"font-size:18px\"><strong>Karl Ekdahl<\/strong><br>Professor i infektionsepidemiologi och medicinskt ansvarig f\u00f6r Reser\u00e5det.<\/p>\n\n\n\n<p style=\"font-size:18px\"><strong>Harald Zetterquist<\/strong><br>L\u00e4kare och medicinskt ansvarig f\u00f6r Min Doktor.<\/p>\n\n\n\n<p style=\"font-size:18px\">Till <a href=\"https:\/\/vaccinationsradet.se\/vaccinakademin\/utbildning\/\">Reser\u00e5det Vaccinakademi<\/a><\/p>\n\n\n\n<h2 class=\"wp-block-heading has-text-color has-link-color wp-elements-651516083de880aa768e3dd9a5cd838a\" style=\"color:#2b7c08\"><strong>Avgift och anm\u00e4lan<\/strong><\/h2>\n\n\n\n<p style=\"font-size:18px\">Kostnad 5 800 kr + moms (dagdeltagande med lunch och fika).<\/p>\n\n\n\n<p style=\"font-size:18px\">Kursen \u00e4r nu fulltecknad, men du kan anm\u00e4la dig till n\u00e5gon av v\u00e5ra <a href=\"https:\/\/vaccinationsradet.se\/vaccinakademin\/utbildning\/reseradet-academy-e-utbildningar\/\">e-kurser<\/a> eller skriva upp dig p\u00e5 v\u00e5r intresselista (nedan) f\u00f6r kommande p\u00e5-plats-kurser via formul\u00e4ret nedan.<\/p>\n\n\n<style id=\"wpforms-css-vars-200-block-0105b760-db3c-4283-a535-d94516bd9e17\">\n\t\t\t\t#wpforms-200.wpforms-block-0105b760-db3c-4283-a535-d94516bd9e17 {\n\t\t\t\t--wpforms-field-size-input-height: 43px;\n--wpforms-field-size-input-spacing: 15px;\n--wpforms-field-size-font-size: 16px;\n--wpforms-field-size-line-height: 19px;\n--wpforms-field-size-padding-h: 14px;\n--wpforms-field-size-checkbox-size: 16px;\n--wpforms-field-size-sublabel-spacing: 5px;\n--wpforms-field-size-icon-size: 1;\n--wpforms-label-size-font-size: 16px;\n--wpforms-label-size-line-height: 19px;\n--wpforms-label-size-sublabel-font-size: 14px;\n--wpforms-label-size-sublabel-line-height: 17px;\n--wpforms-button-size-font-size: 17px;\n--wpforms-button-size-height: 41px;\n--wpforms-button-size-padding-h: 15px;\n--wpforms-button-size-margin-top: 10px;\n\t\t\t}\n\t\t\t<\/style><div class=\"wpforms-container wpforms-container-full wpforms-block wpforms-block-0105b760-db3c-4283-a535-d94516bd9e17 wpforms-render-modern\" id=\"wpforms-200\"><form id=\"wpforms-form-200\" class=\"wpforms-validate wpforms-form wpforms-ajax-form\" data-formid=\"200\" method=\"post\" enctype=\"multipart\/form-data\" action=\"\/vaccinakademin\/wp-json\/wp\/v2\/pages\/240\" data-token=\"823a1bbe33755db195f09c5d317704f4\" data-token-time=\"1778750184\"><noscript class=\"wpforms-error-noscript\">Aktivera JavaScript i din webbl\u00e4sare f\u00f6r att fylla i formul\u00e4ret.<\/noscript><div id=\"wpforms-error-noscript\" style=\"display: none;\">Aktivera JavaScript i din webbl\u00e4sare f\u00f6r att fylla i formul\u00e4ret.<\/div><div class=\"wpforms-field-container\"><div id=\"wpforms-200-field_1-container\" class=\"wpforms-field wpforms-field-name\" data-field-id=\"1\"><fieldset><legend class=\"wpforms-field-label\">Namn <span class=\"wpforms-required-label\" aria-hidden=\"true\">*<\/span><\/legend><div class=\"wpforms-field-row wpforms-field-medium\"><div class=\"wpforms-field-row-block wpforms-first wpforms-one-half\"><input type=\"text\" id=\"wpforms-200-field_1\" class=\"wpforms-field-name-first wpforms-field-required\" name=\"wpforms[fields][1][first]\" aria-errormessage=\"wpforms-200-field_1-error\" required><label for=\"wpforms-200-field_1\" class=\"wpforms-field-sublabel after\">F\u00f6rst<\/label><\/div><div class=\"wpforms-field-row-block wpforms-one-half\"><input type=\"text\" id=\"wpforms-200-field_1-last\" class=\"wpforms-field-name-last wpforms-field-required\" name=\"wpforms[fields][1][last]\" aria-errormessage=\"wpforms-200-field_1-last-error\" required><label for=\"wpforms-200-field_1-last\" class=\"wpforms-field-sublabel after\">Sist<\/label><\/div><\/div><\/fieldset><\/div><div id=\"wpforms-200-field_2-container\" class=\"wpforms-field wpforms-field-email\" data-field-id=\"2\"><label class=\"wpforms-field-label\" for=\"wpforms-200-field_2\">E-post <span class=\"wpforms-required-label\" aria-hidden=\"true\">*<\/span><\/label><input type=\"email\" id=\"wpforms-200-field_2\" class=\"wpforms-field-medium wpforms-field-required\" name=\"wpforms[fields][2]\" spellcheck=\"false\" aria-errormessage=\"wpforms-200-field_2-error\" required><\/div><div id=\"wpforms-200-field_12-container\" class=\"wpforms-field wpforms-field-text\" data-field-id=\"12\"><label class=\"wpforms-field-label\" for=\"wpforms-200-field_12\">Telefon <span class=\"wpforms-required-label\" aria-hidden=\"true\">*<\/span><\/label><input type=\"text\" id=\"wpforms-200-field_12\" class=\"wpforms-field-medium wpforms-field-required\" name=\"wpforms[fields][12]\" aria-errormessage=\"wpforms-200-field_12-error\" required><\/div>\t\t<div id=\"wpforms-200-field_4-container\"\n\t\t\tclass=\"wpforms-field wpforms-field-text\"\n\t\t\tdata-field-type=\"text\"\n\t\t\tdata-field-id=\"4\"\n\t\t\t>\n\t\t\t<label class=\"wpforms-field-label\" for=\"wpforms-200-field_4\" >\u00d6nskat eller \/<\/label>\n\t\t\t<input type=\"text\" id=\"wpforms-200-field_4\" class=\"wpforms-field-medium\" name=\"wpforms[fields][4]\" >\n\t\t<\/div>\n\t\t<div id=\"wpforms-200-field_8-container\" class=\"wpforms-field wpforms-field-text\" data-field-id=\"8\"><label class=\"wpforms-field-label\" for=\"wpforms-200-field_8\">F\u00f6retag \/ organisation (&quot;Ingen&quot; om privatperson) <span class=\"wpforms-required-label\" aria-hidden=\"true\">*<\/span><\/label><input type=\"text\" id=\"wpforms-200-field_8\" class=\"wpforms-field-medium wpforms-field-required\" name=\"wpforms[fields][8]\" aria-errormessage=\"wpforms-200-field_8-error\" required><\/div><div id=\"wpforms-200-field_7-container\" class=\"wpforms-field wpforms-field-checkbox\" data-field-id=\"7\"><fieldset><legend class=\"wpforms-field-label\">\u00d6nskat utbildningsformat (ett eller flera alternativ)<\/legend><ul id=\"wpforms-200-field_7\"><li class=\"choice-1 depth-1\"><input type=\"checkbox\" id=\"wpforms-200-field_7_1\" name=\"wpforms[fields][7][]\" value=\"1-dagsutbildning p\u00e5 plats\" aria-errormessage=\"wpforms-200-field_7_1-error\"  ><label class=\"wpforms-field-label-inline\" for=\"wpforms-200-field_7_1\">1-dagsutbildning p\u00e5 plats<\/label><\/li><li class=\"choice-7 depth-1\"><input type=\"checkbox\" id=\"wpforms-200-field_7_7\" name=\"wpforms[fields][7][]\" value=\"2-dagarsutbildning p\u00e5 plats\" aria-errormessage=\"wpforms-200-field_7_7-error\"  ><label class=\"wpforms-field-label-inline\" for=\"wpforms-200-field_7_7\">2-dagarsutbildning p\u00e5 plats<\/label><\/li><li class=\"choice-3 depth-1\"><input type=\"checkbox\" id=\"wpforms-200-field_7_3\" name=\"wpforms[fields][7][]\" value=\"E-utbildning, f\u00f6rdjupningskurser\" aria-errormessage=\"wpforms-200-field_7_3-error\"  ><label class=\"wpforms-field-label-inline\" for=\"wpforms-200-field_7_3\">E-utbildning, f\u00f6rdjupningskurser<\/label><\/li><li class=\"choice-6 depth-1\"><input type=\"checkbox\" id=\"wpforms-200-field_7_6\" name=\"wpforms[fields][7][]\" value=\"E-utbildning, sm\u00e5 kurser &quot;bite-size&quot;\" aria-errormessage=\"wpforms-200-field_7_6-error\"  ><label class=\"wpforms-field-label-inline\" for=\"wpforms-200-field_7_6\">E-utbildning, sm\u00e5 kurser &#8221;bite-size&#8221;<\/label><\/li><\/ul><\/fieldset><\/div><div id=\"wpforms-200-field_9-container\" class=\"wpforms-field wpforms-field-checkbox\" data-field-id=\"9\"><fieldset><legend class=\"wpforms-field-label\">\u00d6nskad utbildningsplats (ett eller flera alternativ)<\/legend><ul id=\"wpforms-200-field_9\"><li class=\"choice-1 depth-1\"><input type=\"checkbox\" id=\"wpforms-200-field_9_1\" name=\"wpforms[fields][9][]\" value=\"Stockholm\" aria-errormessage=\"wpforms-200-field_9_1-error\"  ><label class=\"wpforms-field-label-inline\" for=\"wpforms-200-field_9_1\">Stockholm<\/label><\/li><li class=\"choice-2 depth-1\"><input type=\"checkbox\" id=\"wpforms-200-field_9_2\" name=\"wpforms[fields][9][]\" value=\"G\u00f6teborg\" aria-errormessage=\"wpforms-200-field_9_2-error\"  ><label class=\"wpforms-field-label-inline\" for=\"wpforms-200-field_9_2\">G\u00f6teborg<\/label><\/li><li class=\"choice-7 depth-1\"><input type=\"checkbox\" id=\"wpforms-200-field_9_7\" name=\"wpforms[fields][9][]\" value=\"Enbart n\u00e4tbaserat\" aria-errormessage=\"wpforms-200-field_9_7-error\"  ><label class=\"wpforms-field-label-inline\" for=\"wpforms-200-field_9_7\">Enbart n\u00e4tbaserat<\/label><\/li><li class=\"choice-8 depth-1\"><input type=\"checkbox\" id=\"wpforms-200-field_9_8\" name=\"wpforms[fields][9][]\" value=\"P\u00e5 arbetsplatsen (minst 10 deltagare)\" aria-errormessage=\"wpforms-200-field_9_8-error\"  ><label class=\"wpforms-field-label-inline\" for=\"wpforms-200-field_9_8\">P\u00e5 arbetsplatsen (minst 10 deltagare)<\/label><\/li><\/ul><\/fieldset><\/div><div id=\"wpforms-200-field_10-container\" class=\"wpforms-field wpforms-field-checkbox\" data-field-id=\"10\"><fieldset><legend class=\"wpforms-field-label\">\u00d6nskat inneh\u00e5ll (ett eller flera alternativ)<\/legend><ul id=\"wpforms-200-field_10\"><li class=\"choice-1 depth-1\"><input type=\"checkbox\" id=\"wpforms-200-field_10_1\" name=\"wpforms[fields][10][]\" value=\"Grundutbildning f\u00f6r nya vaccinat\u00f6rer\" aria-errormessage=\"wpforms-200-field_10_1-error\"  ><label class=\"wpforms-field-label-inline\" for=\"wpforms-200-field_10_1\">Grundutbildning f\u00f6r nya vaccinat\u00f6rer<\/label><\/li><li class=\"choice-2 depth-1\"><input type=\"checkbox\" id=\"wpforms-200-field_10_2\" name=\"wpforms[fields][10][]\" value=\"Vaccinologi (principer och praktik)\" aria-errormessage=\"wpforms-200-field_10_2-error\"  ><label class=\"wpforms-field-label-inline\" for=\"wpforms-200-field_10_2\">Vaccinologi (principer och praktik)<\/label><\/li><li class=\"choice-7 depth-1\"><input type=\"checkbox\" id=\"wpforms-200-field_10_7\" name=\"wpforms[fields][10][]\" value=\"Vaccinationer i prim\u00e4rv\u00e5rden\" aria-errormessage=\"wpforms-200-field_10_7-error\"  ><label class=\"wpforms-field-label-inline\" for=\"wpforms-200-field_10_7\">Vaccinationer i prim\u00e4rv\u00e5rden<\/label><\/li><li class=\"choice-3 depth-1\"><input type=\"checkbox\" id=\"wpforms-200-field_10_3\" name=\"wpforms[fields][10][]\" value=\"Resevacciner: global sjukdomsepidemiologi och vaccinindikationer\" aria-errormessage=\"wpforms-200-field_10_3-error\"  ><label class=\"wpforms-field-label-inline\" for=\"wpforms-200-field_10_3\">Resevacciner: global sjukdomsepidemiologi och vaccinindikationer<\/label><\/li><li class=\"choice-4 depth-1\"><input type=\"checkbox\" id=\"wpforms-200-field_10_4\" name=\"wpforms[fields][10][]\" value=\"Malaria och malariaprofylax\" aria-errormessage=\"wpforms-200-field_10_4-error\"  ><label class=\"wpforms-field-label-inline\" for=\"wpforms-200-field_10_4\">Malaria och malariaprofylax<\/label><\/li><li class=\"choice-5 depth-1\"><input type=\"checkbox\" id=\"wpforms-200-field_10_5\" name=\"wpforms[fields][10][]\" value=\"Resemedicinsk \u00f6versiktskurs\" aria-errormessage=\"wpforms-200-field_10_5-error\"  ><label class=\"wpforms-field-label-inline\" for=\"wpforms-200-field_10_5\">Resemedicinsk \u00f6versiktskurs<\/label><\/li><li class=\"choice-6 depth-1\"><input type=\"checkbox\" id=\"wpforms-200-field_10_6\" name=\"wpforms[fields][10][]\" value=\"Annat (ange nedan)\" aria-errormessage=\"wpforms-200-field_10_6-error\"  ><label class=\"wpforms-field-label-inline\" for=\"wpforms-200-field_10_6\">Annat (ange nedan)<\/label><\/li><\/ul><\/fieldset><\/div><div id=\"wpforms-200-field_11-container\" class=\"wpforms-field wpforms-field-checkbox\" data-field-id=\"11\"><fieldset><legend class=\"wpforms-field-label\">Utbildningsbehov<\/legend><ul id=\"wpforms-200-field_11\"><li class=\"choice-1 depth-1\"><input type=\"checkbox\" id=\"wpforms-200-field_11_1\" name=\"wpforms[fields][11][]\" value=\"Endast f\u00f6r mig sj\u00e4lv\" aria-errormessage=\"wpforms-200-field_11_1-error\"  ><label class=\"wpforms-field-label-inline\" for=\"wpforms-200-field_11_1\">Endast f\u00f6r mig sj\u00e4lv<\/label><\/li><li class=\"choice-2 depth-1\"><input type=\"checkbox\" id=\"wpforms-200-field_11_2\" name=\"wpforms[fields][11][]\" value=\"2-5 personer inom min organisation\" aria-errormessage=\"wpforms-200-field_11_2-error\"  ><label class=\"wpforms-field-label-inline\" for=\"wpforms-200-field_11_2\">2-5 personer inom min organisation<\/label><\/li><li class=\"choice-3 depth-1\"><input type=\"checkbox\" id=\"wpforms-200-field_11_3\" name=\"wpforms[fields][11][]\" value=\"&gt;5 personer inom min organisation\" aria-errormessage=\"wpforms-200-field_11_3-error\"  ><label class=\"wpforms-field-label-inline\" for=\"wpforms-200-field_11_3\">&gt;5 personer inom min organisation<\/label><\/li><\/ul><\/fieldset><\/div><div id=\"wpforms-200-field_3-container\" class=\"wpforms-field wpforms-field-textarea\" data-field-id=\"3\"><label class=\"wpforms-field-label\" for=\"wpforms-200-field_3\">Kommentar och \u00f6vriga \u00f6nskem\u00e5l<\/label><textarea id=\"wpforms-200-field_3\" class=\"wpforms-field-medium\" name=\"wpforms[fields][3]\" aria-errormessage=\"wpforms-200-field_3-error\" ><\/textarea><\/div><script>\n\t\t\t\t( function() {\n\t\t\t\t\tconst style = document.createElement( 'style' );\n\t\t\t\t\tstyle.appendChild( document.createTextNode( '#wpforms-200-field_4-container { position: absolute !important; overflow: hidden !important; display: inline !important; height: 1px !important; width: 1px !important; z-index: -1000 !important; padding: 0 !important; } #wpforms-200-field_4-container input { visibility: hidden; } #wpforms-conversational-form-page #wpforms-200-field_4-container label { counter-increment: none; }' ) );\n\t\t\t\t\tdocument.head.appendChild( style );\n\t\t\t\t\tdocument.currentScript?.remove();\n\t\t\t\t} )();\n\t\t\t<\/script><\/div><!-- .wpforms-field-container --><div class=\"wpforms-submit-container\" ><input type=\"hidden\" name=\"wpforms[id]\" value=\"200\"><input type=\"hidden\" name=\"page_title\" value=\"\"><input type=\"hidden\" name=\"page_url\" value=\"https:\/\/vaccinationsradet.se\/vaccinakademin\/wp-json\/wp\/v2\/pages\/240\"><input type=\"hidden\" name=\"url_referer\" value=\"\"><button type=\"submit\" name=\"wpforms[submit]\" id=\"wpforms-submit-200\" class=\"wpforms-submit\" data-alt-text=\"Skickar \u2026\" data-submit-text=\"Skicka\" aria-live=\"assertive\" value=\"wpforms-submit\">Skicka<\/button><img loading=\"lazy\" decoding=\"async\" src=\"https:\/\/vaccinationsradet.se\/vaccinakademin\/wp-content\/plugins\/wpforms-lite\/assets\/images\/submit-spin.svg\" class=\"wpforms-submit-spinner\" style=\"display: none;\" width=\"26\" height=\"26\" alt=\"Laddar\"><\/div><\/form><\/div>  <!-- .wpforms-container -->","protected":false},"excerpt":{"rendered":"<p>Kursen i korthet V\u00e5rens tv\u00e5dagars \u00f6versiktskurs ger en sammanh\u00e5llen genomg\u00e5ng av vaccinationer och resemedicin f\u00f6r kliniskt verksamma vaccinat\u00f6rer. Kursen omfattar hela kunskapsomr\u00e5det \u2013 fr\u00e5n vaccinologi och praktisk vaccinationsverksamhet till resevacciner, riskbed\u00f6mning och aktuella infektionsrisker globalt. Kursen riktar sig till l\u00e4kare och sjuksk\u00f6terskor som arbetar med vaccinationsr\u00e5dgivning, resemedicin eller vaccinationsmottagning och passar b\u00e5de erfarna vaccinat\u00f6rer som &hellip; <a href=\"https:\/\/vaccinationsradet.se\/vaccinakademin\/utbildning\/oversiktskurs-i-vaccinationer-och-resemedicin\/\" class=\"more-link\">Forts\u00e4tt l\u00e4sa<span class=\"screen-reader-text\"> \u201d\u00d6versiktskurs i vaccinationer och resemedicin, Nalen, Stockholm 12-13 maj\u201d<\/span><\/a><\/p>\n","protected":false},"author":1,"featured_media":0,"parent":208,"menu_order":0,"comment_status":"closed","ping_status":"closed","template":"","meta":{"_lmt_disableupdate":"no","_lmt_disable":"","footnotes":""},"class_list":["post-240","page","type-page","status-publish","hentry"],"_links":{"self":[{"href":"https:\/\/vaccinationsradet.se\/vaccinakademin\/wp-json\/wp\/v2\/pages\/240","targetHints":{"allow":["GET"]}}],"collection":[{"href":"https:\/\/vaccinationsradet.se\/vaccinakademin\/wp-json\/wp\/v2\/pages"}],"about":[{"href":"https:\/\/vaccinationsradet.se\/vaccinakademin\/wp-json\/wp\/v2\/types\/page"}],"author":[{"embeddable":true,"href":"https:\/\/vaccinationsradet.se\/vaccinakademin\/wp-json\/wp\/v2\/users\/1"}],"replies":[{"embeddable":true,"href":"https:\/\/vaccinationsradet.se\/vaccinakademin\/wp-json\/wp\/v2\/comments?post=240"}],"version-history":[{"count":61,"href":"https:\/\/vaccinationsradet.se\/vaccinakademin\/wp-json\/wp\/v2\/pages\/240\/revisions"}],"predecessor-version":[{"id":1251,"href":"https:\/\/vaccinationsradet.se\/vaccinakademin\/wp-json\/wp\/v2\/pages\/240\/revisions\/1251"}],"up":[{"embeddable":true,"href":"https:\/\/vaccinationsradet.se\/vaccinakademin\/wp-json\/wp\/v2\/pages\/208"}],"wp:attachment":[{"href":"https:\/\/vaccinationsradet.se\/vaccinakademin\/wp-json\/wp\/v2\/media?parent=240"}],"curies":[{"name":"wp","href":"https:\/\/api.w.org\/{rel}","templated":true}]}}