{"id":278,"date":"2025-02-07T12:17:01","date_gmt":"2025-02-07T12:17:01","guid":{"rendered":"https:\/\/vaccinationsradet.se\/vaccinakademin\/?page_id=278"},"modified":"2026-05-06T15:12:51","modified_gmt":"2026-05-06T15:12:51","slug":"kontakt","status":"publish","type":"page","link":"https:\/\/vaccinationsradet.se\/vaccinakademin\/kontakt\/","title":{"rendered":"Kontakt"},"content":{"rendered":"\n<figure class=\"wp-block-image size-full\"><img loading=\"lazy\" decoding=\"async\" width=\"1024\" height=\"284\" src=\"https:\/\/vaccinationsradet.se\/vaccinakademin\/wp-content\/uploads\/2026\/05\/image.png\" alt=\"\" class=\"wp-image-1333\" srcset=\"https:\/\/vaccinationsradet.se\/vaccinakademin\/wp-content\/uploads\/2026\/05\/image.png 1024w, https:\/\/vaccinationsradet.se\/vaccinakademin\/wp-content\/uploads\/2026\/05\/image-300x83.png 300w, https:\/\/vaccinationsradet.se\/vaccinakademin\/wp-content\/uploads\/2026\/05\/image-768x213.png 768w\" sizes=\"auto, (max-width: 709px) 85vw, (max-width: 909px) 67vw, (max-width: 1362px) 62vw, 840px\" \/><\/figure>\n\n\n\n<p style=\"font-size:18px\">Vi p\u00e5 <strong>Vaccinakademin\u00ae<\/strong> och <strong>Vaccinationsr\u00e5det<strong>\u00ae<\/strong><\/strong> uppskattar en t\u00e4t dialog med v\u00e5ra kunder f\u00f6r att g\u00f6ra tj\u00e4nsterna s\u00e5 bra och smidiga som m\u00f6jligt. Vi vill ocks\u00e5 veta om det \u00e4r n\u00e5got som saknas eller \u00e4r oklart p\u00e5 dessa sidor. Kontakta oss d\u00e4rf\u00f6r g\u00e4rna f\u00f6r allm\u00e4nna synpunkter. <\/p>\n\n\n\n<p style=\"font-size:18px\"><strong>VACCINAKADEMIN SVERIGE<\/strong><br>c\/o <a href=\"https:\/\/prosanis.se\" target=\"_blank\" rel=\"noreferrer noopener\">ProSanis Sverige AB<\/a><br><strong>Postadress<\/strong>: Tulegatan 6, SE-602 18 Norrk\u00f6ping<br><strong>Epost:<\/strong> <a href=\"mailto:support@vaccinationsradet.se\">support@vaccinationsradet.se<\/a><\/p>\n","protected":false},"excerpt":{"rendered":"<p>Vi p\u00e5 Vaccinakademin\u00ae och Vaccinationsr\u00e5det\u00ae uppskattar en t\u00e4t dialog med v\u00e5ra kunder f\u00f6r att g\u00f6ra tj\u00e4nsterna s\u00e5 bra och smidiga som m\u00f6jligt. Vi vill ocks\u00e5 veta om det \u00e4r n\u00e5got som saknas eller \u00e4r oklart p\u00e5 dessa sidor. Kontakta oss d\u00e4rf\u00f6r g\u00e4rna f\u00f6r allm\u00e4nna synpunkter. VACCINAKADEMIN SVERIGEc\/o ProSanis Sverige ABPostadress: Tulegatan 6, SE-602 18 Norrk\u00f6pingEpost: &hellip; <a href=\"https:\/\/vaccinationsradet.se\/vaccinakademin\/kontakt\/\" class=\"more-link\">Forts\u00e4tt l\u00e4sa<span class=\"screen-reader-text\"> \u201dKontakt\u201d<\/span><\/a><\/p>\n","protected":false},"author":1,"featured_media":0,"parent":0,"menu_order":0,"comment_status":"closed","ping_status":"closed","template":"","meta":{"_lmt_disableupdate":"","_lmt_disable":"","footnotes":""},"class_list":["post-278","page","type-page","status-publish","hentry"],"_links":{"self":[{"href":"https:\/\/vaccinationsradet.se\/vaccinakademin\/wp-json\/wp\/v2\/pages\/278","targetHints":{"allow":["GET"]}}],"collection":[{"href":"https:\/\/vaccinationsradet.se\/vaccinakademin\/wp-json\/wp\/v2\/pages"}],"about":[{"href":"https:\/\/vaccinationsradet.se\/vaccinakademin\/wp-json\/wp\/v2\/types\/page"}],"author":[{"embeddable":true,"href":"https:\/\/vaccinationsradet.se\/vaccinakademin\/wp-json\/wp\/v2\/users\/1"}],"replies":[{"embeddable":true,"href":"https:\/\/vaccinationsradet.se\/vaccinakademin\/wp-json\/wp\/v2\/comments?post=278"}],"version-history":[{"count":10,"href":"https:\/\/vaccinationsradet.se\/vaccinakademin\/wp-json\/wp\/v2\/pages\/278\/revisions"}],"predecessor-version":[{"id":1343,"href":"https:\/\/vaccinationsradet.se\/vaccinakademin\/wp-json\/wp\/v2\/pages\/278\/revisions\/1343"}],"wp:attachment":[{"href":"https:\/\/vaccinationsradet.se\/vaccinakademin\/wp-json\/wp\/v2\/media?parent=278"}],"curies":[{"name":"wp","href":"https:\/\/api.w.org\/{rel}","templated":true}]}}