{"id":3,"date":"2024-05-03T07:01:38","date_gmt":"2024-05-03T07:01:38","guid":{"rendered":"https:\/\/vaccinationsradet.se\/vaccinakademin\/?page_id=3"},"modified":"2025-10-22T13:37:28","modified_gmt":"2025-10-22T13:37:28","slug":"privacy-policy","status":"publish","type":"page","link":"https:\/\/vaccinationsradet.se\/vaccinakademin\/privacy-policy\/","title":{"rendered":"Privacy Policy och GDPR"},"content":{"rendered":"\n<h3 class=\"wp-block-heading\" id=\"sidtopp\">Information till kunder och anv\u00e4ndare<\/h3>\n\n\n\n<div class=\"wp-block-columns is-layout-flex wp-container-core-columns-is-layout-9d6595d7 wp-block-columns-is-layout-flex\">\n<div class=\"wp-block-column is-layout-flow wp-block-column-is-layout-flow\">\n<ul class=\"wp-block-list\">\n<li><a href=\"https:\/\/vaccinationsradet.se\/vaccinakademin\/privacy-policy\/#allmant\">Allm\u00e4nt<\/a><\/li>\n\n\n\n<li><a href=\"https:\/\/vaccinationsradet.se\/vaccinakademin\/privacy-policy\/#cookies\">Cookies (&#8221;kakor&#8221;)<\/a><\/li>\n\n\n\n<li><a href=\"https:\/\/vaccinationsradet.se\/vaccinakademin\/privacy-policy\/#gdpr\">GDPR<\/a><\/li>\n\n\n\n<li><a href=\"https:\/\/vaccinationsradet.se\/vaccinakademin\/privacy-policy\/#rattslig-grund\">R\u00e4ttslig grund<\/a><\/li>\n<\/ul>\n<\/div>\n\n\n\n<div class=\"wp-block-column is-layout-flow wp-block-column-is-layout-flow\">\n<ul class=\"wp-block-list\">\n<li><a href=\"https:\/\/vaccinationsradet.se\/vaccinakademin\/privacy-policy\/#personuppgifter\">Behandling av personuppgifter<\/a><\/li>\n\n\n\n<li><a href=\"https:\/\/vaccinationsradet.se\/vaccinakademin\/privacy-policy\/#rattigheter\">Dina r\u00e4ttigheter<\/a><\/li>\n\n\n\n<li><a href=\"https:\/\/vaccinationsradet.se\/vaccinakademin\/privacy-policy\/#kontakt\">Kontakt<\/a><\/li>\n\n\n\n<li><a href=\"https:\/\/vaccinationsradet.se\/vaccinakademin\/privacy-policy\/#immateriellt\">Immateriella r\u00e4ttigheter<\/a><\/li>\n<\/ul>\n<\/div>\n<\/div>\n\n\n\n<h5 class=\"wp-block-heading has-white-color has-text-color has-background has-link-color wp-elements-7a11c5286027da2aa489cdc416993916\" id=\"allmant\" style=\"background-color:#2b7c08\">Allm\u00e4nt<\/h5>\n\n\n\n<p style=\"font-size:14px\"><strong>ProSanis Global Resemedicin<\/strong> och <strong>Reser\u00e5det<\/strong> (\u00e4gt av <a href=\"https:\/\/prosanis.se\/\"><strong>ProSanis Sverige AB<\/strong><\/a>) behandlar dina personuppgifter p\u00e5 ett s\u00e5dant s\u00e4tt att du kan k\u00e4nna dig trygg. Utg\u00e5ngspunkten vid all personuppgiftsbehandling \u00e4r att respektera din integritet och dina r\u00e4ttigheter. Vi arbetar kontinuerligt f\u00f6r att uppfylla principen om &#8221;inbyggt dataskydd och dataskydd som standard&#8221;. I den h\u00e4r policyn informerar vi om vilka personuppgifter <strong>ProSanis<\/strong> behandlar, f\u00f6r vilka \u00e4ndam\u00e5l behandlingen sker, den r\u00e4ttsliga grunden f\u00f6r behandlingen, hur l\u00e4nge uppgifterna sparas, dina r\u00e4ttigheter, samt hur du kan kontakta oss. <\/p>\n\n\n\n<p style=\"font-size:14px\"><a href=\"https:\/\/vaccinationsradet.se\/vaccinakademin\/reseradet\/integritetspolicy\/#sidtopp\">Till sidtoppen<\/a><\/p>\n\n\n\n<h5 class=\"wp-block-heading has-white-color has-text-color has-background has-link-color wp-elements-b680e39049cbda3a2f23ebf29d569c72\" id=\"cookies\" style=\"background-color:#2b7c08\">Cookies (\u201dkakor\u201d)<\/h5>\n\n\n\n<p style=\"font-size:14px\"><strong>ProSanis<\/strong> anv\u00e4nder cookies (&#8221;kakor&#8221;) f\u00f6r att f\u00f6rb\u00e4ttra din upplevelse av webbplatsen, f\u00f6r att kunna m\u00e4ta trafiken p\u00e5 webbplatsen och f\u00f6r att st\u00f6tta marknadsf\u00f6ring av v\u00e5ra tj\u00e4nster. En cookie \u00e4r en liten m\u00e4ngd data som oftast har en unik st\u00e4mpel p\u00e5 sig. Den skickas fr\u00e5n en webbplats dator till din webbl\u00e4sare och sparas d\u00e4r, p\u00e5 din h\u00e5rddisk.&nbsp;Lagen s\u00e4ger att vi f\u00e5r lagra cookies p\u00e5 din enhet om de \u00e4r absolut n\u00f6dv\u00e4ndiga f\u00f6r att kunna anv\u00e4nda den h\u00e4r webbplatsen. F\u00f6r alla andra \u00e4ndam\u00e5l kr\u00e4vs ditt samtycke. Denna webbplats anv\u00e4nder olika typer av cookies och du kan \u00e4ndra eller dra tillbaka ditt samtycke till cookie. Om du har fr\u00e5gor kring ProSanis cookie-hantering \u00e4r du v\u00e4lkommen att kontakta oss p\u00e5&nbsp;<a href=\"mailto:info@prosanis.se\" target=\"_blank\" rel=\"noreferrer noopener\">info@prosanis.se<\/a>. &nbsp;<\/p>\n\n\n\n<p style=\"font-size:14px\"><a href=\"https:\/\/vaccinationsradet.se\/vaccinakademin\/reseradet\/integritetspolicy\/#sidtopp\">Till sidtoppen<\/a><\/p>\n\n\n\n<h5 class=\"wp-block-heading has-white-color has-text-color has-background has-link-color wp-elements-44250d9c46667a53c48a2ceca1abeaa8\" id=\"gdpr\" style=\"background-color:#2b7c08\">GDPR<\/h5>\n\n\n\n<p style=\"font-size:14px\">GDPR \u00e4r den lag som reglerar hur personuppgifter f\u00e5r behandlas. ProSanis behandlar dina personuppgifter f\u00f6r tillhandah\u00e5llande och administration av ProSanis tj\u00e4nster. Det \u00e4r viktigt f\u00f6r oss p\u00e5 ProSanis att du som kund k\u00e4nner dig trygg med hur vi hanterar dina personuppgifter. Har du n\u00e5gra fr\u00e5gor om hur vi hanterar dina personuppgifter kan du alltid kontakta oss p\u00e5 <a href=\"mailto:info@prosanis.se\">info@prosanis.se<\/a>.<\/p>\n\n\n\n<p style=\"font-size:14px\"><a href=\"https:\/\/vaccinationsradet.se\/vaccinakademin\/reseradet\/integritetspolicy\/#sidtopp\">Till sidtoppen<\/a><\/p>\n\n\n\n<h5 class=\"wp-block-heading has-white-color has-text-color has-background has-link-color wp-elements-fd6caf3307d12c9b64328bdb9888d2c9\" id=\"rattslig-grund\" style=\"background-color:#2b7c08\">R\u00e4ttslig grund<\/h5>\n\n\n\n<p style=\"font-size:14px\">G\u00e4llande lagstiftning kr\u00e4ver att vi har en r\u00e4ttslig grund f\u00f6r hanteringen av dina persondata. Vi anv\u00e4nder f\u00f6ljande r\u00e4ttsliga grunder (i fetstil nedan) i behandlingen av personuppgifter<\/p>\n\n\n\n<ul class=\"wp-block-list\">\n<li style=\"font-size:14px\">Behandlingen \u00e4r <strong>n\u00f6dv\u00e4ndig f\u00f6r att vi ska kunna fullg\u00f6ra v\u00e5rt avtal <\/strong>gentemot dig som kund i enlighet med v\u00e5rt \u00e5tagande n\u00e4r du registrerar dig.<\/li>\n\n\n\n<li style=\"font-size:14px\">Behandlingen \u00e4r n\u00f6dv\u00e4ndig f\u00f6r att <strong>fullg\u00f6ra en r\u00e4ttslig f\u00f6rpliktelse<\/strong>, t.ex. behandling av ekonomiuppgifter enligt reglerna i Bokf\u00f6ringslagen.<\/li>\n\n\n\n<li style=\"font-size:14px\">I s\u00e4rskilda fall kan behandlingen ske fter att du <strong>l\u00e4mnat samtycke<\/strong> till den, t.ex. genom att prenumerera p\u00e5 ett nyhetsbrev. Ett s\u00e5dant samtycke kan alltid \u00e5terkallas genom att kontakta oss eller du sj\u00e4lv uppdaterar dina uppgifter.<\/li>\n<\/ul>\n\n\n\n<p style=\"font-size:14px\"><a href=\"https:\/\/vaccinationsradet.se\/vaccinakademin\/reseradet\/integritetspolicy\/#sidtopp\">Till sidtoppen<\/a><\/p>\n\n\n\n<h5 class=\"wp-block-heading has-white-color has-text-color has-background has-link-color wp-elements-c3e2bae512f004b880c217a5cb38985b\" id=\"personuppgifter\" style=\"background-color:#2b7c08\">Behandling av personuppgifter<\/h5>\n\n\n\n<p style=\"font-size:14px\"><strong>Reser\u00e5det<\/strong> inh\u00e4mtar de personuppgifter som vi behandlar enbart fr\u00e5n dig. Detta \u00e4r uppgifter som du l\u00e4mnar f\u00f6r att vi ska kunna hantera kundkontakten med dig och f\u00f6r att optimera de tj\u00e4nster som vi erbjuder. Dessa uppgifter omfattar namn, arbetsplats, epost, faktureringsadress och de tj\u00e4nster du k\u00f6per av oss. Om du kontaktar oss i n\u00e5got \u00e4rende, t.ex. genom att utnyttja tj\u00e4nsten Svar ig\u00e5r, kommentera eller st\u00e4lla fr\u00e5gor om v\u00e5r informationsverksamhet eller i n\u00e5got annat \u00e4rende som r\u00f6r de tj\u00e4nster vi erbjuder s\u00e5 kommer \u00e4ven dessa uppgifter att sparas f\u00f6r att m\u00f6jligg\u00f6ra en adekvat uppf\u00f6ljning. Vid bes\u00f6k p\u00e5 v\u00e5r webbplats registreras ocks\u00e5 uppgifter i form av trafikdata, platsdata, webbloggar och annan kommunikations, samt t.ex. den IP-adress, typ av enhet, operativsystem och webbl\u00e4sartyp som anv\u00e4nds f\u00f6r bes\u00f6ket.<\/p>\n\n\n\n<p style=\"font-size:14px\">Behandlingen av dina personuppgifter \u00e4r n\u00f6dv\u00e4ndig f\u00f6r att 1) kunna fullg\u00f6ra avtalet med dig, 2)kunna ge st\u00f6d vid support\u00e4renden och d\u00e5 kunna hj\u00e4lpa dig om n\u00e5got fel skulle intr\u00e4ffa som p\u00e5verkar de tj\u00e4nster vi levererar, 3) f\u00f6r att administrera debiteringen av de avgifter vi tar ut f\u00f6r v\u00e5ra tj\u00e4nster och 4) f\u00f6r att du ska kunna f\u00e5 information, nyhetsuppdateringar, erbjudanden och liknande (om du s\u00e5 accepterar). <\/p>\n\n\n\n<p style=\"font-size:14px\">Som huvudregel sparar vi dina uppgifter bara s\u00e5 l\u00e4nge vi beh\u00f6ver uppgifterna f\u00f6r de \u00e4ndam\u00e5l vi uppgivit ovan. detta inneb\u00e4r att uppgifterna normalt raderas s\u00e5 snart \u00e4ndam\u00e5let f\u00f6r behandlingen av uppgifterna har upph\u00f6rt. Om du genomf\u00f6rt ett k\u00f6p, p\u00e5b\u00f6rjat en prenumeration eller liknande, kan vi komma att beh\u00e5lla vissa uppgifter o dig f\u00f6r att kunna slutf\u00f6ra dit k\u00f6p, hantera din betalning eller \u00e5terbetalning samt kunna informera om nya eller \u00e4ndrade relaterade tj\u00e4nster. Vissa ekonomiska uppgifter kan vi ocks\u00e5 beh\u00f6va ha kvar f\u00f6r att fullg\u00f6ra de krav som \u00e4r st\u00e4llda p\u00e5 oss genom Bokf\u00f6ringslagen, vilket inneb\u00e4r att s\u00e5dana uppgifter sparas i 7 \u00e5r. Uppgifter om trafikfiler i dataloggar spars i 6 m\u00e5nader.<\/p>\n\n\n\n<p style=\"font-size:14px\">ProSanis kommer inte att l\u00e4mna ut personuppgifter med mindre \u00e4n att lagstiftning f\u00f6reskriver det, eller om kunden ger sitt uttryckliga samtycke. Detta utesluter inte att ProSanis kan anv\u00e4nda leverant\u00f6rer som behandlar personuppgifter f\u00f6r v\u00e5r r\u00e4kning i enlighet med skriftliga avtal och v\u00e5ra instruktioner. Leverant\u00f6ren som f\u00e5r tillg\u00e5ng till personuppgifter ges inte n\u00e5gon r\u00e4tt att anv\u00e4nda dem f\u00f6r andra syften \u00e4n de som anges enligt denna policy.<\/p>\n\n\n\n<p style=\"font-size:14px\"><a href=\"https:\/\/vaccinationsradet.se\/vaccinakademin\/reseradet\/integritetspolicy\/#sidtopp\">Till sidtoppen<\/a><\/p>\n\n\n\n<h5 class=\"wp-block-heading has-white-color has-text-color has-background has-link-color wp-elements-cc333c5a2717e01cb1c7ae8901a780ef\" id=\"rattigheter\" style=\"background-color:#2b7c08\">Dina r\u00e4ttigheter<\/h5>\n\n\n\n<p style=\"font-size:14px\">Du har r\u00e4tt att beg\u00e4ra bekr\u00e4ftelse p\u00e5 om vi behandlar personuppgifter om dig och om s\u00e5 \u00e4r fallet kommer vi att informera dig om hur dina personuppgifter behandlas. Du har \u00e4ven r\u00e4tt att f\u00e5 en kopia av de uppgifter vi behandlar (genom ett registerutdrag). Du har ocks\u00e5 r\u00e4tt att g\u00f6ra inv\u00e4ndningar mot vissa personuppgiftsbehandlingar som ProSanis utf\u00f6r med st\u00f6d av ett allm\u00e4nt intresse. Du m\u00e5ste d\u00e5 specificera vilken behandling av personuppgifter du inv\u00e4nder mot. Om du har l\u00e4mnat ditt samtycke f\u00f6r behandling av dina personuppgifter har du r\u00e4tt att n\u00e4r som helst \u00e5terkalla detta samtycke. Du har r\u00e4tt att n\u00e4r som helst inge ett klagom\u00e5l avseende v\u00e5r behandling av dina personuppgifter till ProSanis eller till Datainspektionen&nbsp;<a href=\"http:\/\/www.datainspektionen.se\/\" target=\"_blank\" rel=\"noreferrer noopener\">http:\/\/www.datainspektionen.se<\/a>.  Inga personuppgifter \u00f6verf\u00f6rs till l\u00e4nder utanf\u00f6r EU\/EES.<\/p>\n\n\n\n<p style=\"font-size:14px\"><a href=\"https:\/\/vaccinationsradet.se\/vaccinakademin\/reseradet\/integritetspolicy\/#sidtopp\">Till sidtoppen<\/a><\/p>\n\n\n\n<h5 class=\"wp-block-heading has-white-color has-text-color has-background has-link-color wp-elements-3de15c7fcabb9b7b316c31394a79189e\" id=\"kontakt\" style=\"background-color:#2b7c08\">Du \u00e4r v\u00e4lkommen att kontakta oss<\/h5>\n\n\n\n<p style=\"font-size:14px\">Personuppgiftsansvarig f\u00f6r ProSanis Global Resemedicin och Reser\u00e5det \u00e4r Karl Ekdahl, medicinskt ansvarig (se Reser\u00e5dets <a href=\"https:\/\/vaccinationsradet.se\/vaccinakademin\/reseradet\/om-reseradet\/#karl\">infosida<\/a>). Du hittar v\u00e5ra <a href=\"https:\/\/vaccinationsradet.se\/vaccinakademin\/reseradet\/kontakt\/\">kontaktuppgifter h\u00e4r<\/a>. Personuppgiftsbitr\u00e4desansvarig n\u00e5s ocks\u00e5 via&nbsp;<a href=\"mailto:info@prosanis.se\">info@prosanis.se<\/a>.<\/p>\n\n\n\n<p style=\"font-size:14px\"><a href=\"https:\/\/vaccinationsradet.se\/vaccinakademin\/reseradet\/integritetspolicy\/#sidtopp\">Till sidtoppen<\/a><\/p>\n\n\n\n<h5 class=\"wp-block-heading has-white-color has-text-color has-background has-link-color wp-elements-7eb7c3fce1cb785576155eb8a11ae77e\" id=\"immateriellt\" style=\"background-color:#2b7c08\">Immateriella r\u00e4ttigheter<\/h5>\n\n\n\n<p style=\"font-size:14px\">Vi str\u00e4var efter att allt bildmaterial p\u00e5 v\u00e5ra webbplatser ska vara egenproducerat eller tillh\u00f6ra det offentliga dom\u00e4nomr\u00e5det (<em>public domain<\/em>). Om du anser att n\u00e5got material p\u00e5 v\u00e5ra sidor g\u00f6r intr\u00e5ng i dina immateriella r\u00e4ttigheter \u00e4r du v\u00e4lkommen att kontakta oss via e-postadressen ovan. V\u00e4nligen ange detaljer om \u00e4gander\u00e4tten, s\u00e5 tar vi omg\u00e5ende bort materialet.<\/p>\n\n\n\n<p><\/p>\n","protected":false},"excerpt":{"rendered":"<p>Information till kunder och anv\u00e4ndare Allm\u00e4nt ProSanis Global Resemedicin och Reser\u00e5det (\u00e4gt av ProSanis Sverige AB) behandlar dina personuppgifter p\u00e5 ett s\u00e5dant s\u00e4tt att du kan k\u00e4nna dig trygg. Utg\u00e5ngspunkten vid all personuppgiftsbehandling \u00e4r att respektera din integritet och dina r\u00e4ttigheter. Vi arbetar kontinuerligt f\u00f6r att uppfylla principen om &#8221;inbyggt dataskydd och dataskydd som standard&#8221;. &hellip; <a href=\"https:\/\/vaccinationsradet.se\/vaccinakademin\/privacy-policy\/\" class=\"more-link\">Forts\u00e4tt l\u00e4sa<span class=\"screen-reader-text\"> \u201dPrivacy Policy och GDPR\u201d<\/span><\/a><\/p>\n","protected":false},"author":1,"featured_media":0,"parent":0,"menu_order":0,"comment_status":"closed","ping_status":"closed","template":"","meta":{"_lmt_disableupdate":"no","_lmt_disable":"","footnotes":""},"class_list":["post-3","page","type-page","status-publish","hentry"],"_links":{"self":[{"href":"https:\/\/vaccinationsradet.se\/vaccinakademin\/wp-json\/wp\/v2\/pages\/3","targetHints":{"allow":["GET"]}}],"collection":[{"href":"https:\/\/vaccinationsradet.se\/vaccinakademin\/wp-json\/wp\/v2\/pages"}],"about":[{"href":"https:\/\/vaccinationsradet.se\/vaccinakademin\/wp-json\/wp\/v2\/types\/page"}],"author":[{"embeddable":true,"href":"https:\/\/vaccinationsradet.se\/vaccinakademin\/wp-json\/wp\/v2\/users\/1"}],"replies":[{"embeddable":true,"href":"https:\/\/vaccinationsradet.se\/vaccinakademin\/wp-json\/wp\/v2\/comments?post=3"}],"version-history":[{"count":7,"href":"https:\/\/vaccinationsradet.se\/vaccinakademin\/wp-json\/wp\/v2\/pages\/3\/revisions"}],"predecessor-version":[{"id":704,"href":"https:\/\/vaccinationsradet.se\/vaccinakademin\/wp-json\/wp\/v2\/pages\/3\/revisions\/704"}],"wp:attachment":[{"href":"https:\/\/vaccinationsradet.se\/vaccinakademin\/wp-json\/wp\/v2\/media?parent=3"}],"curies":[{"name":"wp","href":"https:\/\/api.w.org\/{rel}","templated":true}]}}