{"id":359,"date":"2025-05-21T09:17:49","date_gmt":"2025-05-21T09:17:49","guid":{"rendered":"https:\/\/vaccinationsradet.se\/vaccinakademin\/?page_id=359"},"modified":"2026-04-29T18:32:54","modified_gmt":"2026-04-29T18:32:54","slug":"anmalan-e-kurser","status":"publish","type":"page","link":"https:\/\/vaccinationsradet.se\/vaccinakademin\/utbildning\/anmalan-e-kurser\/","title":{"rendered":"Kursanm\u00e4lan"},"content":{"rendered":"\n<figure class=\"wp-block-image size-full\"><img loading=\"lazy\" decoding=\"async\" width=\"700\" height=\"343\" src=\"https:\/\/vaccinationsradet.se\/vaccinakademin\/wp-content\/uploads\/2025\/08\/E-utbildning.jpg\" alt=\"\" class=\"wp-image-461\" srcset=\"https:\/\/vaccinationsradet.se\/vaccinakademin\/wp-content\/uploads\/2025\/08\/E-utbildning.jpg 700w, https:\/\/vaccinationsradet.se\/vaccinakademin\/wp-content\/uploads\/2025\/08\/E-utbildning-300x147.jpg 300w\" sizes=\"auto, (max-width: 700px) 85vw, 700px\" \/><\/figure>\n\n\n\n<p style=\"font-size:18px\">H\u00e4r kan du anm\u00e4la dig till Vaccinakademins olika kurser. Anm\u00e4lan \u00e4r bindande. Faktura skickas ut i samband med anm\u00e4lan.<\/p>\n\n\n\n<p style=\"font-size:18px\"><a href=\"https:\/\/vaccinationsradet.se\/vaccinakademin\/utbildning\/reseradet-academy-e-utbildningar\/\">Till alla v\u00e5ra e-utbildningar<\/a><\/p>\n\n\n\n<p style=\"font-size:18px\"><a href=\"https:\/\/vaccinationsradet.se\/vaccinakademin\/utbildning\/oversiktskurs-i-vaccinationer-och-resemedicin\/\">Till v\u00e5r p\u00e5-plats-utbildning<\/a><\/p>\n\n\n<style id=\"wpforms-css-vars-484-block-f05bd2f4-d22f-4add-baaa-031830145b4b\">\n\t\t\t\t#wpforms-484.wpforms-block-f05bd2f4-d22f-4add-baaa-031830145b4b {\n\t\t\t\t--wpforms-field-size-input-height: 43px;\n--wpforms-field-size-input-spacing: 15px;\n--wpforms-field-size-font-size: 16px;\n--wpforms-field-size-line-height: 19px;\n--wpforms-field-size-padding-h: 14px;\n--wpforms-field-size-checkbox-size: 16px;\n--wpforms-field-size-sublabel-spacing: 5px;\n--wpforms-field-size-icon-size: 1;\n--wpforms-label-size-font-size: 16px;\n--wpforms-label-size-line-height: 19px;\n--wpforms-label-size-sublabel-font-size: 14px;\n--wpforms-label-size-sublabel-line-height: 17px;\n--wpforms-button-size-font-size: 17px;\n--wpforms-button-size-height: 41px;\n--wpforms-button-size-padding-h: 15px;\n--wpforms-button-size-margin-top: 10px;\n\t\t\t}\n\t\t\t<\/style><div class=\"wpforms-container wpforms-container-full wpforms-block wpforms-block-f05bd2f4-d22f-4add-baaa-031830145b4b wpforms-render-modern\" id=\"wpforms-484\"><form id=\"wpforms-form-484\" class=\"wpforms-validate wpforms-form wpforms-ajax-form\" data-formid=\"484\" method=\"post\" enctype=\"multipart\/form-data\" action=\"\/vaccinakademin\/wp-json\/wp\/v2\/pages\/359\" data-token=\"79a021fb5b15e94a7f076c811d7392a3\" data-token-time=\"1778750188\"><noscript class=\"wpforms-error-noscript\">Aktivera JavaScript i din webbl\u00e4sare f\u00f6r att fylla i formul\u00e4ret.<\/noscript><div id=\"wpforms-error-noscript\" style=\"display: none;\">Aktivera JavaScript i din webbl\u00e4sare f\u00f6r att fylla i formul\u00e4ret.<\/div><div class=\"wpforms-field-container\"><div id=\"wpforms-484-field_16-container\" class=\"wpforms-field wpforms-field-radio\" data-field-id=\"16\"><fieldset><legend class=\"wpforms-field-label\">Kurs som jag anm\u00e4ler mig till <span class=\"wpforms-required-label\" aria-hidden=\"true\">*<\/span><\/legend><ul id=\"wpforms-484-field_16\" class=\"wpforms-field-required\"><li class=\"choice-5 depth-1\"><input type=\"radio\" id=\"wpforms-484-field_16_5\" name=\"wpforms[fields][16]\" value=\"E-kurs steg 1. Baskurs f\u00f6r vaccinat\u00f6rer p\u00e5 apotek och bussar ~6 timmar: 1 200 kr + moms\" aria-errormessage=\"wpforms-484-field_16_5-error\" required ><label class=\"wpforms-field-label-inline\" for=\"wpforms-484-field_16_5\">E-kurs steg 1. Baskurs f\u00f6r vaccinat\u00f6rer p\u00e5 apotek och bussar ~6 timmar: 1 200 kr + moms<\/label><\/li><li class=\"choice-1 depth-1\"><input type=\"radio\" id=\"wpforms-484-field_16_1\" name=\"wpforms[fields][16]\" value=\"E-kurs steg 1. Grundkurs \u2013 Vaccinationer och reser\u00e5dgivning ~12 timmar: 2 400 kr + moms\" aria-errormessage=\"wpforms-484-field_16_1-error\" required ><label class=\"wpforms-field-label-inline\" for=\"wpforms-484-field_16_1\">E-kurs steg 1. Grundkurs \u2013 Vaccinationer och reser\u00e5dgivning ~12 timmar: 2 400 kr + moms<\/label><\/li><li class=\"choice-2 depth-1\"><input type=\"radio\" id=\"wpforms-484-field_16_2\" name=\"wpforms[fields][16]\" value=\"E-kurs steg 2. Forts\u00e4ttningskurs \u2013 Vaccinationer och resemedicin ~24 timmar: 4 200 kr + moms\" aria-errormessage=\"wpforms-484-field_16_2-error\" required ><label class=\"wpforms-field-label-inline\" for=\"wpforms-484-field_16_2\">E-kurs steg 2. Forts\u00e4ttningskurs \u2013 Vaccinationer och resemedicin ~24 timmar: 4 200 kr + moms<\/label><\/li><li class=\"choice-7 depth-1\"><input type=\"radio\" id=\"wpforms-484-field_16_7\" name=\"wpforms[fields][16]\" value=\"E-kurs steg 3. F\u00f6rdjupningskurs \u2013 Inhemska barn och riskgruppsvacciner ~24 timmar 4 500 kr + moms (rabatterat pris 3 600 kr + moms - se nedan)\" aria-errormessage=\"wpforms-484-field_16_7-error\" required ><label class=\"wpforms-field-label-inline\" for=\"wpforms-484-field_16_7\">E-kurs steg 3. F\u00f6rdjupningskurs \u2013 Inhemska barn och riskgruppsvacciner ~24 timmar 4 500 kr + moms (rabatterat pris 3 600 kr + moms &#8211; se nedan)<\/label><\/li><li class=\"choice-3 depth-1\"><input type=\"radio\" id=\"wpforms-484-field_16_3\" name=\"wpforms[fields][16]\" value=\"E-kurs steg 3. F\u00f6rdjupningskurs \u2013 Vaccinologi ~20 timmar: 3 400 kr + moms (rabatterat pris 2 700 kr + moms - se nedan)\" aria-errormessage=\"wpforms-484-field_16_3-error\" required ><label class=\"wpforms-field-label-inline\" for=\"wpforms-484-field_16_3\">E-kurs steg 3. F\u00f6rdjupningskurs \u2013 Vaccinologi ~20 timmar: 3 400 kr + moms (rabatterat pris 2 700 kr + moms &#8211; se nedan)<\/label><\/li><li class=\"choice-8 depth-1\"><input type=\"radio\" id=\"wpforms-484-field_16_8\" name=\"wpforms[fields][16]\" value=\"E-kurs steg 3. F\u00f6rdjupningskurs \u2013 Resevacciner och vektorburna infektioner ~20 timmar 3 400 kr + moms (rabatterat pris 2 700 kr + moms - se nedan)\" aria-errormessage=\"wpforms-484-field_16_8-error\" required ><label class=\"wpforms-field-label-inline\" for=\"wpforms-484-field_16_8\">E-kurs steg 3. F\u00f6rdjupningskurs \u2013 Resevacciner och vektorburna infektioner ~20 timmar 3 400 kr + moms (rabatterat pris 2 700 kr + moms &#8211; se nedan)<\/label><\/li><li class=\"choice-4 depth-1\"><input type=\"radio\" id=\"wpforms-484-field_16_4\" name=\"wpforms[fields][16]\" value=\"E-kurs steg 3. F\u00f6rdjupningskurs \u2013 Malaria ~16 timmar 3 000 kr + moms (rabatterat pris 2 400 kr + moms - se nedan)\" aria-errormessage=\"wpforms-484-field_16_4-error\" required ><label class=\"wpforms-field-label-inline\" for=\"wpforms-484-field_16_4\">E-kurs steg 3. F\u00f6rdjupningskurs \u2013 Malaria ~16 timmar 3 000 kr + moms (rabatterat pris 2 400 kr + moms &#8211; se nedan)<\/label><\/li><li class=\"choice-6 depth-1\"><input type=\"radio\" id=\"wpforms-484-field_16_6\" name=\"wpforms[fields][16]\" value=\"E-kurs steg 3. Diplomkurs \u2013 Vaccination i prim\u00e4rv\u00e5rden ~40 timmar: 5 600 kr + moms (rabatterat pris 4 400 kr + moms - se nedan)\" aria-errormessage=\"wpforms-484-field_16_6-error\" required ><label class=\"wpforms-field-label-inline\" for=\"wpforms-484-field_16_6\">E-kurs steg 3. Diplomkurs \u2013 Vaccination i prim\u00e4rv\u00e5rden ~40 timmar: 5 600 kr + moms (rabatterat pris 4 400 kr + moms &#8211; se nedan)<\/label><\/li><\/ul><\/fieldset><\/div><div id=\"wpforms-484-field_21-container\" class=\"wpforms-field wpforms-field-checkbox\" data-field-id=\"21\"><fieldset><legend class=\"wpforms-field-label\">Rabatterat pris<\/legend><ul id=\"wpforms-484-field_21\"><li class=\"choice-1 depth-1\"><input type=\"checkbox\" id=\"wpforms-484-field_21_1\" name=\"wpforms[fields][21][]\" value=\"Jag har tidigare g\u00e5tt en steg-2 utbildning (e-kurs eller 2-dagarskurs p\u00e5 plats) hos er under 2025 eller 2026 och betalar d\u00e4rf\u00f6r endast rabatterat pris f\u00f6r steg 3-kurserna.\" aria-errormessage=\"wpforms-484-field_21_1-error\"  ><label class=\"wpforms-field-label-inline\" for=\"wpforms-484-field_21_1\">Jag har tidigare g\u00e5tt en steg-2 utbildning (e-kurs eller 2-dagarskurs p\u00e5 plats) hos er under 2025 eller 2026 och betalar d\u00e4rf\u00f6r endast rabatterat pris f\u00f6r steg 3-kurserna.<\/label><\/li><\/ul><\/fieldset><\/div><div id=\"wpforms-484-field_1-container\" class=\"wpforms-field wpforms-field-name\" data-field-id=\"1\"><fieldset><legend class=\"wpforms-field-label\">Namn <span class=\"wpforms-required-label\" aria-hidden=\"true\">*<\/span><\/legend><div class=\"wpforms-field-row wpforms-field-medium\"><div class=\"wpforms-field-row-block wpforms-first wpforms-one-half\"><input type=\"text\" id=\"wpforms-484-field_1\" class=\"wpforms-field-name-first wpforms-field-required\" name=\"wpforms[fields][1][first]\" aria-errormessage=\"wpforms-484-field_1-error\" required><label for=\"wpforms-484-field_1\" class=\"wpforms-field-sublabel after\">F\u00f6rst<\/label><\/div><div class=\"wpforms-field-row-block wpforms-one-half\"><input type=\"text\" id=\"wpforms-484-field_1-last\" class=\"wpforms-field-name-last wpforms-field-required\" name=\"wpforms[fields][1][last]\" aria-errormessage=\"wpforms-484-field_1-last-error\" required><label for=\"wpforms-484-field_1-last\" class=\"wpforms-field-sublabel after\">Sist<\/label><\/div><\/div><\/fieldset><\/div><div id=\"wpforms-484-field_4-container\" class=\"wpforms-field wpforms-field-text\" data-field-id=\"4\"><label class=\"wpforms-field-label\" for=\"wpforms-484-field_4\">F\u00f6retag \/ organisation <span class=\"wpforms-required-label\" aria-hidden=\"true\">*<\/span><\/label><input type=\"text\" id=\"wpforms-484-field_4\" class=\"wpforms-field-medium wpforms-field-required\" name=\"wpforms[fields][4]\" aria-errormessage=\"wpforms-484-field_4-error\" required><\/div><div id=\"wpforms-484-field_15-container\" class=\"wpforms-field wpforms-field-text\" data-field-id=\"15\"><label class=\"wpforms-field-label\" for=\"wpforms-484-field_15\">Organisationsnummer <span class=\"wpforms-required-label\" aria-hidden=\"true\">*<\/span><\/label><input type=\"text\" id=\"wpforms-484-field_15\" class=\"wpforms-field-medium wpforms-field-required\" name=\"wpforms[fields][15]\" aria-errormessage=\"wpforms-484-field_15-error\" required><\/div><div id=\"wpforms-484-field_20-container\" class=\"wpforms-field wpforms-field-text\" data-field-id=\"20\"><label class=\"wpforms-field-label\" for=\"wpforms-484-field_20\">Mottagning \/ ort <span class=\"wpforms-required-label\" aria-hidden=\"true\">*<\/span><\/label><input type=\"text\" id=\"wpforms-484-field_20\" class=\"wpforms-field-medium wpforms-field-required\" name=\"wpforms[fields][20]\" aria-errormessage=\"wpforms-484-field_20-error\" required><\/div><div id=\"wpforms-484-field_13-container\" class=\"wpforms-field wpforms-field-text\" data-field-id=\"13\"><label class=\"wpforms-field-label\" for=\"wpforms-484-field_13\">Yrkesroll <span class=\"wpforms-required-label\" aria-hidden=\"true\">*<\/span><\/label><input type=\"text\" id=\"wpforms-484-field_13\" class=\"wpforms-field-medium wpforms-field-required\" name=\"wpforms[fields][13]\" aria-errormessage=\"wpforms-484-field_13-error\" required><\/div><div id=\"wpforms-484-field_2-container\" class=\"wpforms-field wpforms-field-email\" data-field-id=\"2\"><label class=\"wpforms-field-label\" for=\"wpforms-484-field_2\">E-post (f\u00f6r kursinformation) <span class=\"wpforms-required-label\" aria-hidden=\"true\">*<\/span><\/label><input type=\"email\" id=\"wpforms-484-field_2\" class=\"wpforms-field-medium wpforms-field-required\" name=\"wpforms[fields][2]\" spellcheck=\"false\" aria-errormessage=\"wpforms-484-field_2-error\" required><\/div><div id=\"wpforms-484-field_3-container\" class=\"wpforms-field wpforms-field-text\" data-field-id=\"3\"><label class=\"wpforms-field-label\" for=\"wpforms-484-field_3\">Telefon <span class=\"wpforms-required-label\" aria-hidden=\"true\">*<\/span><\/label><input type=\"text\" id=\"wpforms-484-field_3\" class=\"wpforms-field-medium wpforms-field-required\" name=\"wpforms[fields][3]\" aria-errormessage=\"wpforms-484-field_3-error\" required><\/div><div id=\"wpforms-484-field_6-container\" class=\"wpforms-field wpforms-field-radio\" data-field-id=\"6\"><fieldset><legend class=\"wpforms-field-label\">\u00d6nskad fakturering <span class=\"wpforms-required-label\" aria-hidden=\"true\">*<\/span><\/legend><ul id=\"wpforms-484-field_6\" class=\"wpforms-field-required\"><li class=\"choice-1 depth-1\"><input type=\"radio\" id=\"wpforms-484-field_6_1\" name=\"wpforms[fields][6]\" value=\"Pdf-faktura via e-post\" aria-errormessage=\"wpforms-484-field_6_1-error\" required ><label class=\"wpforms-field-label-inline\" for=\"wpforms-484-field_6_1\">Pdf-faktura via e-post<\/label><\/li><li class=\"choice-3 depth-1\"><input type=\"radio\" id=\"wpforms-484-field_6_3\" name=\"wpforms[fields][6]\" value=\"E-faktura\" aria-errormessage=\"wpforms-484-field_6_3-error\" required ><label class=\"wpforms-field-label-inline\" for=\"wpforms-484-field_6_3\">E-faktura<\/label><\/li><\/ul><\/fieldset><\/div><div id=\"wpforms-484-field_8-container\" class=\"wpforms-field wpforms-field-text\" data-field-id=\"8\"><label class=\"wpforms-field-label\" for=\"wpforms-484-field_8\">E-post faktura\u00e4renden <span class=\"wpforms-required-label\" aria-hidden=\"true\">*<\/span><\/label><input type=\"text\" id=\"wpforms-484-field_8\" class=\"wpforms-field-medium wpforms-field-required\" name=\"wpforms[fields][8]\" aria-errormessage=\"wpforms-484-field_8-error\" required><\/div>\t\t<div id=\"wpforms-484-field_5-container\"\n\t\t\tclass=\"wpforms-field wpforms-field-text\"\n\t\t\tdata-field-type=\"text\"\n\t\t\tdata-field-id=\"5\"\n\t\t\t>\n\t\t\t<label class=\"wpforms-field-label\" for=\"wpforms-484-field_5\" >vid till elektronisk<\/label>\n\t\t\t<input type=\"text\" id=\"wpforms-484-field_5\" class=\"wpforms-field-medium\" name=\"wpforms[fields][5]\" >\n\t\t<\/div>\n\t\t<div id=\"wpforms-484-field_9-container\" class=\"wpforms-field wpforms-field-text\" data-field-id=\"9\"><label class=\"wpforms-field-label\" for=\"wpforms-484-field_9\">Fakturareferens (namn) <span class=\"wpforms-required-label\" aria-hidden=\"true\">*<\/span><\/label><input type=\"text\" id=\"wpforms-484-field_9\" class=\"wpforms-field-medium wpforms-field-required\" name=\"wpforms[fields][9]\" aria-errormessage=\"wpforms-484-field_9-error\" required><\/div><div id=\"wpforms-484-field_11-container\" class=\"wpforms-field wpforms-field-text\" data-field-id=\"11\"><label class=\"wpforms-field-label\" for=\"wpforms-484-field_11\">Elektronisk referens (nummer \/ kod)<\/label><input type=\"text\" id=\"wpforms-484-field_11\" class=\"wpforms-field-medium\" name=\"wpforms[fields][11]\" aria-errormessage=\"wpforms-484-field_11-error\" ><\/div><div id=\"wpforms-484-field_19-container\" class=\"wpforms-field wpforms-field-text\" data-field-id=\"19\"><label class=\"wpforms-field-label\" for=\"wpforms-484-field_19\">Ordernummer (om annat \u00e4n elektronisk referens)<\/label><input type=\"text\" id=\"wpforms-484-field_19\" class=\"wpforms-field-medium\" name=\"wpforms[fields][19]\" aria-errormessage=\"wpforms-484-field_19-error\" ><\/div><div id=\"wpforms-484-field_18-container\" class=\"wpforms-field wpforms-field-text\" data-field-id=\"18\"><label class=\"wpforms-field-label\" for=\"wpforms-484-field_18\">GLN-nummer alt. Peppol ID (obligatoriskt vid E-faktura)<\/label><input type=\"text\" id=\"wpforms-484-field_18\" class=\"wpforms-field-medium\" name=\"wpforms[fields][18]\" aria-errormessage=\"wpforms-484-field_18-error\" ><\/div><script>\n\t\t\t\t( function() {\n\t\t\t\t\tconst style = document.createElement( 'style' );\n\t\t\t\t\tstyle.appendChild( document.createTextNode( '#wpforms-484-field_5-container { position: absolute !important; overflow: hidden !important; display: inline !important; height: 1px !important; width: 1px !important; z-index: -1000 !important; padding: 0 !important; } #wpforms-484-field_5-container input { visibility: hidden; } #wpforms-conversational-form-page #wpforms-484-field_5-container label { counter-increment: none; }' ) );\n\t\t\t\t\tdocument.head.appendChild( style );\n\t\t\t\t\tdocument.currentScript?.remove();\n\t\t\t\t} )();\n\t\t\t<\/script><\/div><!-- .wpforms-field-container --><div class=\"wpforms-submit-container\" ><input type=\"hidden\" name=\"wpforms[id]\" value=\"484\"><input type=\"hidden\" name=\"page_title\" value=\"\"><input type=\"hidden\" name=\"page_url\" value=\"https:\/\/vaccinationsradet.se\/vaccinakademin\/wp-json\/wp\/v2\/pages\/359\"><input type=\"hidden\" name=\"url_referer\" value=\"\"><button type=\"submit\" name=\"wpforms[submit]\" id=\"wpforms-submit-484\" class=\"wpforms-submit\" data-alt-text=\"Skickar \u2026\" data-submit-text=\"Skicka\" aria-live=\"assertive\" value=\"wpforms-submit\">Skicka<\/button><img loading=\"lazy\" decoding=\"async\" src=\"https:\/\/vaccinationsradet.se\/vaccinakademin\/wp-content\/plugins\/wpforms-lite\/assets\/images\/submit-spin.svg\" class=\"wpforms-submit-spinner\" style=\"display: none;\" width=\"26\" height=\"26\" alt=\"Laddar\"><\/div><\/form><\/div>  <!-- .wpforms-container -->","protected":false},"excerpt":{"rendered":"<p>H\u00e4r kan du anm\u00e4la dig till Vaccinakademins olika kurser. Anm\u00e4lan \u00e4r bindande. Faktura skickas ut i samband med anm\u00e4lan. Till alla v\u00e5ra e-utbildningar Till v\u00e5r p\u00e5-plats-utbildning<\/p>\n","protected":false},"author":1,"featured_media":0,"parent":208,"menu_order":0,"comment_status":"closed","ping_status":"closed","template":"","meta":{"_lmt_disableupdate":"no","_lmt_disable":"","footnotes":""},"class_list":["post-359","page","type-page","status-publish","hentry"],"_links":{"self":[{"href":"https:\/\/vaccinationsradet.se\/vaccinakademin\/wp-json\/wp\/v2\/pages\/359","targetHints":{"allow":["GET"]}}],"collection":[{"href":"https:\/\/vaccinationsradet.se\/vaccinakademin\/wp-json\/wp\/v2\/pages"}],"about":[{"href":"https:\/\/vaccinationsradet.se\/vaccinakademin\/wp-json\/wp\/v2\/types\/page"}],"author":[{"embeddable":true,"href":"https:\/\/vaccinationsradet.se\/vaccinakademin\/wp-json\/wp\/v2\/users\/1"}],"replies":[{"embeddable":true,"href":"https:\/\/vaccinationsradet.se\/vaccinakademin\/wp-json\/wp\/v2\/comments?post=359"}],"version-history":[{"count":15,"href":"https:\/\/vaccinationsradet.se\/vaccinakademin\/wp-json\/wp\/v2\/pages\/359\/revisions"}],"predecessor-version":[{"id":1274,"href":"https:\/\/vaccinationsradet.se\/vaccinakademin\/wp-json\/wp\/v2\/pages\/359\/revisions\/1274"}],"up":[{"embeddable":true,"href":"https:\/\/vaccinationsradet.se\/vaccinakademin\/wp-json\/wp\/v2\/pages\/208"}],"wp:attachment":[{"href":"https:\/\/vaccinationsradet.se\/vaccinakademin\/wp-json\/wp\/v2\/media?parent=359"}],"curies":[{"name":"wp","href":"https:\/\/api.w.org\/{rel}","templated":true}]}}