{"id":458,"date":"2025-08-25T11:18:57","date_gmt":"2025-08-25T11:18:57","guid":{"rendered":"https:\/\/vaccinationsradet.se\/vaccinakademin\/?page_id=458"},"modified":"2026-05-13T14:16:18","modified_gmt":"2026-05-13T14:16:18","slug":"reseradet-academy-e-utbildningar","status":"publish","type":"page","link":"https:\/\/vaccinationsradet.se\/vaccinakademin\/utbildning\/reseradet-academy-e-utbildningar\/","title":{"rendered":"Vaccinakademins fallbaserade e-utbildningsprogram"},"content":{"rendered":"\n<figure class=\"wp-block-image size-full\"><img loading=\"lazy\" decoding=\"async\" width=\"1021\" height=\"541\" src=\"https:\/\/vaccinationsradet.se\/vaccinakademin\/wp-content\/uploads\/2025\/10\/kafekontor-1.jpg\" alt=\"\" class=\"wp-image-707\" srcset=\"https:\/\/vaccinationsradet.se\/vaccinakademin\/wp-content\/uploads\/2025\/10\/kafekontor-1.jpg 1021w, https:\/\/vaccinationsradet.se\/vaccinakademin\/wp-content\/uploads\/2025\/10\/kafekontor-1-300x159.jpg 300w, https:\/\/vaccinationsradet.se\/vaccinakademin\/wp-content\/uploads\/2025\/10\/kafekontor-1-768x407.jpg 768w\" sizes=\"auto, (max-width: 709px) 85vw, (max-width: 909px) 67vw, (max-width: 1362px) 62vw, 840px\" \/><\/figure>\n\n\n\n<h2 class=\"wp-block-heading has-text-color has-link-color wp-elements-6ce87e593baa17482b415ace5725f505\" style=\"color:#2b7c08\">Fortbildning i vaccinationer och resemedicin<\/h2>\n\n\n\n<p style=\"font-size:18px\">Genom <strong>Vaccinakademin\u00ae<\/strong> erbjuder Reser\u00e5det kompetensutveckling f\u00f6r h\u00e4lso- och sjukv\u00e5rdspersonal. V\u00e5ra e-utbildningar ing\u00e5r i ett strukturerat, fallbaserat fortbildningsprogram i vaccinationer och resemedicin f\u00f6r vaccinationsverksamma l\u00e4kare och sjuksk\u00f6terskor. Kurserna omfattar hela kunskapsomr\u00e5det \u2013 fr\u00e5n grundl\u00e4ggande vaccinologi och praktisk vaccinationsverksamhet till f\u00f6rdjupning inom de olika vaccinf\u00f6rebyggbara sjukdomarna som kan f\u00f6rebyggas, vaccinationsstrategier och de enskilda vaccinerna.<\/p>\n\n\n\n<p style=\"font-size:18px\">Kurserna kan l\u00e4sas frist\u00e5ende eller som en progression fr\u00e5n grundniv\u00e5 till avancerad f\u00f6rdjupning. Alla utbildningar \u00e4r webbaserade och kan genomf\u00f6ras i egen takt.<\/p>\n\n\n\n<p style=\"font-size:18px\"><strong>Kurserna \u00e4r helt oberoende av l\u00e4kemedelsindustrin och inneh\u00e5ller ingen sponsring eller kommersiell p\u00e5verkan.<\/strong><\/p>\n\n\n\n<hr class=\"wp-block-separator has-alpha-channel-opacity\"\/>\n\n\n\n<h2 class=\"wp-block-heading has-text-color has-link-color wp-elements-54acc621cd3b0b2290ff07fcccd6d47c\" style=\"color:#2b7c08\">Kursformat<\/h2>\n\n\n\n<div class=\"wp-block-columns is-layout-flex wp-container-core-columns-is-layout-9d6595d7 wp-block-columns-is-layout-flex\">\n<div class=\"wp-block-column is-layout-flow wp-block-column-is-layout-flow\">\n<figure class=\"wp-block-image size-full is-style-rounded\"><img loading=\"lazy\" decoding=\"async\" width=\"805\" height=\"675\" src=\"https:\/\/vaccinationsradet.se\/vaccinakademin\/wp-content\/uploads\/2025\/08\/kursformat-1.jpg\" alt=\"\" class=\"wp-image-474\" srcset=\"https:\/\/vaccinationsradet.se\/vaccinakademin\/wp-content\/uploads\/2025\/08\/kursformat-1.jpg 805w, https:\/\/vaccinationsradet.se\/vaccinakademin\/wp-content\/uploads\/2025\/08\/kursformat-1-300x252.jpg 300w, https:\/\/vaccinationsradet.se\/vaccinakademin\/wp-content\/uploads\/2025\/08\/kursformat-1-768x644.jpg 768w\" sizes=\"auto, (max-width: 805px) 85vw, 805px\" \/><\/figure>\n<\/div>\n\n\n\n<div class=\"wp-block-column is-layout-flow wp-block-column-is-layout-flow\">\n<p style=\"font-size:18px\">Samtliga e-utbildningar \u00e4r fallbaserade och genomf\u00f6rs via en modern kursplattform d\u00e4r deltagaren kan studera i egen takt via dator eller mobil. Kurserna inneh\u00e5ller faktatexter, illustrationer, kliniska fall och kunskapskontroller. <\/p>\n<\/div>\n<\/div>\n\n\n\n<p style=\"font-size:18px\">F\u00f6rdjupningsmaterial kan laddas ner f\u00f6r fortsatt anv\u00e4ndning efter kursens slut. Efter godk\u00e4nd kurs erh\u00e5lls ett kursintyg fr\u00e5n Vaccinakademin.<\/p>\n\n\n\n<h2 class=\"wp-block-heading has-text-color has-link-color wp-elements-87ea85ebcf79201f1c61cf63914b73a8\" id=\"grund\" style=\"color:#2b7c08\"><strong>Steg 1: Grund<\/strong><\/h2>\n\n\n\n<p style=\"font-size:20px\"><strong>Introduktion till vaccinationer och praktisk vaccinationsverksamhet<\/strong><\/p>\n\n\n\n<p style=\"font-size:18px\">Dessa kurser ger deltagaren trygghet att sj\u00e4lvst\u00e4ndigt kunna handl\u00e4gga vanliga situationer p\u00e5 en vaccinationsmottagning och veta n\u00e4r man beh\u00f6ver s\u00f6ka r\u00e5d hos mer erfarna kollegor. Fokus ligger p\u00e5 praktisk vaccinationsverksamhet. Kurserna utg\u00f6r ocks\u00e5 en god grund f\u00f6r vidare f\u00f6rdjupning i forts\u00e4ttningskursen.<\/p>\n\n\n\n<h3 class=\"wp-block-heading has-text-align-center has-text-color has-link-color wp-elements-7ed0747c3f7c5609203db223ffa27199\" style=\"color:#2b7c08\">Baskurs f\u00f6r vaccinat\u00f6rer p\u00e5 apotek och bussar <br>(~6 timmar med omedelbar kusstart)<\/h3>\n\n\n\n<div class=\"wp-block-columns is-layout-flex wp-container-core-columns-is-layout-9d6595d7 wp-block-columns-is-layout-flex\">\n<div class=\"wp-block-column is-layout-flow wp-block-column-is-layout-flow\" style=\"flex-basis:33.33%\">\n<figure class=\"wp-block-image size-full is-style-rounded\"><img loading=\"lazy\" decoding=\"async\" width=\"1024\" height=\"683\" src=\"https:\/\/vaccinationsradet.se\/vaccinakademin\/wp-content\/uploads\/2026\/02\/Introbild2.jpg\" alt=\"\" class=\"wp-image-880\" srcset=\"https:\/\/vaccinationsradet.se\/vaccinakademin\/wp-content\/uploads\/2026\/02\/Introbild2.jpg 1024w, https:\/\/vaccinationsradet.se\/vaccinakademin\/wp-content\/uploads\/2026\/02\/Introbild2-300x200.jpg 300w, https:\/\/vaccinationsradet.se\/vaccinakademin\/wp-content\/uploads\/2026\/02\/Introbild2-768x512.jpg 768w\" sizes=\"auto, (max-width: 709px) 85vw, (max-width: 909px) 67vw, (max-width: 1362px) 62vw, 840px\" \/><\/figure>\n<\/div>\n\n\n\n<div class=\"wp-block-column is-layout-flow wp-block-column-is-layout-flow\" style=\"flex-basis:66.66%\">\n<p style=\"font-size:18px\">Kursen \u00e4r utvecklad f\u00f6r vaccinat\u00f6rer p\u00e5 apotek och vaccinationsbussar som beh\u00f6ver en fyllig introduktion till vaccinationer, med fokus p\u00e5 svenska riskgruppsvacciner.<\/p>\n\n\n\n<p style=\"font-size:18px\">Pris: 1 200 kr + moms<br>M\u00e4ngdrabatt f\u00f6r mottagningar \u2013 <a href=\"mailto:reseradet@vaccinationsradet.se\">kontakta oss<\/a><\/p>\n<\/div>\n<\/div>\n\n\n\n<div class=\"wp-block-buttons is-content-justification-center is-layout-flex wp-container-core-buttons-is-layout-16018d1d wp-block-buttons-is-layout-flex\">\n<div class=\"wp-block-button\"><a class=\"wp-block-button__link has-background has-small-font-size has-custom-font-size wp-element-button\" href=\"https:\/\/vaccinationsradet.se\/vaccinakademin\/utbildning\/e-utbildning-baskurs-for-vaccinatorer-pa-apotek-och-bussar\/\" style=\"background-color:#2b7c08\">mer INfo och anm\u00e4lan<\/a><\/div>\n<\/div>\n\n\n\n<hr class=\"wp-block-separator has-alpha-channel-opacity\"\/>\n\n\n\n<h3 class=\"wp-block-heading has-text-align-center has-text-color has-link-color wp-elements-1ba9728333db6f0d77ad4f231add0821\" style=\"color:#2b7c08\">Grundkurs i vaccinationer och reser\u00e5dgivning <br>(~12 timmar med omedelbar kusstart)<\/h3>\n\n\n\n<div class=\"wp-block-columns is-layout-flex wp-container-core-columns-is-layout-9d6595d7 wp-block-columns-is-layout-flex\">\n<div class=\"wp-block-column is-layout-flow wp-block-column-is-layout-flow\" style=\"flex-basis:33.33%\">\n<figure class=\"wp-block-image size-full is-style-rounded\"><img loading=\"lazy\" decoding=\"async\" width=\"908\" height=\"681\" src=\"https:\/\/vaccinationsradet.se\/vaccinakademin\/wp-content\/uploads\/2025\/10\/e-utbildning-1.jpg\" alt=\"\" class=\"wp-image-709\" srcset=\"https:\/\/vaccinationsradet.se\/vaccinakademin\/wp-content\/uploads\/2025\/10\/e-utbildning-1.jpg 908w, https:\/\/vaccinationsradet.se\/vaccinakademin\/wp-content\/uploads\/2025\/10\/e-utbildning-1-300x225.jpg 300w, https:\/\/vaccinationsradet.se\/vaccinakademin\/wp-content\/uploads\/2025\/10\/e-utbildning-1-768x576.jpg 768w\" sizes=\"auto, (max-width: 709px) 85vw, (max-width: 909px) 67vw, (max-width: 1362px) 62vw, 840px\" \/><\/figure>\n<\/div>\n\n\n\n<div class=\"wp-block-column is-layout-flow wp-block-column-is-layout-flow\" style=\"flex-basis:66.66%\">\n<p style=\"font-size:18px\">Grundl\u00e4ggande kunskapsbas om vaccinationer och r\u00e5dgivning till resen\u00e4rer. Kursen t\u00e4cker svenska riskgruppsvacciner, de vanligaste resevaccinerna samt grundl\u00e4ggande principer f\u00f6r reser\u00e5dgivning. <\/p>\n\n\n\n<p style=\"font-size:18px\">Pris: 2 400 kr + moms<br>M\u00e4ngdrabatt f\u00f6r mottagningar \u2013 <a href=\"mailto:reseradet@vaccinationsradet.se\">kontakta oss<\/a><\/p>\n<\/div>\n<\/div>\n\n\n\n<div class=\"wp-block-buttons is-content-justification-center is-layout-flex wp-container-core-buttons-is-layout-16018d1d wp-block-buttons-is-layout-flex\">\n<div class=\"wp-block-button\"><a class=\"wp-block-button__link has-background has-small-font-size has-custom-font-size wp-element-button\" href=\"https:\/\/vaccinationsradet.se\/vaccinakademin\/utbildning\/e-utbildning-introduktionskurs-i-vaccinationer-och-reseradgivning\/\" style=\"background-color:#2b7c08\">mer info och anm\u00e4lan<\/a><\/div>\n<\/div>\n\n\n\n<hr class=\"wp-block-separator has-alpha-channel-opacity\"\/>\n\n\n\n<h2 class=\"wp-block-heading has-text-color has-link-color wp-elements-bea92f1b605b2f78e6083414379ac1ba\" id=\"fortsattning\" style=\"color:#2b7c08\"><strong>Steg 2: Forts\u00e4ttning<\/strong><\/h2>\n\n\n\n<p style=\"font-size:20px\"><strong>F\u00f6rdjupning f\u00f6r sjuksk\u00f6terskor och l\u00e4kare som arbetar regelbundet med vaccinationer och reser\u00e5dgivning.<\/strong><\/p>\n\n\n\n<h3 class=\"wp-block-heading has-text-align-center has-text-color has-link-color wp-elements-37fa2163219d8e889c3ac3c0486d2e7c\" style=\"color:#2b7c08\">Forts\u00e4ttningskurs i vaccinationer och resemedicin <br>(~24 timmar med omedelbar kusstart)<\/h3>\n\n\n\n<div class=\"wp-block-columns is-layout-flex wp-container-core-columns-is-layout-9d6595d7 wp-block-columns-is-layout-flex\">\n<div class=\"wp-block-column is-layout-flow wp-block-column-is-layout-flow\" style=\"flex-basis:33.33%\">\n<figure class=\"wp-block-image size-full is-style-rounded\"><img loading=\"lazy\" decoding=\"async\" width=\"805\" height=\"704\" src=\"https:\/\/vaccinationsradet.se\/vaccinakademin\/wp-content\/uploads\/2025\/08\/E-kurs2.jpg\" alt=\"\" class=\"wp-image-471\" srcset=\"https:\/\/vaccinationsradet.se\/vaccinakademin\/wp-content\/uploads\/2025\/08\/E-kurs2.jpg 805w, https:\/\/vaccinationsradet.se\/vaccinakademin\/wp-content\/uploads\/2025\/08\/E-kurs2-300x262.jpg 300w, https:\/\/vaccinationsradet.se\/vaccinakademin\/wp-content\/uploads\/2025\/08\/E-kurs2-768x672.jpg 768w\" sizes=\"auto, (max-width: 805px) 85vw, 805px\" \/><\/figure>\n<\/div>\n\n\n\n<div class=\"wp-block-column is-layout-flow wp-block-column-is-layout-flow\" style=\"flex-basis:66.66%\">\n<p style=\"font-size:18px\">En mer omfattande kurs som ger den kompetens som kr\u00e4vs f\u00f6r sj\u00e4lvst\u00e4ndigt arbete p\u00e5 vaccinationsmottagning. Kursen behandlar detaljerade vaccinationsprinciper, samtliga vacciner samt malariaprofylax och annan reser\u00e5dgivning.<\/p>\n\n\n\n<p style=\"font-size:18px\">Pris: 4 200 kr + moms<br>M\u00e4ngdrabatt f\u00f6r mottagningar \u2013 <a href=\"mailto:reseradet@vaccinationsradet.se\">kontakta oss<\/a><\/p>\n<\/div>\n<\/div>\n\n\n\n<div class=\"wp-block-buttons is-content-justification-center is-layout-flex wp-container-core-buttons-is-layout-16018d1d wp-block-buttons-is-layout-flex\">\n<div class=\"wp-block-button\"><a class=\"wp-block-button__link has-background has-small-font-size has-custom-font-size wp-element-button\" href=\"https:\/\/vaccinationsradet.se\/vaccinakademin\/utbildning\/e-utbildning-oversiktskurs-i-vaccinationer-och-resemedicin\/\" style=\"background-color:#2b7c08\">mer info och anm\u00e4lan<\/a><\/div>\n<\/div>\n\n\n\n<hr class=\"wp-block-separator has-alpha-channel-opacity\"\/>\n\n\n\n<h2 class=\"wp-block-heading has-text-color has-link-color wp-elements-44a326ee863530a26b4ff22cc69f2b6d\" id=\"fordjupning\" style=\"color:#2b7c08\"><strong>Steg 3: F\u00f6rdjupning<\/strong><\/h2>\n\n\n\n<p style=\"font-size:20px\"><strong>Specialiserade kurser f\u00f6r rutinerade l\u00e4kare och sjuksk\u00f6terskor inom infektion, prim\u00e4rv\u00e5rd, f\u00f6retagsh\u00e4lsov\u00e5rd, barnmedicin och p\u00e5 vaccinationsmottagningar.<\/strong><\/p>\n\n\n\n<div class=\"wp-block-columns is-layout-flex wp-container-core-columns-is-layout-9d6595d7 wp-block-columns-is-layout-flex\">\n<div class=\"wp-block-column is-layout-flow wp-block-column-is-layout-flow\" style=\"flex-basis:33.33%\">\n<figure class=\"wp-block-image size-full is-style-rounded\"><img loading=\"lazy\" decoding=\"async\" width=\"1024\" height=\"921\" src=\"https:\/\/vaccinationsradet.se\/vaccinakademin\/wp-content\/uploads\/2025\/10\/e-utbildning-2-1.jpg\" alt=\"\" class=\"wp-image-711\" srcset=\"https:\/\/vaccinationsradet.se\/vaccinakademin\/wp-content\/uploads\/2025\/10\/e-utbildning-2-1.jpg 1024w, https:\/\/vaccinationsradet.se\/vaccinakademin\/wp-content\/uploads\/2025\/10\/e-utbildning-2-1-300x270.jpg 300w, https:\/\/vaccinationsradet.se\/vaccinakademin\/wp-content\/uploads\/2025\/10\/e-utbildning-2-1-768x691.jpg 768w\" sizes=\"auto, (max-width: 709px) 85vw, (max-width: 909px) 67vw, (max-width: 1362px) 62vw, 840px\" \/><\/figure>\n<\/div>\n\n\n\n<div class=\"wp-block-column is-layout-flow wp-block-column-is-layout-flow\" style=\"flex-basis:66.66%\">\n<p style=\"font-size:18px\">Dessa sinsemellan <strong>kompletterande kurser<\/strong> ger tillsammans den f\u00f6rdjupade kompetens som kr\u00e4vs f\u00f6r sj\u00e4lvst\u00e4ndigt ordinations- och ledningsansvar inom vaccinationsverksamhet och reser\u00e5dgivning.<\/p>\n\n\n\n<p style=\"font-size:18px\"><strong>Vi erbjuder just nu 20% rabatterat pris till deltagare som g\u00e5tt n\u00e5gon av v\u00e5ra steg-2 utbildningar (E-kurs Forts\u00e4ttningskurs eller 2-dagars p\u00e5-plats-kurs) under 2025\/2026.<\/strong><\/p>\n<\/div>\n<\/div>\n\n\n\n<h3 class=\"wp-block-heading has-text-align-center has-text-color has-link-color wp-elements-61bc14fd75cff8f69bbe34772c4fa7a8\" style=\"color:#2b7c08\">F\u00f6rdjupningskurs: Inhemska barn och riskgruppsvacciner<br>(~24 timmar med omedelbar kursstart)<\/h3>\n\n\n\n<p style=\"font-size:18px\">Detaljerad genomg\u00e5ng av vacciner och infektioner i det svenska barnvaccinationsprogrammet samt vaccination av medicinska riskgrupper i svensk vardagssjukv\u00e5rd.<\/p>\n\n\n\n<p style=\"font-size:18px\">Pris: 4 500 kr + moms (rabatterat pris 3 600 kr + moms &#8211; se ovan)<br>M\u00e4ngdrabatt f\u00f6r mottagningar \u2013 <a href=\"mailto:reseradet@vaccinationsradet.se\">kontakta oss<\/a><\/p>\n\n\n\n<div class=\"wp-block-buttons is-content-justification-center is-layout-flex wp-container-core-buttons-is-layout-16018d1d wp-block-buttons-is-layout-flex\">\n<div class=\"wp-block-button\"><a class=\"wp-block-button__link has-background has-small-font-size has-custom-font-size wp-element-button\" href=\"https:\/\/vaccinationsradet.se\/vaccinakademin\/utbildning\/e-utbildning-fordjupningskurs-inhemska-barn-och-riskgruppsvacciner\/\" style=\"background-color:#2b7c08\">mer info och anm\u00e4lan<\/a><\/div>\n<\/div>\n\n\n\n<hr class=\"wp-block-separator has-alpha-channel-opacity\"\/>\n\n\n\n<h3 class=\"wp-block-heading has-text-align-center has-text-color has-link-color wp-elements-4cdc6867f52f18356c17f2ef07b4cf8a\" style=\"color:#2b7c08\">F\u00f6rdjupningskurs: Vaccinologi <br><strong>(<\/strong>~20 timmar med omedelbar kursstart)<\/h3>\n\n\n\n<p style=\"font-size:18px\">F\u00f6rdjupning i vaccinernas biologiska, immunologiska och regulatoriska grunder. Kursen behandlar vacciners utveckling, immunologiska effekter, tillverkning, s\u00e4kerhet och anv\u00e4ndning i modern vaccinationsverksamhet.<\/p>\n\n\n\n<p style=\"font-size:18px\">Pris: 3 400 kr + moms (rabatterat pris 2 700 kr + moms &#8211; se ovan)<br>M\u00e4ngdrabatt f\u00f6r mottagningar \u2013 <a href=\"mailto:reseradet@vaccinationsradet.se\">kontakta oss<\/a><\/p>\n\n\n\n<div class=\"wp-block-buttons is-content-justification-center is-layout-flex wp-container-core-buttons-is-layout-16018d1d wp-block-buttons-is-layout-flex\">\n<div class=\"wp-block-button\"><a class=\"wp-block-button__link has-background has-small-font-size has-custom-font-size wp-element-button\" href=\"https:\/\/vaccinationsradet.se\/vaccinakademin\/utbildning\/e-utbildning-fordjupningskurs-i-vaccinologi\/\" style=\"background-color:#2b7c08\">mer info och anm\u00e4lan<\/a><\/div>\n<\/div>\n\n\n\n<hr class=\"wp-block-separator has-alpha-channel-opacity\"\/>\n\n\n\n<h3 class=\"wp-block-heading has-text-align-center has-text-color has-link-color wp-elements-bea9e589c7b414c74d70edebd60e18a8\" style=\"color:#2b7c08\">F\u00f6rdjupningskurs: <br>Resevacciner och vektorburna infektioner<br>(~20 timmar med omedelbar kusstart)<\/h3>\n\n\n\n<p style=\"font-size:18px\">F\u00f6rdjupning i de infektioner och vacciner som \u00e4r centrala i resemedicin samt principer f\u00f6r riskbed\u00f6mning inf\u00f6r resa, geografiska skillnader i smittrisk och vaccinationsr\u00e5dgivning till olika resen\u00e4rsgrupper.<\/p>\n\n\n\n<p style=\"font-size:18px\">Pris: 3 400 kr + moms (rabatterat pris 2 700 kr + moms &#8211; se ovan)<br>M\u00e4ngdrabatt f\u00f6r mottagningar \u2013 <a href=\"mailto:reseradet@vaccinationsradet.se\">kontakta oss<\/a><\/p>\n\n\n\n<div class=\"wp-block-buttons is-content-justification-center is-layout-flex wp-container-core-buttons-is-layout-16018d1d wp-block-buttons-is-layout-flex\">\n<div class=\"wp-block-button\"><a class=\"wp-block-button__link has-background has-small-font-size has-custom-font-size wp-element-button\" href=\"https:\/\/vaccinationsradet.se\/vaccinakademin\/utbildning\/e-utbildning-resevacciner\/\" style=\"background-color:#2b7c08\">mer info och anm\u00e4lan<\/a><\/div>\n<\/div>\n\n\n\n<hr class=\"wp-block-separator has-alpha-channel-opacity\"\/>\n\n\n\n<h3 class=\"wp-block-heading has-text-align-center has-text-color has-link-color wp-elements-89dfa7d370116ca663f46287b891192f\" style=\"color:#2b7c08\">F\u00f6rdjupningskurs: Malaria <br>(~16 timmar med omedelbar kursstart)<\/h3>\n\n\n\n<p style=\"font-size:18px\">F\u00f6rdjupad genomg\u00e5ng av malaria som biologiskt fenomen, klinisk sjukdom och global infektionsrisk, inklusive epidemiologi, diagnostik, prevention och behandling.<\/p>\n\n\n\n<p style=\"font-size:18px\">Pris: 3 000 kr + moms (rabatterat pris 2 400 kr + moms &#8211; se ovan)<br>M\u00e4ngdrabatt f\u00f6r mottagningar \u2013 <a href=\"mailto:reseradet@vaccinationsradet.se\">kontakta oss<\/a><\/p>\n\n\n\n<div class=\"wp-block-buttons is-content-justification-center is-layout-flex wp-container-core-buttons-is-layout-16018d1d wp-block-buttons-is-layout-flex\">\n<div class=\"wp-block-button\"><a class=\"wp-block-button__link has-background has-small-font-size has-custom-font-size wp-element-button\" href=\"https:\/\/vaccinationsradet.se\/vaccinakademin\/utbildning\/e-utbildning-fordjupningskurs-malaria\/\" style=\"background-color:#2b7c08\">mer info och anm\u00e4lan<\/a><\/div>\n<\/div>\n\n\n\n<hr class=\"wp-block-separator has-alpha-channel-opacity\"\/>\n\n\n\n<h3 class=\"wp-block-heading has-text-align-center has-text-color has-link-color wp-elements-fc361980f330fff0fd4a8dfdc63fddee\" style=\"color:#2b7c08\">Diplomkurs: <strong>Vaccinationer i prim\u00e4rv\u00e5rden<\/strong> <br>(~40 timmar med omedelbar kursstart)<\/h3>\n\n\n\n<p style=\"font-size:18px\"><strong>Den enskilt mest omfattande kursen i Vaccinakademin f\u00f6r l\u00e4kare och sjuksk\u00f6terskor med ordinationsansvar inom prim\u00e4rv\u00e5rden <\/strong><\/p>\n\n\n\n<p style=\"font-size:18px\">Kursen ger inga h\u00f6gskolepo\u00e4ng men omfattar kunskapsomr\u00e5det vaccinationsverksamhet i en omfattning som motsvarar cirka 3 h\u00f6gskolepo\u00e4ng.<\/p>\n\n\n\n<p style=\"font-size:18px\">Kursen, som \u00e4r en syntes av v\u00e5ra <strong>f\u00f6rdjupningskurser i Vaccinologi<\/strong> och <strong>Inhemska barn och riskgruppsvacciner<\/strong>, ger f\u00f6rdjupad kunskap om vaccinationer ur ett svenskt perspektiv och den kompetens som kr\u00e4vs f\u00f6r att arbeta sj\u00e4lvst\u00e4ndigt och patients\u00e4kert med vaccinationsr\u00e5dgivning, ordination och praktisk vaccinationsverksamhet. Fokus ligger p\u00e5 vaccinationer inom det svenska barnvaccinationsprogrammet samt vaccination av medicinska riskgrupper.\u00a0Kursen t\u00e4cker inte resevaccinerna.<\/p>\n\n\n\n<p style=\"font-size:18px\">Pris: 5 600 kr + moms (rabatterat pris 4 400 kr + moms &#8211; se ovan)<br>M\u00e4ngdrabatt f\u00f6r mottagningar \u2013 <a href=\"mailto:reseradet@vaccinationsradet.se\">kontakta oss<\/a><\/p>\n\n\n\n<div class=\"wp-block-buttons is-content-justification-center is-layout-flex wp-container-core-buttons-is-layout-16018d1d wp-block-buttons-is-layout-flex\">\n<div class=\"wp-block-button\"><a class=\"wp-block-button__link has-background has-small-font-size has-custom-font-size wp-element-button\" href=\"https:\/\/vaccinationsradet.se\/vaccinakademin\/utbildning\/e-utbildning-diplomkurs-vaccinationer-i-primarvarden\/\" style=\"background-color:#2b7c08\">mer info och anm\u00e4lan<\/a><\/div>\n<\/div>\n\n\n\n<hr class=\"wp-block-separator has-alpha-channel-opacity\"\/>\n\n\n\n<p class=\"has-text-align-center\" style=\"font-size:18px\"><a href=\"https:\/\/vaccinationsradet.se\/vaccinakademin\/utbildning\/\">Tillbaka till utbildningssidan<\/a><\/p>\n","protected":false},"excerpt":{"rendered":"<p>Fortbildning i vaccinationer och resemedicin Genom Vaccinakademin\u00ae erbjuder Reser\u00e5det kompetensutveckling f\u00f6r h\u00e4lso- och sjukv\u00e5rdspersonal. V\u00e5ra e-utbildningar ing\u00e5r i ett strukturerat, fallbaserat fortbildningsprogram i vaccinationer och resemedicin f\u00f6r vaccinationsverksamma l\u00e4kare och sjuksk\u00f6terskor. Kurserna omfattar hela kunskapsomr\u00e5det \u2013 fr\u00e5n grundl\u00e4ggande vaccinologi och praktisk vaccinationsverksamhet till f\u00f6rdjupning inom de olika vaccinf\u00f6rebyggbara sjukdomarna som kan f\u00f6rebyggas, vaccinationsstrategier och de &hellip; <a href=\"https:\/\/vaccinationsradet.se\/vaccinakademin\/utbildning\/reseradet-academy-e-utbildningar\/\" class=\"more-link\">Forts\u00e4tt l\u00e4sa<span class=\"screen-reader-text\"> \u201dVaccinakademins fallbaserade e-utbildningsprogram\u201d<\/span><\/a><\/p>\n","protected":false},"author":1,"featured_media":0,"parent":208,"menu_order":0,"comment_status":"closed","ping_status":"closed","template":"","meta":{"_lmt_disableupdate":"no","_lmt_disable":"","footnotes":""},"class_list":["post-458","page","type-page","status-publish","hentry"],"_links":{"self":[{"href":"https:\/\/vaccinationsradet.se\/vaccinakademin\/wp-json\/wp\/v2\/pages\/458","targetHints":{"allow":["GET"]}}],"collection":[{"href":"https:\/\/vaccinationsradet.se\/vaccinakademin\/wp-json\/wp\/v2\/pages"}],"about":[{"href":"https:\/\/vaccinationsradet.se\/vaccinakademin\/wp-json\/wp\/v2\/types\/page"}],"author":[{"embeddable":true,"href":"https:\/\/vaccinationsradet.se\/vaccinakademin\/wp-json\/wp\/v2\/users\/1"}],"replies":[{"embeddable":true,"href":"https:\/\/vaccinationsradet.se\/vaccinakademin\/wp-json\/wp\/v2\/comments?post=458"}],"version-history":[{"count":104,"href":"https:\/\/vaccinationsradet.se\/vaccinakademin\/wp-json\/wp\/v2\/pages\/458\/revisions"}],"predecessor-version":[{"id":1398,"href":"https:\/\/vaccinationsradet.se\/vaccinakademin\/wp-json\/wp\/v2\/pages\/458\/revisions\/1398"}],"up":[{"embeddable":true,"href":"https:\/\/vaccinationsradet.se\/vaccinakademin\/wp-json\/wp\/v2\/pages\/208"}],"wp:attachment":[{"href":"https:\/\/vaccinationsradet.se\/vaccinakademin\/wp-json\/wp\/v2\/media?parent=458"}],"curies":[{"name":"wp","href":"https:\/\/api.w.org\/{rel}","templated":true}]}}