{"id":502,"date":"2025-08-25T12:48:52","date_gmt":"2025-08-25T12:48:52","guid":{"rendered":"https:\/\/vaccinationsradet.se\/vaccinakademin\/?page_id=502"},"modified":"2026-05-04T17:56:32","modified_gmt":"2026-05-04T17:56:32","slug":"e-utbildning-oversiktskurs-i-vaccinationer-och-resemedicin","status":"publish","type":"page","link":"https:\/\/vaccinationsradet.se\/vaccinakademin\/utbildning\/e-utbildning-oversiktskurs-i-vaccinationer-och-resemedicin\/","title":{"rendered":"E-utbildning &#8211; Forts\u00e4ttningskurs i vaccinationer och resemedicin"},"content":{"rendered":"\n<figure class=\"wp-block-image size-full\"><img loading=\"lazy\" decoding=\"async\" width=\"1014\" height=\"546\" src=\"https:\/\/vaccinationsradet.se\/vaccinakademin\/wp-content\/uploads\/2025\/08\/oversiktskurs-banner-2.jpg\" alt=\"\" class=\"wp-image-506\" srcset=\"https:\/\/vaccinationsradet.se\/vaccinakademin\/wp-content\/uploads\/2025\/08\/oversiktskurs-banner-2.jpg 1014w, https:\/\/vaccinationsradet.se\/vaccinakademin\/wp-content\/uploads\/2025\/08\/oversiktskurs-banner-2-300x162.jpg 300w, https:\/\/vaccinationsradet.se\/vaccinakademin\/wp-content\/uploads\/2025\/08\/oversiktskurs-banner-2-768x414.jpg 768w\" sizes=\"auto, (max-width: 709px) 85vw, (max-width: 909px) 67vw, (max-width: 1362px) 62vw, 840px\" \/><\/figure>\n\n\n\n<h2 class=\"wp-block-heading has-text-color has-link-color wp-elements-a8f50d2ebe7b3651a4af40e387c6a88b\" style=\"color:#2b7c08\">M\u00e5lgrupp<\/h2>\n\n\n\n<p>L\u00e4kare och sjuksk\u00f6terskor med grundl\u00e4ggande vaccinationskunskap, t.ex. genom deltagande i v\u00e5r <a href=\"https:\/\/vaccinationsradet.se\/vaccinakademin\/utbildning\/e-utbildning-introduktionskurs-i-vaccinationer-och-reseradgivning\/\">grundkurs<\/a>, andra kurser eller praktiskt arbete. Kursen ger en gedigen bas f\u00f6r v\u00e5ra f\u00f6rdjupningskurser.<\/p>\n\n\n\n<h2 class=\"wp-block-heading has-text-color has-link-color wp-elements-6bf1aa3fae32e5be9a493d0f55e386fc\" style=\"color:#2b7c08\">L\u00e4rm\u00e5l<\/h2>\n\n\n\n<p>Kursen syftar till att ge kursdeltagaren n\u00f6dv\u00e4ndig kompetens f\u00f6r att sj\u00e4lvst\u00e4ndigt kunna hantera flertalet fr\u00e5gest\u00e4llningar som kan dyka upp p\u00e5 en vaccinationsmottagning samt veta var man kan h\u00e4mta ytterligare information vid behov. I kursen kommer vi tillbaka till m\u00e5nga omr\u00e5den som behandlades \u00f6versiktligt under introduktionskursen, men nu g\u00e5r vi djupare i detalj och tar steget fr\u00e5n ytlig orientering till djupare kunskap och f\u00f6rst\u00e5else.<\/p>\n\n\n\n<h3 class=\"wp-block-heading has-text-color has-link-color wp-elements-46ccf00954758fc78acfb07a418d38f4\" style=\"color:#2b7c08\">Efter kursen ska du som deltagare:&nbsp;<\/h3>\n\n\n\n<ul class=\"wp-block-list\">\n<li>ha f\u00f6rst\u00e5else f\u00f6r olika vaccintypers verkningsmekanismer samt kunskap om deras olika f\u00f6r- och nackdelar;<\/li>\n\n\n\n<li>ha detaljerad kunskap om hur verksamheten p\u00e5 en vaccinationsmottagning bedrivs och hur man hanterar olika situationer internt och gentemot kunderna;<\/li>\n\n\n\n<li>ha kunskap om de olika sjukdomarna som kan f\u00f6rhindras med vaccination (epidemiologi och sjukdomsbild);<\/li>\n\n\n\n<li>ha detaljerad kunskap om de olika vaccinerna som erbjuds i Sverige (vaccintyp, indikationer, dosering, kontraindikationer, biverkningar och risk-nytta);<\/li>\n\n\n\n<li>ha en f\u00f6rst\u00e5else f\u00f6r andra sjukdomar och h\u00e4lsorisker som resen\u00e4rer kan uts\u00e4ttas f\u00f6r vid l\u00e4ngre utlandsresa \u2013 generellt och per geografisk region;<\/li>\n\n\n\n<li>ha tillr\u00e4cklig kunskap f\u00f6r att ge detaljerade h\u00e4lsor\u00e5d till resen\u00e4rer utifr\u00e5n resm\u00e5l och typ av resen\u00e4r.<\/li>\n<\/ul>\n\n\n\n<h2 class=\"wp-block-heading has-text-color has-link-color wp-elements-54acc621cd3b0b2290ff07fcccd6d47c\" style=\"color:#2b7c08\">Kursformat<\/h2>\n\n\n\n<p>Kursen ges helt online via en av Sveriges st\u00f6rsta e-utbildningsplattformar.. Deltagarna har tillg\u00e5ng till kursplattformen p\u00e5 dator eller smartphone <strong>under 90 dagar<\/strong> och kan under denna tid studera i egen takt och vid behov g\u00e5 tillbaka till tidigare avsnitt f\u00f6r repetition. <\/p>\n\n\n\n<p><strong>Obs! Semesterperioden 15 juni till 15 augusti r\u00e4knas bort fr\u00e5n de 90 dagar som kursen \u00e4r \u00f6ppen f\u00f6r studier.<\/strong><\/p>\n\n\n\n<p>Kursen \u00e4r uppdelad i frist\u00e5ende kursblock, d\u00e4r kunskapen i ett block bygger p\u00e5 tidigare block. D\u00e4rf\u00f6r b\u00f6r kursen studeras i f\u00f6reslagen ordning. Inom varje kursblock finns ett antal avsnitt med faktatexter, illustrationer, fallbeskrivningar, och quiz med flervalsfr\u00e5gor.\u00a0<\/p>\n\n\n\n<p>F\u00f6rdjupningsmaterial i form av pdf-filer kan laddas ner f\u00f6r att anv\u00e4ndas efter kursens slut. Kursen avslutas med ett kunskapsprov som vid behov kan upprepas. Efter godk\u00e4nd kurs erh\u00e5lles ett kursintyg utf\u00e4rdat av Reser\u00e5det Academy.<\/p>\n\n\n\n<h2 class=\"wp-block-heading has-text-color has-link-color wp-elements-1a3d1d46eac4523f6a7379507f2b18bf\" style=\"color:#2b7c08\">Omfattning<\/h2>\n\n\n\n<p>R\u00e4kna med att l\u00e4gga 3 arbetsdagar (cirka 24 timmar) p\u00e5 kursen. Mer tid kan kr\u00e4vas f\u00f6r att tillgodog\u00f6ra sig hela kursens f\u00f6rdjupningsmaterial. Kursen bygger p\u00e5 v\u00e5ra 2-dagarskurser p\u00e5 plats i Stockholm och G\u00f6teborg, men ger m\u00f6jlighet till ytterligare f\u00f6rst\u00e5else genom fallbeskrivningar och egna studier av f\u00f6rdjupningsmaterialet.<\/p>\n\n\n\n<h2 class=\"wp-block-heading has-text-color has-link-color wp-elements-7872ce1d0adc2cf99a24191aa5cc1a9c\" style=\"color:#2b7c08\">Kostnad<\/h2>\n\n\n\n<p>4&nbsp;200 kr plus moms per deltagare inklusive studie- och f\u00f6rdjupningsmaterial. Fakturering sker vid anm\u00e4lan.<\/p>\n\n\n\n<p>M\u00e4ngdrabatt kan erbjudas till mottagningar som vill erbjuda kursen till minst 10 medarbetare. <a href=\"mailto:reseradet@vaccinationsradet.se\">Kontakta oss f\u00f6r pris<\/a><\/p>\n\n\n\n<h2 class=\"wp-block-heading has-text-color has-link-color wp-elements-4b8f1d6ff4cde46e7682d6a29ed0cc23\" style=\"color:#2b7c08\">Kursstart och anm\u00e4lan<\/h2>\n\n\n\n<p>Kursen \u00e4r \u00f6ppen f\u00f6r omedelbar kursstart (ofta tillg\u00e5ng till kursen samma dag).<\/p>\n\n\n\n<div class=\"wp-block-buttons is-content-justification-center is-layout-flex wp-container-core-buttons-is-layout-16018d1d wp-block-buttons-is-layout-flex\">\n<div class=\"wp-block-button\"><a class=\"wp-block-button__link has-background wp-element-button\" href=\"https:\/\/vaccinationsradet.se\/vaccinakademin\/utbildning\/anmalan-e-kurser\/\" style=\"background-color:#2b7c08\">Anm\u00e4l dig h\u00e4r<\/a><\/div>\n<\/div>\n\n\n\n<p class=\"has-text-align-center\" style=\"font-size:18px\"><br><a href=\"https:\/\/vaccinationsradet.se\/vaccinakademin\/utbildning\/reseradet-academy-e-utbildningar\/\">Tillbaka till all v\u00e5ra e-utbildningar<\/a><\/p>\n\n\n\n<h2 class=\"wp-block-heading has-text-color has-link-color wp-elements-1249b807a722bb984d788c549206b250\" style=\"color:#2b7c08\">Kursinneh\u00e5ll<\/h2>\n\n\n\n<h3 class=\"wp-block-heading has-text-color has-link-color wp-elements-1b60a81079f8bf72011d64152078d5c0\" style=\"color:#2b7c08\">Kursblock 1. Vacciner och vaccinimmunologi<\/h3>\n\n\n\n<p>Grunden f\u00f6r djupare resonemang runt vacciner grundas i en f\u00f6rst\u00e5else f\u00f6r hur v\u00e5rt immunf\u00f6rsvar fungerar och hur olika vacciner kan anv\u00e4ndas f\u00f6r att bygga immunitet.<\/p>\n\n\n\n<ul class=\"wp-block-list\">\n<li>Modul 1: Introduktion och kort vaccinhistorik<\/li>\n\n\n\n<li>Modul 2: Medf\u00f6dd och f\u00f6rv\u00e4rvad immunitet<\/li>\n\n\n\n<li>Modul 3: Antikroppsmedierat immunf\u00f6rsvar<\/li>\n\n\n\n<li>Modul 4: Cellf\u00f6rmedlat immunf\u00f6rsvar<\/li>\n\n\n\n<li>Modul 5: Flockimmunitet<\/li>\n\n\n\n<li>Modul 6: Aktiv och passiv immunitet<\/li>\n\n\n\n<li>Modul 7: Olika typer av vacciner<\/li>\n\n\n\n<li>Modul 8: Adjuvans, hj\u00e4lp\u00e4mnen och restprodukter<\/li>\n\n\n\n<li>Modul 9: Bed\u00f6mning av ett vaccins skyddseffekt<\/li>\n<\/ul>\n\n\n\n<h3 class=\"wp-block-heading has-text-color has-link-color wp-elements-ed594766eb0e95336ccf3284ef5eec1b\" style=\"color:#2b7c08\">Kursblock 2. Vaccinationsverksamheten i praktiken<\/h3>\n\n\n\n<p>H\u00e4r tar vi upp flertalet av de fr\u00e5gest\u00e4llningar som man dagligen st\u00e4lls inf\u00f6r p\u00e5 vaccinationsmottagningen vid m\u00f6tet med kunder med olika \u00e5lder, bakgrund, vaccinationshistorik och medicinska tillst\u00e5nd. Och ibland g\u00e5r det fel &#8211; hur hanterar vi d\u00e5 situationen p\u00e5 b\u00e4sta s\u00e4tt?<\/p>\n\n\n\n<ul class=\"wp-block-list\">\n<li>Modul 1: Att vaccinera \u2013 inte bara trycka sprutan i botten<\/li>\n\n\n\n<li>Modul 2: Ordinationsr\u00e4tt och delegering<\/li>\n\n\n\n<li>Modul 3: Injektionsteknik och aseptik<\/li>\n\n\n\n<li>Modul 4: Dosintervall<\/li>\n\n\n\n<li>Modul 5: \u00c5terbes\u00f6k: behov av booster, byta fabrikat<\/li>\n\n\n\n<li>Modul 6: Biverkningar<\/li>\n\n\n\n<li>Modul 7: \u00d6verk\u00e4nslighet och anafylaxi<\/li>\n\n\n\n<li>Modul 8: Vaccination av gravida, immunsupprimerade och andra riskgrupper<\/li>\n\n\n\n<li>Modul 9: N\u00e4r n\u00e5got g\u00e5r fel<\/li>\n<\/ul>\n\n\n\n<h3 class=\"wp-block-heading has-text-color has-link-color wp-elements-9f8a824e613e16472e84ceca65e514a6\" style=\"color:#2b7c08\">Kursblock 3. Vaccinationsprogrammet f\u00f6r barn<\/h3>\n\n\n\n<p>Vaccinationsprogrammet f\u00f6r barn \u00e4r grunden f\u00f6r all vaccinationsverksamhet. Skyddet fr\u00e5n dessa vacciner b\u00e4r vi med oss under m\u00e5nga \u00e5r fram\u00e5t, men vilka \u00e4r sjukdomarna de skyddar emot, och varf\u00f6r just dessa vacciner?<\/p>\n\n\n\n<ul class=\"wp-block-list\">\n<li>Modul 1: Historik<\/li>\n\n\n\n<li>Modul 2: Rotavirus<\/li>\n\n\n\n<li>Modul 3: Difteri, stelkramp, kikhosta (DTP)<\/li>\n\n\n\n<li>Modul 4: Polio<\/li>\n\n\n\n<li>Modul 5: M\u00e4ssling, p\u00e5ssjuka, r\u00f6da hund (MPR)<\/li>\n\n\n\n<li>Modul 6: Haemophilus influenza typ b (Hib)<\/li>\n\n\n\n<li>Modul 7: Hepatit B<\/li>\n\n\n\n<li>Modul 8: Pneumokocker<\/li>\n\n\n\n<li>Modul 9: HPV&nbsp;<\/li>\n\n\n\n<li>Modul 10: Tuberkulos<\/li>\n<\/ul>\n\n\n\n<h3 class=\"wp-block-heading has-text-color has-link-color wp-elements-b6964b527d469764acf3c931cefbe23a\" style=\"color:#2b7c08\">Kursblock 4. Vacciner \u00f6ver livsspannet<\/h3>\n\n\n\n<p>Det finns flera vacciner som inte finns med i barnvaccinationsprogrammet, men som inte \u00e4r mindre viktiga f\u00f6r det. Inte minst n\u00e4r vi blir \u00e4ldre eller tillh\u00f6r en s\u00e4rskilt utsatt riskgrupp.<\/p>\n\n\n\n<ul class=\"wp-block-list\">\n<li>Modul 1: Introduktion och s\u00e4rskilda riskgrupper<\/li>\n\n\n\n<li>Modul 2: Vattkoppor och b\u00e4ltros<\/li>\n\n\n\n<li>Modul 3: TBE<\/li>\n\n\n\n<li>Modul 4: Influensa<\/li>\n\n\n\n<li>Modul 5: Pneumokocker<\/li>\n\n\n\n<li>Modul 6: RSV<\/li>\n\n\n\n<li>Modul 7: Vaccinationstvekan<\/li>\n<\/ul>\n\n\n\n<h3 class=\"wp-block-heading has-text-color has-link-color wp-elements-076d5ab93f6786eab26aff15d148ce46\" style=\"color:#2b7c08\">Kursblock 5. Resevacciner <br>(sjukdomarna och tillg\u00e4ngliga vacciner)<\/h3>\n\n\n\n<p>Nu kommer vi till sjukdomar som \u00e4r ovanliga i Sverige, men som kan utg\u00f6ra antinegn ett allvarligt h\u00e4lsohot eller \u00e5tminstone en f\u00f6rst\u00f6rd semester om man saknar skydd under resan, men vilka \u00e4r det som verkligen beh\u00f6vs?<\/p>\n\n\n\n<ul class=\"wp-block-list\">\n<li>Modul 1: Introduktion<\/li>\n\n\n\n<li>Modul 2: Chikungunya<\/li>\n\n\n\n<li>Modul 3: Denguefeber<\/li>\n\n\n\n<li>Modul 4: Gula febern<\/li>\n\n\n\n<li>Modul 5: Japansk encefalit<\/li>\n\n\n\n<li>Modul 6: ETEC\/Kolera<\/li>\n\n\n\n<li>Modul 7: Tyfoid<\/li>\n\n\n\n<li>Modul 8: Hepatit A<\/li>\n\n\n\n<li>Modul 9: Hepatit B&nbsp;<\/li>\n\n\n\n<li>Modul 10: Meningokocker<\/li>\n\n\n\n<li>Modul 11: Rabies<\/li>\n<\/ul>\n\n\n\n<h3 class=\"wp-block-heading has-text-color has-link-color wp-elements-f051203c9e8fbe8d4f3f57ec29080c2d\" style=\"color:#2b7c08\">Kursblock 6. Skydd mot malaria och andra vektorburna infektioner<\/h3>\n\n\n\n<p>Malaria och andra sjukdomar som sprids av vektorer (myggor, f\u00e4stingar, flugor och andra sm\u00e5kryp) kan vara mycket allvarliga och t.o.m. livshotande och f\u00f6r gravida m\u00e5ste man ocks\u00e5 t\u00e4nka p\u00e5 det of\u00f6dda barnet. H\u00e4r tar vi upp b\u00e5de vanliga och mer ovanliga sjukdomar, d\u00e4r skydd mot bett \u00e4r den viktigaste preventionen.<\/p>\n\n\n\n<ul class=\"wp-block-list\">\n<li>Modul 1: Myggor och andra vektorer<\/li>\n\n\n\n<li>Modul 2: Myggskydd<\/li>\n\n\n\n<li>Modul 3: Malaria<\/li>\n\n\n\n<li>Modul 4: Malariaprofylax och egenbehandling<\/li>\n\n\n\n<li>Modul 5: Zikavirusinfektion<\/li>\n\n\n\n<li>Modul 6: Oropouchefeber<\/li>\n\n\n\n<li>Modul 7: Nilfeber (West Nile fever)<\/li>\n\n\n\n<li>Modul 8: Krim-Kongo-bl\u00f6darfeber<\/li>\n\n\n\n<li>Modul 9: Rift Valley-feber<\/li>\n\n\n\n<li>Modul 10: Ross River feber<\/li>\n\n\n\n<li>Modul 11: Afrikansk s\u00f6mnsjuka<\/li>\n\n\n\n<li>Modul 12: Chagas sjukdom<\/li>\n\n\n\n<li>Modul 13: Schistosomiasis<\/li>\n<\/ul>\n\n\n\n<h3 class=\"wp-block-heading has-text-color has-link-color wp-elements-0ab1ac5184438adbf77cdfc2f11a8d98\" style=\"color:#2b7c08\">Kursblock 7. Riskv\u00e4rdering och allm\u00e4nna reserisker<\/h3>\n\n\n\n<p>Hur &#8217;farligt&#8217; \u00e4r det att resa? Detta block inleds med en diskussion kring risker d\u00e4r vi m\u00e5ste v\u00e4ga sannolikheten mot konsekvensen. Sedan tar vi upp risker som inte \u00e4r infektionsorsakade men som kan vara nog s\u00e5 allvarliga. Vilken information ska vi ge till v\u00e5ra resen\u00e4rer och hur?<\/p>\n\n\n\n<ul class=\"wp-block-list\">\n<li>Modul 1: Kort om risker<\/li>\n\n\n\n<li>Modul 2: Riskmatris: Sannolikhet och konsekvens<\/li>\n\n\n\n<li>Modul 3: Hur m\u00e5nga beh\u00f6ver vaccineras f\u00f6r att f\u00f6rhindra ett fall?<\/li>\n\n\n\n<li>Modul 4: Resl\u00e4ngd och risk<\/li>\n\n\n\n<li>Modul 5: Turistdiarr\u00e9<\/li>\n\n\n\n<li>Modul 6: Trafikolyckor<\/li>\n\n\n\n<li>Modul 7: Olyckor vid bad och simning<\/li>\n\n\n\n<li>Modul 8: Dykarsjuka<\/li>\n\n\n\n<li>Modul 9: H\u00f6gh\u00f6jdsjuka<\/li>\n<\/ul>\n\n\n\n<h3 class=\"wp-block-heading has-text-color has-link-color wp-elements-e9b4b021b8e261bc0a18d88b8d88c46e\" style=\"color:#2b7c08\">Kursblock 8. Sjukdomar, vacciner och h\u00e4lsor\u00e5d per v\u00e4rldsdel<\/h3>\n\n\n\n<p>Resm\u00e5let \u00e4r den viktigaste determinanten f\u00f6r reserisk. H\u00e4r belyser vi reserisker, vaccinationer och r\u00e5dgivning utifr\u00e5n geografi snarare \u00e4n sjukdom med fokus p\u00e5 vad som \u00e4r speciellt f\u00f6r just denna region.<\/p>\n\n\n\n<ul class=\"wp-block-list\">\n<li>Modul 1: Tropiska Afrika<\/li>\n\n\n\n<li>Modul 2: Indien och grannl\u00e4nder&nbsp;<\/li>\n\n\n\n<li>Modul 3: Sydost- och Ostasien<\/li>\n\n\n\n<li>Modul 4: Nordafrika och Mellan\u00f6stern<\/li>\n\n\n\n<li>Modul 5: Balkan, Turkiet och \u00d6steuropa<\/li>\n\n\n\n<li>Modul 6: Sydamerika<\/li>\n\n\n\n<li>Modul 7: Mellanamerika och Karibien<\/li>\n<\/ul>\n\n\n\n<h3 class=\"wp-block-heading has-text-color has-link-color wp-elements-79fa134473f9aef20bd834abcad1f3de\" style=\"color:#2b7c08\">Kursblock 9. Typresen\u00e4rer<\/h3>\n\n\n\n<p>Vi b\u00f6rjar med den vanligaste resen\u00e4rsgruppen (vad alla beh\u00f6ver) och bygger sedan vidare med vad man ytterligare ska t\u00e4nka p\u00e5 n\u00e4r det kommer till lite mer speciella grupper.<\/p>\n\n\n\n<ul class=\"wp-block-list\">\n<li>Modul 1: Sol- och badsemester i tropikerna<\/li>\n\n\n\n<li>Modul 2: Att resa med barn<\/li>\n\n\n\n<li>Modul 3: Backpackers<\/li>\n\n\n\n<li>Modul 4: Resa under graviditet<\/li>\n\n\n\n<li>Modul 5: Eko- och safariturister<\/li>\n\n\n\n<li>Modul 6: Dykresor<\/li>\n\n\n\n<li>Modul 7: Aff\u00e4rsresen\u00e4rer<\/li>\n\n\n\n<li>Modul 8: Mountain trekking<\/li>\n\n\n\n<li>Modul 10: Visiting friends and relatives (VFR)<\/li>\n\n\n\n<li>Modul 11: Pilgrimer \u2013 Hajj och Umrah<\/li>\n\n\n\n<li>Modul 12: Medicinsk personal och bist\u00e5ndsarbetare<\/li>\n\n\n\n<li>Modul 13: Expats<\/li>\n\n\n\n<li>Modul 14: Medicinska turister<\/li>\n\n\n\n<li>Modul 15: Resen\u00e4rer med kroniska sjukdomar<\/li>\n\n\n\n<li>Modul 16: Resen\u00e4rer med immundefekter<\/li>\n<\/ul>\n\n\n\n<h3 class=\"wp-block-heading has-text-color has-link-color wp-elements-1650f87ddc395ba78ccc47e607519ffd\" style=\"color:#2b7c08\">Kursblock 10. Avslutning<\/h3>\n\n\n\n<ul class=\"wp-block-list\">\n<li>Modul 1: Daglig anv\u00e4ndning av Reser\u00e5det Pro och andra internetresurser f\u00f6r att f\u00e5 svar p\u00e5 fr\u00e5gor som dyker upp<\/li>\n\n\n\n<li>Modul 2: Slutprov<\/li>\n\n\n\n<li>Modul 3: Kursutv\u00e4rdering<\/li>\n<\/ul>\n\n\n\n<div class=\"wp-block-buttons is-content-justification-center is-layout-flex wp-container-core-buttons-is-layout-16018d1d wp-block-buttons-is-layout-flex\">\n<div class=\"wp-block-button\"><a class=\"wp-block-button__link has-background wp-element-button\" href=\"https:\/\/vaccinationsradet.se\/vaccinakademin\/utbildning\/anmalan-e-kurser\/\" style=\"background-color:#2b7c08\">Anm\u00e4l dig h\u00e4r<\/a><\/div>\n<\/div>\n\n\n\n<p class=\"has-text-align-center\" style=\"font-size:18px\"><br><a href=\"https:\/\/vaccinationsradet.se\/vaccinakademin\/utbildning\/reseradet-academy-e-utbildningar\/\">Tillbaka till all v\u00e5ra e-utbildningar<\/a><\/p>\n","protected":false},"excerpt":{"rendered":"<p>M\u00e5lgrupp L\u00e4kare och sjuksk\u00f6terskor med grundl\u00e4ggande vaccinationskunskap, t.ex. genom deltagande i v\u00e5r grundkurs, andra kurser eller praktiskt arbete. Kursen ger en gedigen bas f\u00f6r v\u00e5ra f\u00f6rdjupningskurser. L\u00e4rm\u00e5l Kursen syftar till att ge kursdeltagaren n\u00f6dv\u00e4ndig kompetens f\u00f6r att sj\u00e4lvst\u00e4ndigt kunna hantera flertalet fr\u00e5gest\u00e4llningar som kan dyka upp p\u00e5 en vaccinationsmottagning samt veta var man kan h\u00e4mta &hellip; <a href=\"https:\/\/vaccinationsradet.se\/vaccinakademin\/utbildning\/e-utbildning-oversiktskurs-i-vaccinationer-och-resemedicin\/\" class=\"more-link\">Forts\u00e4tt l\u00e4sa<span class=\"screen-reader-text\"> \u201dE-utbildning &#8211; Forts\u00e4ttningskurs i vaccinationer och resemedicin\u201d<\/span><\/a><\/p>\n","protected":false},"author":1,"featured_media":0,"parent":208,"menu_order":0,"comment_status":"closed","ping_status":"closed","template":"","meta":{"_lmt_disableupdate":"no","_lmt_disable":"","footnotes":""},"class_list":["post-502","page","type-page","status-publish","hentry"],"_links":{"self":[{"href":"https:\/\/vaccinationsradet.se\/vaccinakademin\/wp-json\/wp\/v2\/pages\/502","targetHints":{"allow":["GET"]}}],"collection":[{"href":"https:\/\/vaccinationsradet.se\/vaccinakademin\/wp-json\/wp\/v2\/pages"}],"about":[{"href":"https:\/\/vaccinationsradet.se\/vaccinakademin\/wp-json\/wp\/v2\/types\/page"}],"author":[{"embeddable":true,"href":"https:\/\/vaccinationsradet.se\/vaccinakademin\/wp-json\/wp\/v2\/users\/1"}],"replies":[{"embeddable":true,"href":"https:\/\/vaccinationsradet.se\/vaccinakademin\/wp-json\/wp\/v2\/comments?post=502"}],"version-history":[{"count":36,"href":"https:\/\/vaccinationsradet.se\/vaccinakademin\/wp-json\/wp\/v2\/pages\/502\/revisions"}],"predecessor-version":[{"id":1297,"href":"https:\/\/vaccinationsradet.se\/vaccinakademin\/wp-json\/wp\/v2\/pages\/502\/revisions\/1297"}],"up":[{"embeddable":true,"href":"https:\/\/vaccinationsradet.se\/vaccinakademin\/wp-json\/wp\/v2\/pages\/208"}],"wp:attachment":[{"href":"https:\/\/vaccinationsradet.se\/vaccinakademin\/wp-json\/wp\/v2\/media?parent=502"}],"curies":[{"name":"wp","href":"https:\/\/api.w.org\/{rel}","templated":true}]}}