{"id":748,"date":"2025-11-27T15:45:18","date_gmt":"2025-11-27T15:45:18","guid":{"rendered":"https:\/\/vaccinationsradet.se\/vaccinakademin\/?page_id=748"},"modified":"2026-04-14T17:31:59","modified_gmt":"2026-04-14T17:31:59","slug":"e-utbildning-fordjupningskurs-malaria","status":"publish","type":"page","link":"https:\/\/vaccinationsradet.se\/vaccinakademin\/utbildning\/e-utbildning-fordjupningskurs-malaria\/","title":{"rendered":"E-utbildning: F\u00f6rdjupningskurs, malaria"},"content":{"rendered":"\n<figure class=\"wp-block-image size-full\"><img loading=\"lazy\" decoding=\"async\" width=\"1014\" height=\"675\" src=\"https:\/\/vaccinationsradet.se\/vaccinakademin\/wp-content\/uploads\/2025\/08\/oversiktskurs-banner-1.jpg\" alt=\"\" class=\"wp-image-505\" srcset=\"https:\/\/vaccinationsradet.se\/vaccinakademin\/wp-content\/uploads\/2025\/08\/oversiktskurs-banner-1.jpg 1014w, https:\/\/vaccinationsradet.se\/vaccinakademin\/wp-content\/uploads\/2025\/08\/oversiktskurs-banner-1-300x200.jpg 300w, https:\/\/vaccinationsradet.se\/vaccinakademin\/wp-content\/uploads\/2025\/08\/oversiktskurs-banner-1-768x511.jpg 768w\" sizes=\"auto, (max-width: 709px) 85vw, (max-width: 909px) 67vw, (max-width: 1362px) 62vw, 840px\" \/><\/figure>\n\n\n\n<h2 class=\"wp-block-heading has-text-color has-link-color wp-elements-a8f50d2ebe7b3651a4af40e387c6a88b\" style=\"color:#2b7c08\">M\u00e5lgrupp<\/h2>\n\n\n\n<p>Den prim\u00e4ra m\u00e5lgruppen \u00e4r tropikintresserade l\u00e4kare och sjuksk\u00f6terskor. Kursen \u00e4r s\u00e4rkilt l\u00e4mplig f\u00f6r ST-l\u00e4kare i infektion.<\/p>\n\n\n\n<h2 class=\"wp-block-heading has-text-color has-link-color wp-elements-6469b61816e126027cc903b3dc7f79aa\" style=\"color:#2b7c08\">L\u00e4randem\u00e5l<\/h2>\n\n\n\n<p>Kursen syftar till att ge deltagaren en f\u00f6rdjupad och integrerad f\u00f6rst\u00e5else av malaria som biologiskt fenomen, klinisk sjukdom och global folkh\u00e4lsoutmaning. Genom att f\u00f6rdjupad kunskap i parasitologi, patofysiologi, epidemiologi, diagnostik, prevention och behandling ger kursen en helhetsbild av de mekanismer som ligger bakom infektionen, varf\u00f6r vissa individer drabbas h\u00e5rdare och hur sjukdomen ska hanteras i b\u00e5de svensk sjukv\u00e5rd och resemedicinsk praxis, samt f\u00f6rst\u00e5 malaria i ett bredare folkh\u00e4lso- och smittskyddsperspektiv.<\/p>\n\n\n\n<h3 class=\"wp-block-heading has-text-color has-link-color wp-elements-73bf342eba2527eecc7deb8cfb18167b\" style=\"color:#2b7c08\"><strong>Efter genomg\u00e5ngen kursen ska deltagaren kunna:<\/strong>&nbsp;<\/h3>\n\n\n\n<ol class=\"wp-block-list\">\n<li>Redog\u00f6ra f\u00f6r malariaparasitens livscykel och f\u00f6rklara hur olika utvecklingsstadier p\u00e5verkar diagnostik, behandling och profylax.<\/li>\n\n\n\n<li>Skilja mellan de humanpatogena&nbsp;<em>Plasmodium<\/em>-arterna och beskriva deras patogenes, kliniska egenskaper och geografiska utbredning.<\/li>\n\n\n\n<li>F\u00f6rklara mekanismerna bakom sv\u00e5r malaria, inklusive cytoadhesion, sekvestrering, mikrovaskul\u00e4ra st\u00f6rningar och immunologisk dysreglering.<\/li>\n\n\n\n<li>Beskriva immunsvaret vid malaria och resonera kring varf\u00f6r barn, gravida och immunsupprimerade \u00e4r s\u00e4rskilt utsatta grupper.<\/li>\n\n\n\n<li>Analysera globala och regionala epidemiologiska m\u00f6nster f\u00f6r malaria, inklusive vektorbiologi, klimatp\u00e5verkan och urbanisering.<\/li>\n\n\n\n<li>Bed\u00f6ma malaria som rese- och importinfektion och identifiera riskgrupper, s\u00e4rskilt bland svenska resen\u00e4rer och VFR-resen\u00e4rer.<\/li>\n\n\n\n<li>Diagnostisera malaria genom att tolka mikroskopi, snabbtester, PCR och LAMP samt f\u00f6rst\u00e5 metodernas styrkor och begr\u00e4nsningar.<\/li>\n\n\n\n<li>Till\u00e4mpa principer f\u00f6r handl\u00e4ggning av okomplicerad och sv\u00e5r malaria enligt aktuella rekommendationer, inklusive tolkning av parasitemi och laboratoriefynd.<\/li>\n\n\n\n<li>F\u00f6rklara och rekommendera effektiva icke-farmakologiska preventiva \u00e5tg\u00e4rder, s\u00e5som repellenter, myggn\u00e4t och expositionsminskning.<\/li>\n\n\n\n<li>J\u00e4mf\u00f6ra malariaprofylaktiska l\u00e4kemedel och ge individanpassad r\u00e5dgivning utifr\u00e5n resm\u00e5l, resistensl\u00e4ge och personliga riskfaktorer.<\/li>\n\n\n\n<li>Redog\u00f6ra f\u00f6r befintliga och kommande malariavacciner samt deras potentiella roll i prevention och global kontroll.<\/li>\n\n\n\n<li>Diskutera resistensutveckling hos parasit och vektor samt malaria som globalt folkh\u00e4lsoproblem, inklusive h\u00e4lsoekonomiska och systemp\u00e5verkande konsekvenser.<\/li>\n<\/ol>\n\n\n\n<h2 class=\"wp-block-heading has-text-color has-link-color wp-elements-54acc621cd3b0b2290ff07fcccd6d47c\" style=\"color:#2b7c08\">Kursformat<\/h2>\n\n\n\n<p>Kursen ges helt online via en av Sveriges st\u00f6rsta e-utbildningsplattformar.. Deltagarna har tillg\u00e5ng till kursplattformen p\u00e5 dator eller smartphone <strong>under 60 dagar<\/strong> och kan under denna tid studera i egen takt och vid behov g\u00e5 tillbaka till tidigare avsnitt f\u00f6r repetition. Kursen \u00e4r uppdelad i frist\u00e5ende kursblock, d\u00e4r kunskapen i ett block bygger p\u00e5 tidigare block. D\u00e4rf\u00f6r b\u00f6r kursen studeras i f\u00f6reslagen ordning. Inom varje kursblock finns ett antal avsnitt med faktatexter, illustrationer, fallbeskrivningar, och quiz med flervalsfr\u00e5gor.&nbsp;<\/p>\n\n\n\n<p>F\u00f6rdjupningsmaterial i form av pdf-filer kan laddas ner f\u00f6r att anv\u00e4ndas efter kursens slut. Kursen avslutas med ett kunskapsprov som vid behov kan upprepas. Efter godk\u00e4nd kurs erh\u00e5lles ett kursintyg utf\u00e4rdat av Reser\u00e5det Academy.<\/p>\n\n\n\n<h2 class=\"wp-block-heading has-text-color has-link-color wp-elements-1a3d1d46eac4523f6a7379507f2b18bf\" style=\"color:#2b7c08\">Omfattning<\/h2>\n\n\n\n<p>R\u00e4kna med att l\u00e4gga 2-3 arbetsdagar (cirka 16 timmar) p\u00e5 kursen. Mer tid kan kr\u00e4vas f\u00f6r att tillgodog\u00f6ra sig kursens f\u00f6rdjupningsmaterial.<\/p>\n\n\n\n<h2 class=\"wp-block-heading has-text-color has-link-color wp-elements-7872ce1d0adc2cf99a24191aa5cc1a9c\" style=\"color:#2b7c08\">Kostnad<\/h2>\n\n\n\n<p>3 000 kr plus moms per deltagare (rabatterat pris 2 400 kr + moms\u00a0om man g\u00e5tt n\u00e5gon av v\u00e5ra Steg 2-utbildningar under 2025\/2026).<\/p>\n\n\n\n<p>M\u00e4ngdrabatt kan erbjudas till mottagningar som vill erbjuda kursen till minst 5 medarbetare. <a href=\"mailto:reseradet@vaccinationsradet.se\">Kontakta oss f\u00f6r pris.<\/a><\/p>\n\n\n\n<h2 class=\"wp-block-heading has-text-color has-link-color wp-elements-4b8f1d6ff4cde46e7682d6a29ed0cc23\" style=\"color:#2b7c08\">Kursstart och anm\u00e4lan<\/h2>\n\n\n\n<p>Kursen \u00e4r \u00f6ppen f\u00f6r omedelbar kursstart (ofta tillg\u00e5ng till kursen samma dag).<br><\/p>\n\n\n\n<div class=\"wp-block-buttons is-content-justification-center is-layout-flex wp-container-core-buttons-is-layout-16018d1d wp-block-buttons-is-layout-flex\">\n<div class=\"wp-block-button\"><a class=\"wp-block-button__link has-background wp-element-button\" href=\"https:\/\/vaccinationsradet.se\/vaccinakademin\/utbildning\/anmalan-e-kurser\/\" style=\"background-color:#2b7c08\">Anm\u00e4l dig h\u00e4r<\/a><\/div>\n<\/div>\n\n\n\n<p class=\"has-text-align-center\" style=\"font-size:18px\"><br><a href=\"https:\/\/vaccinationsradet.se\/vaccinakademin\/utbildning\/reseradet-academy-e-utbildningar\/\">Tillbaka till all v\u00e5ra e-utbildningar<\/a><br><\/p>\n\n\n\n<h2 class=\"wp-block-heading has-text-color has-link-color wp-elements-1249b807a722bb984d788c549206b250\" style=\"color:#2b7c08\">Kursinneh\u00e5ll<\/h2>\n\n\n\n<h3 class=\"wp-block-heading has-text-color has-link-color wp-elements-6b52e8a33175c070f2d4cf108ad1909a\" style=\"color:#2b7c08\">Kursblock 1. Grundl\u00e4ggande malarialogi<\/h3>\n\n\n\n<ul class=\"wp-block-list\">\n<li>\u00d6versikt och global betydelse<\/li>\n\n\n\n<li>Malariaparasitens livscykel<\/li>\n\n\n\n<li>De humanpatogena&nbsp;Plasmodium-arterna<\/li>\n\n\n\n<li>Patofysiologi<\/li>\n\n\n\n<li>Immunologi och kroppens infektionsbek\u00e4mpning vid malaria<\/li>\n<\/ul>\n\n\n\n<h3 class=\"wp-block-heading has-text-color has-link-color wp-elements-ba53afed580f5ec24a7905d0f6b664e5\" style=\"color:#2b7c08\">Kursblock 2. Epidemiologi<\/h3>\n\n\n\n<ul class=\"wp-block-list\">\n<li>Ekologisk anpassning och klimatberoende spridningsm\u00f6nster<\/li>\n\n\n\n<li>Regional f\u00f6rdelning av malaria och speciesprofil<\/li>\n\n\n\n<li>Malaria som rese- och importinfektion<\/li>\n\n\n\n<li>S\u00e4rskilda riskgrupper f\u00f6r malaria<\/li>\n<\/ul>\n\n\n\n<h3 class=\"wp-block-heading has-text-color has-link-color wp-elements-087c88fab68ad7d2b4a4046e9f24730f\" style=\"color:#2b7c08\">Kursblock 3. Klinisk sjukdom och diagnostik<\/h3>\n\n\n\n<ul class=\"wp-block-list\">\n<li>Okomplicerad malaria<\/li>\n\n\n\n<li>Sv\u00e5r malaria<\/li>\n\n\n\n<li>Diagnostik<\/li>\n<\/ul>\n\n\n\n<h3 class=\"wp-block-heading has-text-color has-link-color wp-elements-c7633517ce7d12ed2146f0a76cd53b5f\" style=\"color:#2b7c08\">Kursblock 4. Malariabehandling i en svensk kontext<\/h3>\n\n\n\n<ul class=\"wp-block-list\">\n<li>L\u00e4kemedel f\u00f6r behandling<\/li>\n\n\n\n<li>Principer f\u00f6r behandling av okomplicerad och sv\u00e5r malaria<\/li>\n\n\n\n<li>Behandling av okomplicerad malaria<\/li>\n\n\n\n<li>Behandling av sv\u00e5r malaria<\/li>\n<\/ul>\n\n\n\n<h3 class=\"wp-block-heading has-text-color has-link-color wp-elements-fb12fac3c7ef05646b5e562a23ef3777\" style=\"color:#2b7c08\">Kursblock 5. Icke-farmakologisk prevention<\/h3>\n\n\n\n<ul class=\"wp-block-list\">\n<li>Malariavektorer<\/li>\n\n\n\n<li>Skyddsstrategier: myggn\u00e4t, repellenter, kl\u00e4der, inomhusskydd<\/li>\n\n\n\n<li>Repellenter: mekanism, effektivitet och milj\u00f6aspekter<\/li>\n<\/ul>\n\n\n\n<h3 class=\"wp-block-heading has-text-color has-link-color wp-elements-b18513dabf345ef3cd2555db67d2cc32\" style=\"color:#2b7c08\">Kursblock 6. L\u00e4kemedelsprofylax och egenbehandling<\/h3>\n\n\n\n<ul class=\"wp-block-list\">\n<li>Allm\u00e4nna \u00f6verv\u00e4ganden<\/li>\n\n\n\n<li>Geografisk riskbed\u00f6mning<\/li>\n\n\n\n<li>Att rekommendera malariaprofylax<\/li>\n\n\n\n<li>Atovakvon\/proguanil<\/li>\n\n\n\n<li>Doxycyklin<\/li>\n\n\n\n<li>Meflokin<\/li>\n\n\n\n<li>Malariaprofylax f\u00f6r s\u00e4rskilda riskgrupper<\/li>\n\n\n\n<li>\u00d6versiktlig rekommendation per v\u00e4rldsdel<\/li>\n\n\n\n<li>Egenbehandling och standby-medicinering<\/li>\n\n\n\n<li>Kommunikation och r\u00e5dgivning kring profylax<\/li>\n<\/ul>\n\n\n\n<h3 class=\"wp-block-heading has-text-color has-link-color wp-elements-a62d303f8179ace65923f18b7c93edb7\" style=\"color:#2b7c08\">Kursblock 7. Malariavacciner<\/h3>\n\n\n\n<ul class=\"wp-block-list\">\n<li>Olika vacciner &#8211; verkningsmekanism och anv\u00e4ndning<\/li>\n<\/ul>\n\n\n\n<h3 class=\"wp-block-heading has-text-color has-link-color wp-elements-240be58e3fd50b9d1fb689490b8560bb\" style=\"color:#2b7c08\">Kursblock 8. Malaria ur ett folkh\u00e4lsoperspektiv<\/h3>\n\n\n\n<ul class=\"wp-block-list\">\n<li>Sociala determinanter: k\u00f6n, fattigdom och migration<\/li>\n\n\n\n<li>H\u00e4lsoekonomiska och ekologiska utmaningar<\/li>\n\n\n\n<li>Globala och nationella initiativ och \u00e5tg\u00e4rder<\/li>\n<\/ul>\n\n\n\n<h3 class=\"wp-block-heading has-text-color has-link-color wp-elements-2443871d673df1c4fe6d09073f43ec63\" style=\"color:#2b7c08\">Kursblock 9. Avslutning<\/h3>\n\n\n\n<ul class=\"wp-block-list\">\n<li>Sammanfattning med implikationer f\u00f6r reser\u00e5dgivning<\/li>\n\n\n\n<li>Slutprov<\/li>\n\n\n\n<li>Kursutv\u00e4rdering och kursintyg<br><\/li>\n<\/ul>\n\n\n\n<div class=\"wp-block-buttons is-content-justification-center is-layout-flex wp-container-core-buttons-is-layout-16018d1d wp-block-buttons-is-layout-flex\">\n<div class=\"wp-block-button\"><a class=\"wp-block-button__link has-background wp-element-button\" href=\"https:\/\/vaccinationsradet.se\/vaccinakademin\/utbildning\/anmalan-e-kurser\/\" style=\"background-color:#2b7c08\">Anm\u00e4l dig h\u00e4r<\/a><\/div>\n<\/div>\n\n\n\n<p class=\"has-text-align-center\" style=\"font-size:18px\"><br><a href=\"https:\/\/vaccinationsradet.se\/vaccinakademin\/utbildning\/reseradet-academy-e-utbildningar\/\">Tillbaka till all v\u00e5ra e-utbildningar<\/a><\/p>\n","protected":false},"excerpt":{"rendered":"<p>M\u00e5lgrupp Den prim\u00e4ra m\u00e5lgruppen \u00e4r tropikintresserade l\u00e4kare och sjuksk\u00f6terskor. Kursen \u00e4r s\u00e4rkilt l\u00e4mplig f\u00f6r ST-l\u00e4kare i infektion. L\u00e4randem\u00e5l Kursen syftar till att ge deltagaren en f\u00f6rdjupad och integrerad f\u00f6rst\u00e5else av malaria som biologiskt fenomen, klinisk sjukdom och global folkh\u00e4lsoutmaning. Genom att f\u00f6rdjupad kunskap i parasitologi, patofysiologi, epidemiologi, diagnostik, prevention och behandling ger kursen en helhetsbild &hellip; <a href=\"https:\/\/vaccinationsradet.se\/vaccinakademin\/utbildning\/e-utbildning-fordjupningskurs-malaria\/\" class=\"more-link\">Forts\u00e4tt l\u00e4sa<span class=\"screen-reader-text\"> \u201dE-utbildning: F\u00f6rdjupningskurs, malaria\u201d<\/span><\/a><\/p>\n","protected":false},"author":1,"featured_media":0,"parent":208,"menu_order":0,"comment_status":"closed","ping_status":"closed","template":"","meta":{"_lmt_disableupdate":"no","_lmt_disable":"","footnotes":""},"class_list":["post-748","page","type-page","status-publish","hentry"],"_links":{"self":[{"href":"https:\/\/vaccinationsradet.se\/vaccinakademin\/wp-json\/wp\/v2\/pages\/748","targetHints":{"allow":["GET"]}}],"collection":[{"href":"https:\/\/vaccinationsradet.se\/vaccinakademin\/wp-json\/wp\/v2\/pages"}],"about":[{"href":"https:\/\/vaccinationsradet.se\/vaccinakademin\/wp-json\/wp\/v2\/types\/page"}],"author":[{"embeddable":true,"href":"https:\/\/vaccinationsradet.se\/vaccinakademin\/wp-json\/wp\/v2\/users\/1"}],"replies":[{"embeddable":true,"href":"https:\/\/vaccinationsradet.se\/vaccinakademin\/wp-json\/wp\/v2\/comments?post=748"}],"version-history":[{"count":14,"href":"https:\/\/vaccinationsradet.se\/vaccinakademin\/wp-json\/wp\/v2\/pages\/748\/revisions"}],"predecessor-version":[{"id":1236,"href":"https:\/\/vaccinationsradet.se\/vaccinakademin\/wp-json\/wp\/v2\/pages\/748\/revisions\/1236"}],"up":[{"embeddable":true,"href":"https:\/\/vaccinationsradet.se\/vaccinakademin\/wp-json\/wp\/v2\/pages\/208"}],"wp:attachment":[{"href":"https:\/\/vaccinationsradet.se\/vaccinakademin\/wp-json\/wp\/v2\/media?parent=748"}],"curies":[{"name":"wp","href":"https:\/\/api.w.org\/{rel}","templated":true}]}}