{"id":867,"date":"2026-02-25T16:01:06","date_gmt":"2026-02-25T16:01:06","guid":{"rendered":"https:\/\/vaccinationsradet.se\/vaccinakademin\/?page_id=867"},"modified":"2026-05-04T17:53:23","modified_gmt":"2026-05-04T17:53:23","slug":"e-utbildning-baskurs-for-vaccinatorer-pa-apotek-och-bussar","status":"publish","type":"page","link":"https:\/\/vaccinationsradet.se\/vaccinakademin\/utbildning\/e-utbildning-baskurs-for-vaccinatorer-pa-apotek-och-bussar\/","title":{"rendered":"E-utbildning \u2013 Baskurs f\u00f6r vaccinat\u00f6rer p\u00e5 apotek och bussar"},"content":{"rendered":"\n<figure class=\"wp-block-image size-full\"><img loading=\"lazy\" decoding=\"async\" width=\"1024\" height=\"615\" src=\"https:\/\/vaccinationsradet.se\/vaccinakademin\/wp-content\/uploads\/2026\/02\/Introbild-1.jpg\" alt=\"\" class=\"wp-image-886\" srcset=\"https:\/\/vaccinationsradet.se\/vaccinakademin\/wp-content\/uploads\/2026\/02\/Introbild-1.jpg 1024w, https:\/\/vaccinationsradet.se\/vaccinakademin\/wp-content\/uploads\/2026\/02\/Introbild-1-300x180.jpg 300w, https:\/\/vaccinationsradet.se\/vaccinakademin\/wp-content\/uploads\/2026\/02\/Introbild-1-768x461.jpg 768w\" sizes=\"auto, (max-width: 709px) 85vw, (max-width: 909px) 67vw, (max-width: 1362px) 62vw, 840px\" \/><\/figure>\n\n\n\n<h2 class=\"wp-block-heading has-text-color has-link-color wp-elements-a8f50d2ebe7b3651a4af40e387c6a88b\" style=\"color:#2b7c08\">M\u00e5lgrupp<\/h2>\n\n\n\n<p>F\u00f6r vaccinat\u00f6rer p\u00e5 apotek och bussar som beh\u00f6ver en grundl\u00e4ggande kunskapsbas om vaccinationer med fokus p\u00e5 de svenska riskgruppsvaccinerna. Kursen \u00e4r l\u00e4mplig b\u00e5de f\u00f6r dig som \u00e4r helt ny men ocks\u00e5 f\u00f6r dig med viss erfarenhet av vaccinationer, men som vill f\u00e5 en mer stabil grund att st\u00e5 p\u00e5 i det dagliga vaccinationsarbetet. Kursen \u00e4r en bra grund f\u00f6r senare mer detaljerade forts\u00e4ttnings- och f\u00f6rdjupningskurser.&nbsp;<\/p>\n\n\n\n<h2 class=\"wp-block-heading has-text-color has-link-color wp-elements-6469b61816e126027cc903b3dc7f79aa\" style=\"color:#2b7c08\">L\u00e4randem\u00e5l<\/h2>\n\n\n\n<p>Kursen syftar till att ge kursdeltagaren trygghet att sj\u00e4lvst\u00e4ndigt kunna handl\u00e4gga vanliga situationer p\u00e5 en vaccinationsmottagning samt veta n\u00e4r man beh\u00f6ver s\u00f6ka r\u00e5d hos andra. Kursens fokus ligger p\u00e5 den praktiska vaccinationsverksamheten.<\/p>\n\n\n\n<p>M\u00e5lgrupp \u00e4r vaccinat\u00f6rer som beh\u00f6ver en grundl\u00e4ggande introduktion till vaccinationsfr\u00e5gor och r\u00e5dgivning. Kursen \u00e4r s\u00e4rskilt l\u00e4mplig f\u00f6r nya vaccinat\u00f6rer samt vaccinat\u00f6rer p\u00e5 apotek och bussar. Kursen \u00e4r ocks\u00e5 en utm\u00e4rkt bakgrund f\u00f6r att senare kunna \u00f6ka sin kompetens i v\u00e5r <a href=\"https:\/\/vaccinationsradet.se\/vaccinakademin\/utbildning\/e-utbildning-oversiktskurs-i-vaccinationer-och-resemedicin\/\">mer djuplodande forts\u00e4ttningskurs<\/a>.<\/p>\n\n\n\n<h3 class=\"wp-block-heading has-text-color has-link-color wp-elements-cc545ff0194e2073470172e8aceba9bd\" style=\"color:#2b7c08\"><strong>Efter kursen ska deltagaren:<\/strong>&nbsp;<\/h3>\n\n\n\n<ul class=\"wp-block-list\">\n<li>kunna redog\u00f6ra f\u00f6r olika vaccintyper och deras f\u00f6r- och nackdelar;<\/li>\n\n\n\n<li>kunna redog\u00f6ra f\u00f6r hur verksamheten p\u00e5 en vaccinationsmottagning bedrivs och hur man hanterar de vanligaste situationerna som kan dyka upp;<\/li>\n\n\n\n<li>ha ing\u00e5ende kunskap om aseptik och vaccinationsteknik;<\/li>\n\n\n\n<li>ha en \u00f6versiktlig f\u00f6rst\u00e5else f\u00f6r de olika sjukdomarna som kan f\u00f6rhindras med vaccination bland barn, ungdomar och vuxna;<\/li>\n\n\n\n<li>kunna redog\u00f6ra f\u00f6r indikationer, kontraindikationer och biverkningar hos de vanligaste vaccinerna som erbjuds i Sverige p\u00e5 flertalet vaccinationsmottagningar med fokus p\u00e5 grundskydd, TBE, influensa, RSV, pneumokocker, vattkoppor och b\u00e4ltros..<\/li>\n<\/ul>\n\n\n\n<h2 class=\"wp-block-heading has-text-color has-link-color wp-elements-54acc621cd3b0b2290ff07fcccd6d47c\" style=\"color:#2b7c08\">Kursformat<\/h2>\n\n\n\n<p>Kursen ges helt online via en av Sveriges st\u00f6rsta e-utbildningsplattformar.. Deltagarna har tillg\u00e5ng till kursplattformen p\u00e5 dator eller smartphone under 30 dagar och kan under denna tid studera i egen takt och vid behov g\u00e5 tillbaka till tidigare avsnitt f\u00f6r repetition. <\/p>\n\n\n\n<p><strong>Obs! Semesterperioden 15 juni till 15 augusti r\u00e4knas bort fr\u00e5n de 30 dagar som kursen \u00e4r \u00f6ppen f\u00f6r studier.<\/strong><\/p>\n\n\n\n<p>Kursen \u00e4r uppdelad i frist\u00e5ende kursblock, d\u00e4r kunskapen i ett block bygger p\u00e5 tidigare block. D\u00e4rf\u00f6r b\u00f6r kursen studeras i f\u00f6reslagen ordning. Inom varje kursblock finns ett antal avsnitt med faktatexter, illustrationer, fallbeskrivningar, och quiz med multiple-choicefr\u00e5gor.\u00a0<\/p>\n\n\n\n<p>F\u00f6rdjupningsmaterial i form av pdf-filer kan laddas ner f\u00f6r att anv\u00e4ndas efter kursens slut. Varke kursblock avslutas med ett kunskapsprov som vid behov kan upprepas. Efter godk\u00e4nd kurs erh\u00e5lles ett kursintyg utf\u00e4rdat av Reser\u00e5det Academy.<\/p>\n\n\n\n<h2 class=\"wp-block-heading has-text-color has-link-color wp-elements-1a3d1d46eac4523f6a7379507f2b18bf\" style=\"color:#2b7c08\">Omfattning<\/h2>\n\n\n\n<p>R\u00e4kna med att l\u00e4gga cirka 6 timmar p\u00e5 kursen. Mer tid kan kr\u00e4vas f\u00f6r att tillgodog\u00f6ra sig kursens f\u00f6rdjupningsmaterial.<\/p>\n\n\n\n<h2 class=\"wp-block-heading has-text-color has-link-color wp-elements-7872ce1d0adc2cf99a24191aa5cc1a9c\" style=\"color:#2b7c08\">Kostnad<\/h2>\n\n\n\n<p>1&nbsp;200 kr plus moms per deltagare inklusive studie- och f\u00f6rdjupningsmaterial. Fakturering sker vid anm\u00e4lan.<\/p>\n\n\n\n<p>M\u00e4ngdrabatt kan erbjudas till mottagningar som vill erbjuda kursen till minst 10 medarbetare. <a href=\"mailto:reseradet@vaccinationsradet.se\">Kontakta oss f\u00f6r pris.<\/a><\/p>\n\n\n\n<h2 class=\"wp-block-heading has-text-color has-link-color wp-elements-4b8f1d6ff4cde46e7682d6a29ed0cc23\" style=\"color:#2b7c08\">Kursstart och anm\u00e4lan<\/h2>\n\n\n\n<p>Kursen \u00e4r \u00f6ppen f\u00f6r omedelbar kursstart (ofta samma dag).<\/p>\n\n\n\n<div class=\"wp-block-buttons is-content-justification-center is-layout-flex wp-container-core-buttons-is-layout-16018d1d wp-block-buttons-is-layout-flex\">\n<div class=\"wp-block-button\"><a class=\"wp-block-button__link has-background has-medium-font-size has-custom-font-size wp-element-button\" href=\"https:\/\/vaccinationsradet.se\/vaccinakademin\/utbildning\/anmalan-e-kurser\/\" style=\"background-color:#2b7c08\">Anm\u00e4l dig h\u00e4r<\/a><\/div>\n<\/div>\n\n\n\n<p class=\"has-text-align-center\" style=\"font-size:18px\"><br><a href=\"https:\/\/vaccinationsradet.se\/vaccinakademin\/utbildning\/reseradet-academy-e-utbildningar\/\">Tillbaka till all v\u00e5ra e-utbildningar<\/a><\/p>\n\n\n\n<h2 class=\"wp-block-heading has-text-color has-link-color wp-elements-1249b807a722bb984d788c549206b250\" style=\"color:#2b7c08\">Kursinneh\u00e5ll<\/h2>\n\n\n\n<h3 class=\"wp-block-heading has-text-color has-link-color wp-elements-771be930414f2fe56de84622ff6f6ef5\" style=\"color:#2b7c08\">Kursblock 1. Vacciner och hur de framkallar ett immunologiskt skydd<\/h3>\n\n\n\n<ul class=\"wp-block-list\">\n<li>Modul 1: Hur vacciner stimulerar immunsystemet<\/li>\n\n\n\n<li>Modul 2: Aktiv och passiv immunitet<\/li>\n\n\n\n<li>Modul 3: Olika typer av vacciner och deras inneh\u00e5ll<\/li>\n\n\n\n<li>Modul 4: Kunskapprov<\/li>\n<\/ul>\n\n\n\n<h3 class=\"wp-block-heading has-text-color has-link-color wp-elements-ed594766eb0e95336ccf3284ef5eec1b\" style=\"color:#2b7c08\">Kursblock 2. Vaccinationsverksamheten i praktiken<\/h3>\n\n\n\n<ul class=\"wp-block-list\">\n<li>Modul 1: Att vaccinera \u2013 inte bara trycka sprutan i botten<\/li>\n\n\n\n<li>Modul 2: Ordinationsr\u00e4tt och delegering<\/li>\n\n\n\n<li>Modul 3: Injektionsteknik och aseptik<\/li>\n\n\n\n<li>Modul 4: Dosintervall<\/li>\n\n\n\n<li>Modul 5: Biverkningar<\/li>\n\n\n\n<li>Modul 5: \u00d6verk\u00e4nslighet och anafylaxi<\/li>\n\n\n\n<li>Modul 6: N\u00e4r n\u00e5got g\u00e5r fel<\/li>\n\n\n\n<li>Modul 7: Kunskapsprov<\/li>\n<\/ul>\n\n\n\n<h3 class=\"wp-block-heading has-text-color has-link-color wp-elements-fa912beb4707950a543ad3f34d45b8d1\" style=\"color:#2b7c08\">Kursblock 3. Riskgruppsvacciner<\/h3>\n\n\n\n<ul class=\"wp-block-list\">\n<li>Modul 1: Barnvaccinationsprogrammet \u2013 en \u00f6versikt<\/li>\n\n\n\n<li>Modul 2: Vaccination av vuxna<\/li>\n\n\n\n<li>Modul 3: Grundvaccination: difteri, stelkramp, kikhosta (DTP)<\/li>\n\n\n\n<li>Modul 4: Grundvaccination: m\u00e4ssling, p\u00e5ssjuka, r\u00f6da hund (MPR)<\/li>\n\n\n\n<li>Modul 5: Vattkoppor och b\u00e4ltros<\/li>\n\n\n\n<li>Modul 6: TBE<\/li>\n\n\n\n<li>Modul 7: Influensa<\/li>\n\n\n\n<li>Modul 8: Pneumokocker<\/li>\n\n\n\n<li>Modul 9: RSV<\/li>\n\n\n\n<li>Modul 10: Vaccinationer av gravida och andra riskgrupper<\/li>\n\n\n\n<li>Modul 11: Kunskapsprov<\/li>\n<\/ul>\n\n\n\n<h3 class=\"wp-block-heading has-text-color has-link-color wp-elements-fe7bd9e5b4c481e9debbdef842472ebb\" style=\"color:#2b7c08\">Kursblock 4. Avslutning<\/h3>\n\n\n\n<ul class=\"wp-block-list\">\n<li>Kursutv\u00e4rdering och kursintyg<\/li>\n<\/ul>\n\n\n\n<div class=\"wp-block-buttons is-content-justification-center is-layout-flex wp-container-core-buttons-is-layout-16018d1d wp-block-buttons-is-layout-flex\">\n<div class=\"wp-block-button\"><a class=\"wp-block-button__link has-white-color has-text-color has-background has-link-color has-medium-font-size has-custom-font-size wp-element-button\" href=\"https:\/\/vaccinationsradet.se\/vaccinakademin\/utbildning\/anmalan-e-kurser\/\" style=\"background-color:#2b7c08\">anm\u00e4l dig h\u00e4r<\/a><\/div>\n<\/div>\n\n\n\n<p class=\"has-text-align-center\" style=\"font-size:18px\"><br><a href=\"https:\/\/vaccinationsradet.se\/vaccinakademin\/utbildning\/reseradet-academy-e-utbildningar\/\">Tillbaka till all v\u00e5ra e-utbildningar<\/a><\/p>\n","protected":false},"excerpt":{"rendered":"<p>M\u00e5lgrupp F\u00f6r vaccinat\u00f6rer p\u00e5 apotek och bussar som beh\u00f6ver en grundl\u00e4ggande kunskapsbas om vaccinationer med fokus p\u00e5 de svenska riskgruppsvaccinerna. Kursen \u00e4r l\u00e4mplig b\u00e5de f\u00f6r dig som \u00e4r helt ny men ocks\u00e5 f\u00f6r dig med viss erfarenhet av vaccinationer, men som vill f\u00e5 en mer stabil grund att st\u00e5 p\u00e5 i det dagliga vaccinationsarbetet. Kursen &hellip; <a href=\"https:\/\/vaccinationsradet.se\/vaccinakademin\/utbildning\/e-utbildning-baskurs-for-vaccinatorer-pa-apotek-och-bussar\/\" class=\"more-link\">Forts\u00e4tt l\u00e4sa<span class=\"screen-reader-text\"> \u201dE-utbildning \u2013 Baskurs f\u00f6r vaccinat\u00f6rer p\u00e5 apotek och bussar\u201d<\/span><\/a><\/p>\n","protected":false},"author":1,"featured_media":0,"parent":208,"menu_order":0,"comment_status":"closed","ping_status":"closed","template":"","meta":{"_lmt_disableupdate":"no","_lmt_disable":"","footnotes":""},"class_list":["post-867","page","type-page","status-publish","hentry"],"_links":{"self":[{"href":"https:\/\/vaccinationsradet.se\/vaccinakademin\/wp-json\/wp\/v2\/pages\/867","targetHints":{"allow":["GET"]}}],"collection":[{"href":"https:\/\/vaccinationsradet.se\/vaccinakademin\/wp-json\/wp\/v2\/pages"}],"about":[{"href":"https:\/\/vaccinationsradet.se\/vaccinakademin\/wp-json\/wp\/v2\/types\/page"}],"author":[{"embeddable":true,"href":"https:\/\/vaccinationsradet.se\/vaccinakademin\/wp-json\/wp\/v2\/users\/1"}],"replies":[{"embeddable":true,"href":"https:\/\/vaccinationsradet.se\/vaccinakademin\/wp-json\/wp\/v2\/comments?post=867"}],"version-history":[{"count":18,"href":"https:\/\/vaccinationsradet.se\/vaccinakademin\/wp-json\/wp\/v2\/pages\/867\/revisions"}],"predecessor-version":[{"id":1293,"href":"https:\/\/vaccinationsradet.se\/vaccinakademin\/wp-json\/wp\/v2\/pages\/867\/revisions\/1293"}],"up":[{"embeddable":true,"href":"https:\/\/vaccinationsradet.se\/vaccinakademin\/wp-json\/wp\/v2\/pages\/208"}],"wp:attachment":[{"href":"https:\/\/vaccinationsradet.se\/vaccinakademin\/wp-json\/wp\/v2\/media?parent=867"}],"curies":[{"name":"wp","href":"https:\/\/api.w.org\/{rel}","templated":true}]}}