{"id":923,"date":"2026-03-09T10:28:26","date_gmt":"2026-03-09T10:28:26","guid":{"rendered":"https:\/\/vaccinationsradet.se\/vaccinakademin\/?page_id=923"},"modified":"2026-04-21T11:33:36","modified_gmt":"2026-04-21T11:33:36","slug":"e-utbildning-diplomkurs-vaccinationer-i-primarvarden","status":"publish","type":"page","link":"https:\/\/vaccinationsradet.se\/vaccinakademin\/utbildning\/e-utbildning-diplomkurs-vaccinationer-i-primarvarden\/","title":{"rendered":"E-utbildning: Diplomkurs Vaccinationer i prim\u00e4rv\u00e5rden"},"content":{"rendered":"\n<figure class=\"wp-block-image size-full\"><img loading=\"lazy\" decoding=\"async\" width=\"1920\" height=\"1080\" src=\"https:\/\/vaccinationsradet.se\/vaccinakademin\/wp-content\/uploads\/2025\/08\/E-learning.webp\" alt=\"\" class=\"wp-image-460\" srcset=\"https:\/\/vaccinationsradet.se\/vaccinakademin\/wp-content\/uploads\/2025\/08\/E-learning.webp 1920w, https:\/\/vaccinationsradet.se\/vaccinakademin\/wp-content\/uploads\/2025\/08\/E-learning-300x169.webp 300w, https:\/\/vaccinationsradet.se\/vaccinakademin\/wp-content\/uploads\/2025\/08\/E-learning-1024x576.webp 1024w, https:\/\/vaccinationsradet.se\/vaccinakademin\/wp-content\/uploads\/2025\/08\/E-learning-768x432.webp 768w, https:\/\/vaccinationsradet.se\/vaccinakademin\/wp-content\/uploads\/2025\/08\/E-learning-1536x864.webp 1536w, https:\/\/vaccinationsradet.se\/vaccinakademin\/wp-content\/uploads\/2025\/08\/E-learning-1200x675.webp 1200w\" sizes=\"auto, (max-width: 709px) 85vw, (max-width: 909px) 67vw, (max-width: 1362px) 62vw, 840px\" \/><\/figure>\n\n\n\n<h2 class=\"wp-block-heading has-text-color has-link-color wp-elements-a8f50d2ebe7b3651a4af40e387c6a88b\" style=\"color:#2b7c08\">M\u00e5lgrupp<\/h2>\n\n\n\n<p>Kursen riktar sig till legitimerade l\u00e4kare och sjuksk\u00f6terskor som arbetar med vaccinationer inom prim\u00e4rv\u00e5rd, barnh\u00e4lsov\u00e5rd eller annan inhemsk vaccinationsverksamhet.<\/p>\n\n\n\n<p>Den \u00e4r s\u00e4rskilt relevant f\u00f6r sjuksk\u00f6terskor i prim\u00e4rv\u00e5rd, distriktssk\u00f6terskor, BVC-sjuksk\u00f6terskor samt sjuksk\u00f6terskor vid vaccinationsmottagningar som arbetar med vaccination inom det svenska barnvaccinationsprogrammet och vaccination av medicinska riskgrupper.<\/p>\n\n\n\n<p>Inneh\u00e5llet \u00e4r utformat med utg\u00e5ngspunkt i de kompetenskrav som anges i Socialstyrelsens f\u00f6reskrifter om ordination och hantering av l\u00e4kemedel i h\u00e4lso- och sjukv\u00e5rden (HSLF-FS 2018:43).&nbsp;Obs! Ansvar f\u00f6r att uppfylla de formella kraven f\u00f6r ordinationsr\u00e4tt enligt g\u00e4llande f\u00f6reskrifter ligger hos arbetsgivaren och den enskilda legitimerade yrkesut\u00f6varen.<\/p>\n\n\n\n<h2 class=\"wp-block-heading has-text-color has-link-color wp-elements-6469b61816e126027cc903b3dc7f79aa\" style=\"color:#2b7c08\">L\u00e4randem\u00e5l<\/h2>\n\n\n\n<p>Kursen syftar till att ge f\u00f6rdjupad kunskap om vaccinationer i prim\u00e4rv\u00e5rden och ge den kompetens som kr\u00e4vs f\u00f6r att kunna arbeta sj\u00e4lvst\u00e4ndigt och patients\u00e4kert med vaccinationsr\u00e5dgivning\/ordination och praktisk vaccinationsverksamhet. Kursen behandlar vaccinationer inom det svenska barnvaccinationsprogrammet samt vaccination av medicinska riskgrupper i Sverige. Resevaccinationer ing\u00e5r inte.<\/p>\n\n\n\n<h2 class=\"wp-block-heading has-text-color has-link-color wp-elements-54acc621cd3b0b2290ff07fcccd6d47c\" style=\"color:#2b7c08\">Kursformat<\/h2>\n\n\n\n<p>Kursen ges helt online via en av Sveriges st\u00f6rsta e-utbildningsplattformar.. Deltagarna har tillg\u00e5ng till kursplattformen p\u00e5 dator eller smartphone <strong>under 90 dagar<\/strong> och kan under denna tid studera i egen takt och vid behov g\u00e5 tillbaka till tidigare avsnitt f\u00f6r repetition. Kursen \u00e4r uppdelad i frist\u00e5ende kursblock, d\u00e4r kunskapen i ett block bygger p\u00e5 tidigare block. D\u00e4rf\u00f6r b\u00f6r kursen studeras i f\u00f6reslagen ordning. Inom varje kursblock finns ett antal avsnitt med faktatexter, illustrationer, fallbeskrivningar, och quiz med flervalsfr\u00e5gor.&nbsp;<\/p>\n\n\n\n<p>F\u00f6rdjupningsmaterial i form av pdf-filer kan laddas ner f\u00f6r att anv\u00e4ndas efter kursens slut. Kursen avslutas med ett kunskapsprov som vid behov kan upprepas. Efter godk\u00e4nd kurs erh\u00e5lles ett kursdiplom utf\u00e4rdat av Reser\u00e5det Academy.<\/p>\n\n\n\n<h2 class=\"wp-block-heading has-text-color has-link-color wp-elements-1a3d1d46eac4523f6a7379507f2b18bf\" style=\"color:#2b7c08\">Omfattning<\/h2>\n\n\n\n<p>Kursen ger inga h\u00f6gskolepo\u00e4ng men omfattar kunskapsomr\u00e5det vaccinationsverksamhet i en omfattning som motsvarar cirka 3 h\u00f6gskolepo\u00e4ng (cirka 40 timmar). <\/p>\n\n\n\n<h2 class=\"wp-block-heading has-text-color has-link-color wp-elements-7872ce1d0adc2cf99a24191aa5cc1a9c\" style=\"color:#2b7c08\">Kostnad<\/h2>\n\n\n\n<p>5 600 kr plus moms per deltagare (rabatterat pris 4 400 kr + moms\u00a0om man g\u00e5tt n\u00e5gon av v\u00e5ra Steg 2-utbildningar under 2025\/2026).<\/p>\n\n\n\n<p>M\u00e4ngdrabatt kan erbjudas till mottagningar som vill erbjuda kursen till minst 10 medarbetare. <a href=\"mailto:reseradet@vaccinationsradet.se\">Kontakta oss f\u00f6r pris.<\/a><\/p>\n\n\n\n<h2 class=\"wp-block-heading has-text-color has-link-color wp-elements-b1ecd1331b4ba6000f76b968f63ec486\" style=\"color:#2b7c08\">Kursstart, platser och anm\u00e4lan<\/h2>\n\n\n\n<p>Kursen \u00e4r \u00f6ppen f\u00f6r omedelbar kursstart (ofta tillg\u00e5ng till kursen samma dag).<br><\/p>\n\n\n\n<div class=\"wp-block-buttons is-content-justification-center is-layout-flex wp-container-core-buttons-is-layout-16018d1d wp-block-buttons-is-layout-flex\">\n<div class=\"wp-block-button\"><a class=\"wp-block-button__link has-background wp-element-button\" href=\"https:\/\/vaccinationsradet.se\/vaccinakademin\/utbildning\/anmalan-e-kurser\/\" style=\"background-color:#2b7c08\">Anm\u00e4l dig h\u00e4r<\/a><\/div>\n<\/div>\n\n\n\n<p class=\"has-text-align-center\" style=\"font-size:18px\"><br><a href=\"https:\/\/vaccinationsradet.se\/vaccinakademin\/utbildning\/reseradet-academy-e-utbildningar\/\">Tillbaka till all v\u00e5ra e-utbildningar<\/a><\/p>\n\n\n\n<h2 class=\"wp-block-heading has-text-color has-link-color wp-elements-1249b807a722bb984d788c549206b250\" style=\"color:#2b7c08\">Kursinneh\u00e5ll<\/h2>\n\n\n\n<p>Kursen, som \u00e4r en syntes av v\u00e5ra tv\u00e5 f\u00f6rdjupningskurser i Vaccinologi respektive Inhemska barn och riskgruppsvacciner, \u00e4r uppbyggd i tematiska moduler som kombinerar faktatexter, kliniska fall och kunskapskontroller. Kursen omfattar bland annat:<\/p>\n\n\n\n<h3 class=\"wp-block-heading has-text-color has-link-color wp-elements-7897c38717318c736c515d0793df2dac\" style=\"color:#2b7c08\">Kursblock 1: <strong>Grundl\u00e4ggande vaccinologi<\/strong><\/h3>\n\n\n\n<ul class=\"wp-block-list\">\n<li>Immunologiska principer<\/li>\n\n\n\n<li>Skyddskorrelat<\/li>\n\n\n\n<li>Vaccintyper<\/li>\n\n\n\n<li>Adjuvanser och vaccinkomponenter<\/li>\n\n\n\n<li>Biverkningar<\/li>\n\n\n\n<li>Allergi och anafylaxi<\/li>\n<\/ul>\n\n\n\n<h3 class=\"wp-block-heading has-text-color has-link-color wp-elements-47c2cad0888c3539cdf879cb78d41238\" style=\"color:#2b7c08\"><strong>Kursblock 2: Vaccinationsprinciper<\/strong><\/h3>\n\n\n\n<ul class=\"wp-block-list\">\n<li>\u00c5ldrar, tidpunkter och catch-up-strategier<\/li>\n\n\n\n<li>Samadministration<\/li>\n\n\n\n<li>Dosintervaller och \u00e5terupptagande av vaccination<\/li>\n\n\n\n<li>Revaccination och p\u00e5fyllnadsdoser<\/li>\n<\/ul>\n\n\n\n<h3 class=\"wp-block-heading has-text-color has-link-color wp-elements-c1f7dddd607912da3ff0cb6239b4415d\" style=\"color:#2b7c08\"><strong>Kursblock 3: S\u00e4ker vaccinhantering<\/strong><\/h3>\n\n\n\n<ul class=\"wp-block-list\">\n<li>Kylkedja, f\u00f6rvaring och hantering<\/li>\n\n\n\n<li>Ordinationsr\u00e4tt och delegering<\/li>\n\n\n\n<li>Aseptik, injektionsteknik och arbetsmilj\u00f6<\/li>\n\n\n\n<li>Anafylaxiberedskap och observation efter vaccination<\/li>\n<\/ul>\n\n\n\n<h3 class=\"wp-block-heading has-text-color has-link-color wp-elements-d805e62e321af08478df6c1c1af7462c\" style=\"color:#2b7c08\"><strong>Kursblock 4: Patientbed\u00f6mning och kommunikation<\/strong><\/h3>\n\n\n\n<ul class=\"wp-block-list\">\n<li>Patientbed\u00f6mning och kontraindikationer<\/li>\n\n\n\n<li>Informerat samtycke<\/li>\n\n\n\n<li>Vaccintvekan<\/li>\n\n\n\n<li>Dokumentation<\/li>\n<\/ul>\n\n\n\n<h3 class=\"wp-block-heading has-text-color has-link-color wp-elements-e3e557e6b729cc1089efd6c3316b00d7\" style=\"color:#2b7c08\"><strong>Kursblock 5: Vaccinf\u00f6rebyggbara sjukdomar och dess vacciner<\/strong><\/h3>\n\n\n\n<ul class=\"wp-block-list\">\n<li>Barnvaccinationsprogrammet (12 sjukdomar)<\/li>\n\n\n\n<li>Riskgruppsvaccinationer (9 sjukdomar)<\/li>\n<\/ul>\n\n\n\n<h3 class=\"wp-block-heading has-text-color has-link-color wp-elements-abf70e39fff7d3d97fdf8f6d530eb53b\" style=\"color:#2b7c08\"><strong>Kursblock 6: Vaccination av s\u00e4rskilda riskgrupper<\/strong><\/h3>\n\n\n\n<ul class=\"wp-block-list\">\n<li>\u00c4ldre<\/li>\n\n\n\n<li>Gravida<\/li>\n\n\n\n<li>Kroniska sjukdomar<\/li>\n\n\n\n<li>Immunosuppression<\/li>\n<\/ul>\n\n\n\n<h3 class=\"wp-block-heading has-text-color has-link-color wp-elements-7e9e9b31f6ced26c537b187159f5c867\" style=\"color:#2b7c08\"><strong>Kursblock 7: Avslutning<\/strong><\/h3>\n\n\n\n<ul class=\"wp-block-list\">\n<li>Examination<\/li>\n\n\n\n<li>Kursutv\u00e4rdering<\/li>\n<\/ul>\n\n\n\n<div class=\"wp-block-buttons is-content-justification-center is-layout-flex wp-container-core-buttons-is-layout-16018d1d wp-block-buttons-is-layout-flex\">\n<div class=\"wp-block-button\"><a class=\"wp-block-button__link has-background wp-element-button\" href=\"https:\/\/vaccinationsradet.se\/vaccinakademin\/utbildning\/anmalan-e-kurser\/\" style=\"background-color:#2b7c08\">Anm\u00e4l dig h\u00e4r<\/a><\/div>\n<\/div>\n\n\n\n<p class=\"has-text-align-center\" style=\"font-size:18px\"><br><a href=\"https:\/\/vaccinationsradet.se\/vaccinakademin\/utbildning\/reseradet-academy-e-utbildningar\/\">Tillbaka till all v\u00e5ra e-utbildningar<\/a><\/p>\n","protected":false},"excerpt":{"rendered":"<p>M\u00e5lgrupp Kursen riktar sig till legitimerade l\u00e4kare och sjuksk\u00f6terskor som arbetar med vaccinationer inom prim\u00e4rv\u00e5rd, barnh\u00e4lsov\u00e5rd eller annan inhemsk vaccinationsverksamhet. Den \u00e4r s\u00e4rskilt relevant f\u00f6r sjuksk\u00f6terskor i prim\u00e4rv\u00e5rd, distriktssk\u00f6terskor, BVC-sjuksk\u00f6terskor samt sjuksk\u00f6terskor vid vaccinationsmottagningar som arbetar med vaccination inom det svenska barnvaccinationsprogrammet och vaccination av medicinska riskgrupper. Inneh\u00e5llet \u00e4r utformat med utg\u00e5ngspunkt i de kompetenskrav &hellip; <a href=\"https:\/\/vaccinationsradet.se\/vaccinakademin\/utbildning\/e-utbildning-diplomkurs-vaccinationer-i-primarvarden\/\" class=\"more-link\">Forts\u00e4tt l\u00e4sa<span class=\"screen-reader-text\"> \u201dE-utbildning: Diplomkurs Vaccinationer i prim\u00e4rv\u00e5rden\u201d<\/span><\/a><\/p>\n","protected":false},"author":1,"featured_media":0,"parent":208,"menu_order":0,"comment_status":"closed","ping_status":"closed","template":"","meta":{"_lmt_disableupdate":"no","_lmt_disable":"","footnotes":""},"class_list":["post-923","page","type-page","status-publish","hentry"],"_links":{"self":[{"href":"https:\/\/vaccinationsradet.se\/vaccinakademin\/wp-json\/wp\/v2\/pages\/923","targetHints":{"allow":["GET"]}}],"collection":[{"href":"https:\/\/vaccinationsradet.se\/vaccinakademin\/wp-json\/wp\/v2\/pages"}],"about":[{"href":"https:\/\/vaccinationsradet.se\/vaccinakademin\/wp-json\/wp\/v2\/types\/page"}],"author":[{"embeddable":true,"href":"https:\/\/vaccinationsradet.se\/vaccinakademin\/wp-json\/wp\/v2\/users\/1"}],"replies":[{"embeddable":true,"href":"https:\/\/vaccinationsradet.se\/vaccinakademin\/wp-json\/wp\/v2\/comments?post=923"}],"version-history":[{"count":10,"href":"https:\/\/vaccinationsradet.se\/vaccinakademin\/wp-json\/wp\/v2\/pages\/923\/revisions"}],"predecessor-version":[{"id":1258,"href":"https:\/\/vaccinationsradet.se\/vaccinakademin\/wp-json\/wp\/v2\/pages\/923\/revisions\/1258"}],"up":[{"embeddable":true,"href":"https:\/\/vaccinationsradet.se\/vaccinakademin\/wp-json\/wp\/v2\/pages\/208"}],"wp:attachment":[{"href":"https:\/\/vaccinationsradet.se\/vaccinakademin\/wp-json\/wp\/v2\/media?parent=923"}],"curies":[{"name":"wp","href":"https:\/\/api.w.org\/{rel}","templated":true}]}}